{"id":6033,"date":"2026-01-27T22:46:27","date_gmt":"2026-01-27T21:46:27","guid":{"rendered":"https:\/\/clements-store.at\/?page_id=6033"},"modified":"2026-05-03T17:41:58","modified_gmt":"2026-05-03T15:41:58","slug":"imprint","status":"publish","type":"page","link":"https:\/\/clements-store.at\/en\/imprint\/","title":{"rendered":"Imprint"},"content":{"rendered":"<div data-elementor-type=\"wp-page\" data-elementor-id=\"6033\" class=\"elementor elementor-6033\" data-elementor-post-type=\"page\">\n\t\t\t\t<div class=\"elementor-element elementor-element-84e39d5 e-flex e-con-boxed e-con e-parent\" data-id=\"84e39d5\" data-element_type=\"container\" data-no-translation=\"\">\n\t\t\t\t\t<div class=\"e-con-inner\">\n\t\t\t\t<div class=\"elementor-element elementor-element-7a611f1 elementor-widget__width-initial elementor-widget elementor-widget-heading\" data-id=\"7a611f1\" data-element_type=\"widget\" data-widget_type=\"heading.default\">\n\t\t\t\t<div class=\"elementor-widget-container\">\n\t\t\t<h2 class=\"elementor-heading-title elementor-size-default\">Imprint<\/h2>\t\t<\/div>\n\t\t\t\t<\/div>\n\t\t<div class=\"elementor-element elementor-element-43e8956 e-con-full e-flex e-con e-child\" data-id=\"43e8956\" data-element_type=\"container\">\n\t\t\t\t<div class=\"elementor-element elementor-element-b39df9c elementor-widget__width-initial elementor-widget elementor-widget-text-editor\" data-id=\"b39df9c\" data-element_type=\"widget\" data-widget_type=\"text-editor.default\">\n\t\t\t\t<div class=\"elementor-widget-container\">\n\t\t\t\t\t\t\t<p><strong>Information pursuant to \u00a7 5 of the E-Commerce Act (ECG)<br \/><\/strong> <strong>Website operator:<\/strong> <br \/>Irena Klementov\u00e1, Clement&#8217;s Store<br \/><span style=\"font-size: 16px;\">Sevastopolsk\u00e1 348\/7, 625 00, Brno &#8211; Star\u00fd L\u00edskovec<\/span><\/p><p><strong>Contact:<\/strong> <br \/>Email: <a class=\"underline underline underline-offset-2 decoration-1 decoration-current\/40 hover:decoration-current focus:decoration-current\" href=\"mailto:info@clements-store.at\">info@clements-store.at<\/a> <br \/>Phone: +420 728 748 370 <br \/><strong>Business activity:<\/strong> <br \/>Retail trade in goods (in particular collectibles and research products) <br \/><strong>Trade licence details:<\/strong><br \/>Personal identification number: 29495377 <br \/>Date of trade licence registration: 15.04.2026<br \/>Authority pursuant to \u00a7 71 para. 2 of the Trade Licensing Act of Municipal Authority of the City of Brno. <br \/>Business is conducted on the basis of a Czech trade licence in accordance with the statements of the Czech and Austrian tax authorities. <br \/>Membership in the Austrian Federal Economic Chamber (WKO) is not required. <br \/><strong>Tax note:<\/strong> <br \/>Micro-entrepreneur, not registered for VAT. VAT is neither charged nor declared. <br \/><strong>Product liability notice:<br \/><\/strong> Clement&#8217;s Store products are intended exclusively for collecting, research and scientific purposes. Ingestion or consumption is expressly not recommended. The operator assumes no liability for damages arising from improper use of the products. The buyer is solely responsible for compliance with the laws and regulations applicable in their country. <br \/><strong>Copyright:<\/strong> <br \/>All content on this website (texts, images, graphics) is subject to Austrian copyright law. Reproduction, modification or distribution requires the written consent of the operator. Downloading and copying is permitted exclusively for private, non-commercial purposes.<br \/><strong>Liability for external links:<\/strong><br \/>This website contains links to external third-party websites. Despite careful review, we assume no responsibility for their content. Responsibility for the content of linked pages lies solely with their respective operators. Privacy policy: Information on the processing of personal data can be found in our Privacy Policy at: <a class=\"underline underline underline-offset-2 decoration-1 decoration-current\/40 hover:decoration-current focus:decoration-current\" href=\"https:\/\/clements-store.at\/en\/privacy-policy\/\">https:\/\/clements-store.at\/en\/privacy-policy\/<\/a> <br \/><strong>Person responsible for content:<\/strong><br \/>Irena Klementov\u00e1 (address as above)<\/p>\t\t\t\t\t\t<\/div>\n\t\t\t\t<\/div>\n\t\t\t\t<\/div>\n\t\t\t\t\t<\/div>\n\t\t\t\t<\/div>\n\t\t\t\t<\/div>","protected":false},"excerpt":{"rendered":"<p>Impressum \u00dadaje dle \u00a7 5 z\u00e1kona o elektronick\u00e9m obchodu (ECG) Provozovatelka webu: Irena Klementov\u00e1, Clement&#8217;s StoreSevastopolsk\u00e1 348\/7, 625 00, Brno &#8211; Star\u00fd L\u00edskovec Kontakt: E-mail: info@clements-store.at Tel.: +420 728 748 370 P\u0159edm\u011bt podnik\u00e1n\u00ed: Maloobchod se zbo\u017e\u00edm (zejm\u00e9na sb\u011bratelsk\u00e9 p\u0159edm\u011bty a v\u00fdzkumn\u00e9 produkty) \u017divnostensk\u00e9 \u00fadaje: Identifika\u010dn\u00ed \u010d\u00edslo fyzick\u00e9 osoby: 29495377Datum registrace \u017eivnosti: 15.04.2026 \u00da\u0159ad p\u0159\u00edslu\u0161n\u00fd podle [&hellip;]<\/p>","protected":false},"author":1,"featured_media":0,"parent":0,"menu_order":0,"comment_status":"closed","ping_status":"closed","template":"","meta":{"inline_featured_image":false,"site-sidebar-layout":"no-sidebar","site-content-layout":"page-builder","ast-site-content-layout":"full-width-container","site-content-style":"default","site-sidebar-style":"default","ast-global-header-display":"","ast-banner-title-visibility":"","ast-main-header-display":"","ast-hfb-above-header-display":"","ast-hfb-below-header-display":"","ast-hfb-mobile-header-display":"","site-post-title":"disabled","ast-breadcrumbs-content":"","ast-featured-img":"disabled","footer-sml-layout":"","theme-transparent-header-meta":"","adv-header-id-meta":"","stick-header-meta":"","header-above-stick-meta":"","header-main-stick-meta":"","header-below-stick-meta":"","astra-migrate-meta-layouts":"set","ast-page-background-enabled":"default","ast-page-background-meta":{"desktop":{"background-color":"var(--ast-global-color-4)","background-image":"","background-repeat":"repeat","background-position":"center center","background-size":"auto","background-attachment":"scroll","background-type":"","background-media":"","overlay-type":"","overlay-color":"","overlay-opacity":"","overlay-gradient":""},"tablet":{"background-color":"","background-image":"","background-repeat":"repeat","background-position":"center center","background-size":"auto","background-attachment":"scroll","background-type":"","background-media":"","overlay-type":"","overlay-color":"","overlay-opacity":"","overlay-gradient":""},"mobile":{"background-color":"","background-image":"","background-repeat":"repeat","background-position":"center center","background-size":"auto","background-attachment":"scroll","background-type":"","background-media":"","overlay-type":"","overlay-color":"","overlay-opacity":"","overlay-gradient":""}},"ast-content-background-meta":{"desktop":{"background-color":"var(--ast-global-color-5)","background-image":"","background-repeat":"repeat","background-position":"center center","background-size":"auto","background-attachment":"scroll","background-type":"","background-media":"","overlay-type":"","overlay-color":"","overlay-opacity":"","overlay-gradient":""},"tablet":{"background-color":"var(--ast-global-color-5)","background-image":"","background-repeat":"repeat","background-position":"center center","background-size":"auto","background-attachment":"scroll","background-type":"","background-media":"","overlay-type":"","overlay-color":"","overlay-opacity":"","overlay-gradient":""},"mobile":{"background-color":"var(--ast-global-color-5)","background-image":"","background-repeat":"repeat","background-position":"center center","background-size":"auto","background-attachment":"scroll","background-type":"","background-media":"","overlay-type":"","overlay-color":"","overlay-opacity":"","overlay-gradient":""}},"footnotes":""},"class_list":["post-6033","page","type-page","status-publish","hentry"],"_links":{"self":[{"href":"https:\/\/clements-store.at\/en\/wp-json\/wp\/v2\/pages\/6033","targetHints":{"allow":["GET"]}}],"collection":[{"href":"https:\/\/clements-store.at\/en\/wp-json\/wp\/v2\/pages"}],"about":[{"href":"https:\/\/clements-store.at\/en\/wp-json\/wp\/v2\/types\/page"}],"author":[{"embeddable":true,"href":"https:\/\/clements-store.at\/en\/wp-json\/wp\/v2\/users\/1"}],"replies":[{"embeddable":true,"href":"https:\/\/clements-store.at\/en\/wp-json\/wp\/v2\/comments?post=6033"}],"version-history":[{"count":25,"href":"https:\/\/clements-store.at\/en\/wp-json\/wp\/v2\/pages\/6033\/revisions"}],"predecessor-version":[{"id":6848,"href":"https:\/\/clements-store.at\/en\/wp-json\/wp\/v2\/pages\/6033\/revisions\/6848"}],"wp:attachment":[{"href":"https:\/\/clements-store.at\/en\/wp-json\/wp\/v2\/media?parent=6033"}],"curies":[{"name":"wp","href":"https:\/\/api.w.org\/{rel}","templated":true}]}}