{"id":1659,"date":"2024-09-28T11:53:44","date_gmt":"2024-09-28T11:53:44","guid":{"rendered":"https:\/\/clements-store.at\/?page_id=1659"},"modified":"2026-02-01T00:07:38","modified_gmt":"2026-01-31T23:07:38","slug":"laboratory-tests","status":"publish","type":"page","link":"https:\/\/clements-store.at\/en\/laboratory-tests\/","title":{"rendered":"Laboratory tests"},"content":{"rendered":"<div data-elementor-type=\"wp-page\" data-elementor-id=\"1659\" class=\"elementor elementor-1659\" data-elementor-post-type=\"page\">\n\t\t\t\t<div class=\"elementor-element elementor-element-167dfa0 about_heading e-flex e-con-boxed e-con e-parent\" data-id=\"167dfa0\" data-element_type=\"container\" data-settings=\"{&quot;background_background&quot;:&quot;classic&quot;}\">\n\t\t\t\t\t<div class=\"e-con-inner\">\n\t\t<div class=\"elementor-element elementor-element-0476424 e-con-full e-flex e-con e-child\" data-id=\"0476424\" data-element_type=\"container\">\n\t\t<div class=\"elementor-element elementor-element-f8a4730 e-con-full e-flex e-con e-child\" data-id=\"f8a4730\" data-element_type=\"container\">\n\t\t\t\t<div class=\"elementor-element elementor-element-ef8fb1e elementor-align-left elementor-widget elementor-widget-woolentor-breadcrumbs-addons\" data-id=\"ef8fb1e\" data-element_type=\"widget\" data-widget_type=\"woolentor-breadcrumbs-addons.default\">\n\t\t\t\t<div class=\"elementor-widget-container\">\n\t\t\t<div class=\"woolentor-breadcrumb\"><nav class=\"woocommerce-breadcrumb\" data-no-translation=\"\" data-trp-gettext=\"\">Home<\/nav><\/div>\t\t<\/div>\n\t\t\t\t<\/div>\n\t\t\t\t<div class=\"elementor-element elementor-element-a33c996 elementor-widget elementor-widget-heading\" data-id=\"a33c996\" data-element_type=\"widget\" data-widget_type=\"heading.default\">\n\t\t\t\t<div class=\"elementor-widget-container\">\n\t\t\t<h1 class=\"elementor-heading-title elementor-size-default\">Laboratory tests KRATOM<\/h1>\t\t<\/div>\n\t\t\t\t<\/div>\n\t\t\t\t<\/div>\n\t\t\t\t<\/div>\n\t\t\t\t\t<\/div>\n\t\t\t\t<\/div>\n\t\t<div class=\"elementor-element elementor-element-cc0ab22 e-flex e-con-boxed e-con e-parent\" data-id=\"cc0ab22\" data-element_type=\"container\">\n\t\t\t\t\t<div class=\"e-con-inner\">\n\t\t\t\t<div class=\"elementor-element elementor-element-65e9af6 elementor-widget elementor-widget-spacer\" data-id=\"65e9af6\" data-element_type=\"widget\" data-widget_type=\"spacer.default\">\n\t\t\t\t<div class=\"elementor-widget-container\">\n\t\t\t\t\t<div class=\"elementor-spacer\">\n\t\t\t<div class=\"elementor-spacer-inner\"><\/div>\n\t\t<\/div>\n\t\t\t\t<\/div>\n\t\t\t\t<\/div>\n\t\t\t\t<div class=\"elementor-element elementor-element-1f7a35f elementor-widget elementor-widget-text-editor\" data-id=\"1f7a35f\" data-element_type=\"widget\" data-widget_type=\"text-editor.default\">\n\t\t\t\t<div class=\"elementor-widget-container\">\n\t\t\t\t\t\t\t<p><span class=\"wsw-02\">When choosing a supplier, it is always essential for us\u00a0<strong>quality control<\/strong>\u00a0- initially on paper and then in practice with \u201eown eyes\u201c. If a potential supplier is unable to deliver\u00a0<strong>current lab tests with his name in the original file<\/strong>, so we're not even dealing with him anymore. After importing kratom from Indonesia, we test the powder ourselves in Czech laboratories.\u00a0<strong>You can see the sponsor's name on the lab tests\u00a0<\/strong><\/span><span class=\"wsw-34\"><strong>Czech Wholesale Botanicals s.r.o.<\/strong><\/span><span class=\"wsw-02\">\u00a0<strong>-<\/strong>\u00a0<strong>it was my second Czech company<\/strong>, through which I sold kratom wholesale via regulation and we had the tests done at CWB Ltd. through VAT deduction.<\/span><\/p><p>Kratom is currently in the \u201egrey zone\u201c according to Austrian legislation and can only be sold and recognized as a collector's product. But that does not change the fact that even collector's pieces should have some quality control. Be careful, however, of the provenance of the test itself. <strong>We respect only laboratory tests done in the USA, Czech Republic or other developed Western countries - we especially like the laboratory MURRAY-BROWN LABORATORIES, INC.<\/strong> Lab tests from Indonesia (or similar country) are usually not legitimate - most of these labs are not trustworthy.<\/p><p>Several aspects are important to observe in laboratory tests. The main ones include the alkaloid content - Mitragynine, 7-Hydroxymitragynine and a few others. Other important factors include bacterial, heavy metal or fungal content. Since this is a collector's item, we are primarily interested in this because of the collectible value of the item.<\/p><p>As far as the content of the main alkaloids mentioned is concerned, it is mainly mitragynine (MIT for short) that is important for determining the collection value. The mitragynine content varies from kratom to kratom - primarily according to the age of the tree from which the leaf comes and then also according to the processing of the leaf by the farmer. However, I would like to point out that kratom with a lower content of mitragynine can also have a collecting value if it contains other alkaloids in a higher proportion. Unfortunately, we do not yet have the possibility to measure all active alkaloids found in kratom and therefore I recommend looking mainly at the numbers determining the content of mitragynine. During fermentation, mitragynine is converted into other important alkaloids - currently we are talking about 7-Hydroxymitragynine and Mitragynine pseudoindoxyl.<\/p><p>According to our experience, 1% to 2% MITRAGYNINE is found in quality kratom for collecting purposes. The former standard according to older sources was 0,5% - 1,5% MIT. If someone advertises kratom with MIT greater than 2%, you need to beware because it is usually a poor testing method, fake tests (paid numbers) or kratom enriched with extract (for testing only, usually not the final product!). In darker colours, especially those that have undergone fermentation, this number tends to be lower. As for the lighter kratoms - white and green, we recommend buying only those with a mitragynine content of at least 1.2%. \u2665<\/p><p><em>Upon request, we will provide a preview of the original files of all laboratory tests, possibly together with invoices from our suppliers whose name matches the sponsor of the laboratory test. We only provide full quality files to the Czech inspection authorities on request. We have the exclusive right of commercial use for all laboratory tests on our website that have been supplied for the purchase of physical goods, as we see fit.<\/em><\/p>\t\t\t\t\t\t<\/div>\n\t\t\t\t<\/div>\n\t\t\t\t<div class=\"elementor-element elementor-element-4271d9b elementor-widget elementor-widget-spacer\" data-id=\"4271d9b\" data-element_type=\"widget\" data-widget_type=\"spacer.default\">\n\t\t\t\t<div class=\"elementor-widget-container\">\n\t\t\t\t\t<div class=\"elementor-spacer\">\n\t\t\t<div class=\"elementor-spacer-inner\"><\/div>\n\t\t<\/div>\n\t\t\t\t<\/div>\n\t\t\t\t<\/div>\n\t\t\t\t\t<\/div>\n\t\t\t\t<\/div>\n\t\t<div class=\"elementor-element elementor-element-576b4b2 e-flex e-con-boxed e-con e-parent\" data-id=\"576b4b2\" data-element_type=\"container\">\n\t\t\t\t\t<div class=\"e-con-inner\">\n\t\t\t\t<div class=\"elementor-element elementor-element-6fd83b9 elementor-widget elementor-widget-heading\" data-id=\"6fd83b9\" data-element_type=\"widget\" data-widget_type=\"heading.default\">\n\t\t\t\t<div class=\"elementor-widget-container\">\n\t\t\t<h4 class=\"elementor-heading-title elementor-size-default\">All laboratory tests for our kratom can be found here in the individual sections divided by supplier:<\/h4>\t\t<\/div>\n\t\t\t\t<\/div>\n\t\t<div class=\"elementor-element elementor-element-34c8481 e-flex e-con-boxed e-con e-child\" data-id=\"34c8481\" data-element_type=\"container\">\n\t\t\t\t\t<div class=\"e-con-inner\">\n\t\t\t\t<div class=\"elementor-element elementor-element-fee2194 elementor-widget elementor-widget-button\" data-id=\"fee2194\" data-element_type=\"widget\" data-widget_type=\"button.default\">\n\t\t\t\t<div class=\"elementor-widget-container\">\n\t\t\t\t\t<div class=\"elementor-button-wrapper\">\n\t\t\t<a class=\"elementor-button elementor-button-link elementor-size-sm elementor-animation-grow\" href=\"\/en\/laboratory-tests\/thai\/\">\n\t\t\t\t\t\t<span class=\"elementor-button-content-wrapper\">\n\t\t\t\t\t\t\t\t\t<span class=\"elementor-button-text\">THAI<\/span>\n\t\t\t\t\t<\/span>\n\t\t\t\t\t<\/a>\n\t\t<\/div>\n\t\t\t\t<\/div>\n\t\t\t\t<\/div>\n\t\t\t\t<div class=\"elementor-element elementor-element-6d9dc42 elementor-widget elementor-widget-button\" data-id=\"6d9dc42\" data-element_type=\"widget\" data-widget_type=\"button.default\">\n\t\t\t\t<div class=\"elementor-widget-container\">\n\t\t\t\t\t<div class=\"elementor-button-wrapper\">\n\t\t\t<a class=\"elementor-button elementor-button-link elementor-size-sm elementor-animation-grow\" href=\"\/en\/laboratory-tests\/maeng-da\/\">\n\t\t\t\t\t\t<span class=\"elementor-button-content-wrapper\">\n\t\t\t\t\t\t\t\t\t<span class=\"elementor-button-text\">MAENG DA<\/span>\n\t\t\t\t\t<\/span>\n\t\t\t\t\t<\/a>\n\t\t<\/div>\n\t\t\t\t<\/div>\n\t\t\t\t<\/div>\n\t\t\t\t<div class=\"elementor-element elementor-element-841d8a9 elementor-widget elementor-widget-button\" data-id=\"841d8a9\" data-element_type=\"widget\" data-widget_type=\"button.default\">\n\t\t\t\t<div class=\"elementor-widget-container\">\n\t\t\t\t\t<div class=\"elementor-button-wrapper\">\n\t\t\t<a class=\"elementor-button elementor-button-link elementor-size-sm elementor-animation-grow\" href=\"\/en\/laboratory-tests\/borneo\/\">\n\t\t\t\t\t\t<span class=\"elementor-button-content-wrapper\">\n\t\t\t\t\t\t\t\t\t<span class=\"elementor-button-text\">BORNEO (CURRENTLY UNAVAILABLE)<\/span>\n\t\t\t\t\t<\/span>\n\t\t\t\t\t<\/a>\n\t\t<\/div>\n\t\t\t\t<\/div>\n\t\t\t\t<\/div>\n\t\t\t\t<div class=\"elementor-element elementor-element-84990cd elementor-widget elementor-widget-button\" data-id=\"84990cd\" data-element_type=\"widget\" data-widget_type=\"button.default\">\n\t\t\t\t<div class=\"elementor-widget-container\">\n\t\t\t\t\t<div class=\"elementor-button-wrapper\">\n\t\t\t<a class=\"elementor-button elementor-button-link elementor-size-sm elementor-animation-grow\" href=\"\/en\/laboratory-tests\/kapuas\/\">\n\t\t\t\t\t\t<span class=\"elementor-button-content-wrapper\">\n\t\t\t\t\t\t\t\t\t<span class=\"elementor-button-text\">KAPUAS (CURRENTLY UNAVAILABLE)<\/span>\n\t\t\t\t\t<\/span>\n\t\t\t\t\t<\/a>\n\t\t<\/div>\n\t\t\t\t<\/div>\n\t\t\t\t<\/div>\n\t\t\t\t\t<\/div>\n\t\t\t\t<\/div>\n\t\t\t\t\t<\/div>\n\t\t\t\t<\/div>\n\t\t<div class=\"elementor-element elementor-element-4b6980b e-flex e-con-boxed e-con e-parent\" data-id=\"4b6980b\" data-element_type=\"container\">\n\t\t\t\t\t<div class=\"e-con-inner\">\n\t\t\t\t<div class=\"elementor-element elementor-element-91c6704 elementor-widget elementor-widget-image\" data-id=\"91c6704\" data-element_type=\"widget\" data-widget_type=\"image.default\">\n\t\t\t\t<div class=\"elementor-widget-container\">\n\t\t\t\t\t\t\t\t\t\t<figure class=\"wp-caption\">\n\t\t\t\t\t\t\t\t\t\t<img fetchpriority=\"high\" decoding=\"async\" width=\"2560\" height=\"1809\" src=\"https:\/\/clements-store.at\/wp-content\/smush-webp\/2024\/11\/TESTY-VSCHT-2-24-scaled.jpg.webp\" class=\"attachment-full size-full wp-image-3563\" alt=\"\" srcset=\"https:\/\/clements-store.at\/wp-content\/smush-webp\/2024\/11\/TESTY-VSCHT-2-24-scaled.jpg.webp 2560w, https:\/\/clements-store.at\/wp-content\/smush-webp\/2024\/11\/TESTY-VSCHT-2-24-1024x724.jpg.webp 1024w, https:\/\/clements-store.at\/wp-content\/smush-webp\/2024\/11\/TESTY-VSCHT-2-24-300x212.jpg.webp 300w, https:\/\/clements-store.at\/wp-content\/smush-webp\/2024\/11\/TESTY-VSCHT-2-24-768x543.jpg.webp 768w, https:\/\/clements-store.at\/wp-content\/smush-webp\/2024\/11\/TESTY-VSCHT-2-24-1536x1086.jpg.webp 1536w, https:\/\/clements-store.at\/wp-content\/smush-webp\/2024\/11\/TESTY-VSCHT-2-24-2048x1447.jpg.webp 2048w\" sizes=\"(max-width: 2560px) 100vw, 2560px\" \/>\t\t\t\t\t\t\t\t\t\t\t<figcaption class=\"widget-image-caption wp-caption-text\">SUMMARY OF ALL LABORATORY TESTING RESULTS (AUGUST, 2024) - ALKALOIDS, HEAVY METALS AND MICROBIOLOGY<\/figcaption>\n\t\t\t\t\t\t\t\t\t\t<\/figure>\n\t\t\t\t\t\t\t<\/div>\n\t\t\t\t<\/div>\n\t\t\t\t\t<\/div>\n\t\t\t\t<\/div>\n\t\t<div class=\"elementor-element elementor-element-bd46ab3 e-flex e-con-boxed e-con e-parent\" data-id=\"bd46ab3\" data-element_type=\"container\">\n\t\t\t\t\t<div class=\"e-con-inner\">\n\t\t\t\t<div class=\"elementor-element elementor-element-31eb84d elementor-widget elementor-widget-text-editor\" data-id=\"31eb84d\" data-element_type=\"widget\" data-widget_type=\"text-editor.default\">\n\t\t\t\t<div class=\"elementor-widget-container\">\n\t\t\t\t\t\t\tOn the left you can see a document about the performed <strong>Gamma sterilisation of the August 2023 shipment. Sterilisation was carried out on the entire 8 tonne order.<\/strong> (400 boxes of 20 kilograms each, the remaining 95 boxes were for another customer), which contained kratom from Borneo, Maeng Da and Kapuas sources. The shipment traveled to us by sea and we wanted to make sure 100% was free of any active pathogens or mold. Of course we are still testing all species and colours in the lab. The container with this kratom arrived to us in early November 2023.<br><br>\n\nOn the right are <strong>results of our own laboratory tests of three homogenized powders according to colour - white, green and red.<\/strong> We took an individual color from each supplier and mixed together in a 1:1:1:1 ratio. In this mix was powder from all suppliers at the time (Maeng Da, Borneo, Kapuas and Kalimantan sources).\t\t\t\t\t\t<\/div>\n\t\t\t\t<\/div>\n\t\t\t\t\t<\/div>\n\t\t\t\t<\/div>\n\t\t<div class=\"elementor-element elementor-element-d72d480 e-flex e-con-boxed e-con e-parent\" data-id=\"d72d480\" data-element_type=\"container\">\n\t\t\t\t\t<div class=\"e-con-inner\">\n\t\t<div class=\"elementor-element elementor-element-50d8c52 e-con-full e-flex e-con e-child\" data-id=\"50d8c52\" data-element_type=\"container\">\n\t\t\t\t<div class=\"elementor-element elementor-element-faf4b2f elementor-widget elementor-widget-image\" data-id=\"faf4b2f\" data-element_type=\"widget\" data-widget_type=\"image.default\">\n\t\t\t\t<div class=\"elementor-widget-container\">\n\t\t\t\t\t\t\t\t\t\t<figure class=\"wp-caption\">\n\t\t\t\t\t\t\t\t\t\t\t<a href=\"https:\/\/clements-store.cz\/wp-content\/uploads\/2024\/11\/Gamma.jpg\" data-elementor-open-lightbox=\"yes\" data-elementor-lightbox-title=\"Gamma\" data-e-action-hash=\"#elementor-action%3Aaction%3Dlightbox%26settings%3DeyJpZCI6MzU2NCwidXJsIjoiaHR0cHM6XC9cL2NsZW1lbnRzLXN0b3JlLmF0XC93cC1jb250ZW50XC91cGxvYWRzXC8yMDI0XC8xMVwvR2FtbWEuanBnIn0%3D\">\n\t\t\t\t\t\t\t<img decoding=\"async\" width=\"716\" height=\"941\" src=\"https:\/\/clements-store.at\/wp-content\/smush-webp\/2024\/11\/Gamma.jpg.webp\" class=\"attachment-large size-large wp-image-3564\" alt=\"\" srcset=\"https:\/\/clements-store.at\/wp-content\/smush-webp\/2024\/11\/Gamma.jpg.webp 716w, https:\/\/clements-store.at\/wp-content\/smush-webp\/2024\/11\/Gamma-600x789.jpg.webp 600w, https:\/\/clements-store.at\/wp-content\/smush-webp\/2024\/11\/Gamma-228x300.jpg.webp 228w\" sizes=\"(max-width: 716px) 100vw, 716px\" loading=\"lazy\" \/>\t\t\t\t\t\t\t\t<\/a>\n\t\t\t\t\t\t\t\t\t\t\t<figcaption class=\"widget-image-caption wp-caption-text\">MAENG DA, BORNEO, KAPUAS (INDONESIA, AUGUST, 2023) - GAMMA STERILIZATION<\/figcaption>\n\t\t\t\t\t\t\t\t\t\t<\/figure>\n\t\t\t\t\t\t\t<\/div>\n\t\t\t\t<\/div>\n\t\t\t\t<\/div>\n\t\t<div class=\"elementor-element elementor-element-42420bd e-con-full e-flex e-con e-child\" data-id=\"42420bd\" data-element_type=\"container\">\n\t\t\t\t<div class=\"elementor-element elementor-element-1ab3a94 elementor-widget elementor-widget-image\" data-id=\"1ab3a94\" data-element_type=\"widget\" data-widget_type=\"image.default\">\n\t\t\t\t<div class=\"elementor-widget-container\">\n\t\t\t\t\t\t\t\t\t\t<figure class=\"wp-caption\">\n\t\t\t\t\t\t\t\t\t\t\t<a href=\"https:\/\/clements-store.cz\/wp-content\/uploads\/2024\/11\/CR-TESTY-MIKROBIOLOGIE-6-22.jpg\" data-elementor-open-lightbox=\"yes\" data-elementor-lightbox-title=\"\u010cR TESTY MIKROBIOLOGIE 6-22\" data-e-action-hash=\"#elementor-action%3Aaction%3Dlightbox%26settings%3DeyJpZCI6MzU2MSwidXJsIjoiaHR0cHM6XC9cL2NsZW1lbnRzLXN0b3JlLmF0XC93cC1jb250ZW50XC91cGxvYWRzXC8yMDI0XC8xMVwvQ1ItVEVTVFktTUlLUk9CSU9MT0dJRS02LTIyLmpwZyJ9\">\n\t\t\t\t\t\t\t<img decoding=\"async\" width=\"892\" height=\"902\" src=\"https:\/\/clements-store.at\/wp-content\/smush-webp\/2024\/11\/CR-TESTY-MIKROBIOLOGIE-6-22.jpg.webp\" class=\"attachment-large size-large wp-image-3561\" alt=\"\" srcset=\"https:\/\/clements-store.at\/wp-content\/smush-webp\/2024\/11\/CR-TESTY-MIKROBIOLOGIE-6-22.jpg.webp 892w, https:\/\/clements-store.at\/wp-content\/smush-webp\/2024\/11\/CR-TESTY-MIKROBIOLOGIE-6-22-100x100.jpg.webp 100w, https:\/\/clements-store.at\/wp-content\/smush-webp\/2024\/11\/CR-TESTY-MIKROBIOLOGIE-6-22-600x607.jpg.webp 600w, https:\/\/clements-store.at\/wp-content\/smush-webp\/2024\/11\/CR-TESTY-MIKROBIOLOGIE-6-22-297x300.jpg.webp 297w, https:\/\/clements-store.at\/wp-content\/smush-webp\/2024\/11\/CR-TESTY-MIKROBIOLOGIE-6-22-768x777.jpg.webp 768w\" sizes=\"(max-width: 892px) 100vw, 892px\" loading=\"lazy\" \/>\t\t\t\t\t\t\t\t<\/a>\n\t\t\t\t\t\t\t\t\t\t\t<figcaption class=\"widget-image-caption wp-caption-text\">MICROBIOLOGY OF ALL KRATOM SPECIES (JUNE, 2022)<\/figcaption>\n\t\t\t\t\t\t\t\t\t\t<\/figure>\n\t\t\t\t\t\t\t<\/div>\n\t\t\t\t<\/div>\n\t\t\t\t<\/div>\n\t\t\t\t\t<\/div>\n\t\t\t\t<\/div>\n\t\t\t\t<\/div>","protected":false},"excerpt":{"rendered":"<p>Dom\u016f Laboratorn\u00ed testy KRATOMU P\u0159i v\u00fdb\u011bru dodavatele je pro n\u00e1s v\u017edy z\u00e1sadn\u00ed\u00a0kontrola kvality\u00a0&#8211; prvotn\u011b na pap\u00ed\u0159e a pot\u00e9 i v praxi na &#8222;vlastn\u00ed o\u010di&#8220;. Pokud n\u00e1m potenci\u00e1ln\u00ed dodavatel nen\u00ed schopen dodat\u00a0aktu\u00e1ln\u00ed laboratorn\u00ed testy s jeho jm\u00e9nem v origin\u00e1ln\u00edm souboru, tak se s n\u00edm d\u00e1le ani nezab\u00fdv\u00e1me. Po dovozu samotn\u00e9ho kratomu z Indon\u00e9sie si pr\u00e1\u0161ek sami [&hellip;]<\/p>","protected":false},"author":1,"featured_media":0,"parent":0,"menu_order":0,"comment_status":"closed","ping_status":"closed","template":"","meta":{"inline_featured_image":false,"site-sidebar-layout":"no-sidebar","site-content-layout":"page-builder","ast-site-content-layout":"full-width-container","site-content-style":"default","site-sidebar-style":"default","ast-global-header-display":"","ast-banner-title-visibility":"","ast-main-header-display":"","ast-hfb-above-header-display":"","ast-hfb-below-header-display":"","ast-hfb-mobile-header-display":"","site-post-title":"disabled","ast-breadcrumbs-content":"","ast-featured-img":"disabled","footer-sml-layout":"","theme-transparent-header-meta":"","adv-header-id-meta":"","stick-header-meta":"","header-above-stick-meta":"","header-main-stick-meta":"","header-below-stick-meta":"","astra-migrate-meta-layouts":"set","ast-page-background-enabled":"default","ast-page-background-meta":{"desktop":{"background-color":"var(--ast-global-color-4)","background-image":"","background-repeat":"repeat","background-position":"center center","background-size":"auto","background-attachment":"scroll","background-type":"","background-media":"","overlay-type":"","overlay-color":"","overlay-opacity":"","overlay-gradient":""},"tablet":{"background-color":"","background-image":"","background-repeat":"repeat","background-position":"center center","background-size":"auto","background-attachment":"scroll","background-type":"","background-media":"","overlay-type":"","overlay-color":"","overlay-opacity":"","overlay-gradient":""},"mobile":{"background-color":"","background-image":"","background-repeat":"repeat","background-position":"center center","background-size":"auto","background-attachment":"scroll","background-type":"","background-media":"","overlay-type":"","overlay-color":"","overlay-opacity":"","overlay-gradient":""}},"ast-content-background-meta":{"desktop":{"background-color":"var(--ast-global-color-5)","background-image":"","background-repeat":"repeat","background-position":"center center","background-size":"auto","background-attachment":"scroll","background-type":"","background-media":"","overlay-type":"","overlay-color":"","overlay-opacity":"","overlay-gradient":""},"tablet":{"background-color":"var(--ast-global-color-5)","background-image":"","background-repeat":"repeat","background-position":"center center","background-size":"auto","background-attachment":"scroll","background-type":"","background-media":"","overlay-type":"","overlay-color":"","overlay-opacity":"","overlay-gradient":""},"mobile":{"background-color":"var(--ast-global-color-5)","background-image":"","background-repeat":"repeat","background-position":"center center","background-size":"auto","background-attachment":"scroll","background-type":"","background-media":"","overlay-type":"","overlay-color":"","overlay-opacity":"","overlay-gradient":""}},"footnotes":""},"class_list":["post-1659","page","type-page","status-publish","hentry"],"_links":{"self":[{"href":"https:\/\/clements-store.at\/en\/wp-json\/wp\/v2\/pages\/1659","targetHints":{"allow":["GET"]}}],"collection":[{"href":"https:\/\/clements-store.at\/en\/wp-json\/wp\/v2\/pages"}],"about":[{"href":"https:\/\/clements-store.at\/en\/wp-json\/wp\/v2\/types\/page"}],"author":[{"embeddable":true,"href":"https:\/\/clements-store.at\/en\/wp-json\/wp\/v2\/users\/1"}],"replies":[{"embeddable":true,"href":"https:\/\/clements-store.at\/en\/wp-json\/wp\/v2\/comments?post=1659"}],"version-history":[{"count":12,"href":"https:\/\/clements-store.at\/en\/wp-json\/wp\/v2\/pages\/1659\/revisions"}],"predecessor-version":[{"id":6094,"href":"https:\/\/clements-store.at\/en\/wp-json\/wp\/v2\/pages\/1659\/revisions\/6094"}],"wp:attachment":[{"href":"https:\/\/clements-store.at\/en\/wp-json\/wp\/v2\/media?parent=1659"}],"curies":[{"name":"wp","href":"https:\/\/api.w.org\/{rel}","templated":true}]}}