{"id":6754,"date":"2026-04-24T01:25:45","date_gmt":"2026-04-23T23:25:45","guid":{"rendered":"https:\/\/clements-store.at\/?post_type=product&#038;p=6754"},"modified":"2026-04-24T01:55:24","modified_gmt":"2026-04-23T23:55:24","slug":"borneo-tablety-indonesie","status":"publish","type":"product","link":"https:\/\/clements-store.at\/de\/product\/borneo-tablety-indonesie\/","title":{"rendered":"BORNEO TABLETY (INDON\u00c9SIE)"},"content":{"rendered":"<p>Wir h\u00f6ren auf die W\u00fcnsche unserer Kunden. Sie haben nach Tabletten gefragt, also haben wir Tabletten f\u00fcr Sie hergestellt! Im Gegensatz zu unseren Konkurrenten werden die Tabletten aus demselben Kratom hergestellt, das wir in Pulverform anbieten. So k\u00f6nnen Sie sicher sein, dass Sie wirklich nur das Beste bekommen. Keine Reste oder nicht spezifiziertes Kratom. Unsere Tabletten sind preislich so gestaltet, dass wir praktisch nichts mehr an ihnen verdienen. Zu dem Preis des Pulvers kommen noch die Kosten f\u00fcr den Druck der Tabletten hinzu, etwa 1 CZK\/g. Leider gibt es derzeit keine billigere M\u00f6glichkeit auf dem Markt, unser eigenes Pulver zu produzieren, und ich weigere mich, \u201eausl\u00e4ndisches\u201c Kratom in Tabletten zu kaufen, nur um Geld zu sparen, und Sie w\u00fcrden minderwertige Qualit\u00e4t bekommen!<\/p>\n<p><strong>1 Tablette = 1 Gramm<br \/>\n95% Kratom-Pulver<br \/>\n5% St\u00e4rke und Steran (alle nat\u00fcrlichen Ursprungs)<\/strong><\/p>\n<p><span class=\"wsw-41\"><strong>Labortests f\u00fcr Kratom k\u00f6nnen gefunden werden\u00a0<a href=\"https:\/\/clements-store.at\/de\/labortests\/\">HIER<\/a>.<\/strong><br \/>\n<\/span><\/p>\n<p><em>In diesem Angebot sind nur die Farben 100% verf\u00fcgbar.<\/em><\/p>\n<p><span class=\"wsw-34\"><strong>Red Dark Borneo (fermentov\u00e1no a\u017e 7 dn\u00ed) &#8211; max. 500 gram\u016f \/ n\u00e1kup<br \/>\nGreen Borneo &#8211; max. 5 kg \/ n\u00e1kup<br \/>\nWhite Borneo &#8211; max. 3 kg \/ n\u00e1kup<br \/>\n<\/strong><\/span><\/p>\n<p><span class=\"wsw-06\"><strong><span class=\"wpb-space wpb-small\"><\/span><br \/>\n<\/strong><\/span><span class=\"wsw-02\"><strong>Quantitative Optionen:<br \/>\n<span class=\"wsw-41\">Ein Beutel = eine Art!<br \/>\n<\/span>Wir teilen die Beutel nicht in mehrere St\u00fccke oder mehrere Typen zum Preis von einem Beutel auf. Jeder einzelne Beutel muss separat bestellt werden. Wir versuchen, unn\u00f6tige Verschwendung von Verpackungsmaterial zu vermeiden. Idealerweise empfehlen wir den Kauf von Kratom pro Kilo, das wir in der Originalverpackung verkaufen und in ein Glas oder eine Dose auf Ihrem Regal zu Hause \u00fcbertragen werden kann. Wir machen keine Ausnahmen, wir danken Ihnen f\u00fcr Ihr Verst\u00e4ndnis.<br \/>\n<span class=\"wpb-space wpb-small\"><\/span><br \/>\n<\/strong><\/span><span class=\"wsw-02\"><strong>20 g = 6 \u20ac (0,300 \u20ac\/g)<br \/>\n50 g = 11 \u20ac (0,220 \u20ac\/g)<br \/>\n100 g = 19 \u20ac (0,190 \u20ac\/g)<br \/>\n150 g = 27 \u20ac (0,180 \u20ac\/g)<br \/>\n200 g = 36 \u20ac (0,180 \u20ac\/g)<br \/>\n250 g = 44 \u20ac (0,176 \u20ac\/g)<br \/>\n300 g = 50 \u20ac (0,167 \u20ac\/g)<br \/>\n400 g = 64 \u20ac (0,160 \u20ac\/g)<br \/>\n500 g = 76 \u20ac (0,152 \u20ac\/g)<br \/>\n750 g = 110 \u20ac (0,147 \u20ac\/g)<br \/>\n<span class=\"wpb-space wpb-small\"><\/span><br \/>\n<\/strong><\/span><span class=\"wsw-34\">Ein Kilo = eine Art = ein aus Indonesien gesaugter Beutel.<br \/>\n<span class=\"wpb-space wpb-small\"><\/span><br \/>\n<\/span><strong>1 kg = 140 \u20ac (0,140 \u20ac\/g)<br \/>\n2 kg = 270 \u20ac (0,135 \u20ac\/g)<br \/>\n3 kg = 380 \u20ac (0,127 \u20ac\/g)<br \/>\n4 kg = 500 \u20ac (0,125 \u20ac\/g)<br \/>\n5 kg = 600 \u20ac (0,120 \u20ac\/g)<br \/>\n<span class=\"wpb-space wpb-small\"><\/span><br \/>\n<\/strong><span class=\"wsw-34\"><strong>Wenn Sie gr\u00f6\u00dfere Mengen als 6 kg kaufen m\u00f6chten, kontaktieren Sie mich bitte per E-Mail oder auf anderem Wege. <a href=\"https:\/\/clements-store.at\/de\/kontakt\/\">Kontakt<\/a>.<\/strong><br \/>\n<\/span><span class=\"wsw-34\"><span class=\"wpb-space wpb-small\"><\/span><br \/>\nBotanisches Sammelobjekt f\u00fcr dekorative, ethnobotanische oder analytische Zwecke. Nicht f\u00fcr den menschlichen Verzehr.<\/span><\/p>","protected":false},"excerpt":{"rendered":"<p>Wir h\u00f6ren auf die W\u00fcnsche unserer Kunden. Sie haben nach Tabletten gefragt, also haben wir Tabletten f\u00fcr Sie hergestellt! Im Gegensatz zu unseren Konkurrenten werden die Tabletten aus demselben Kratom hergestellt, das wir in Pulverform anbieten. So k\u00f6nnen Sie sicher sein, dass Sie wirklich nur das Beste bekommen. Keine Reste oder nicht spezifiziertes Kratom. Unsere Tabletten sind preislich so gestaltet, dass wir praktisch nichts mehr an ihnen verdienen. Zu dem Preis des Pulvers kommen noch die Kosten f\u00fcr den Druck der Tabletten hinzu, etwa 1 CZK\/g. Leider gibt es derzeit keine billigere M\u00f6glichkeit auf dem Markt, unser eigenes Pulver zu produzieren, und ich weigere mich, \u201eausl\u00e4ndisches\u201c Kratom in Tabletten zu kaufen, nur um Geld zu sparen, und Sie w\u00fcrden minderwertige Qualit\u00e4t bekommen!<\/p>","protected":false},"featured_media":3935,"template":"","meta":{"inline_featured_image":false,"site-sidebar-layout":"default","site-content-layout":"","ast-site-content-layout":"default","site-content-style":"default","site-sidebar-style":"default","ast-global-header-display":"","ast-banner-title-visibility":"","ast-main-header-display":"","ast-hfb-above-header-display":"","ast-hfb-below-header-display":"","ast-hfb-mobile-header-display":"","site-post-title":"","ast-breadcrumbs-content":"","ast-featured-img":"","footer-sml-layout":"","theme-transparent-header-meta":"default","adv-header-id-meta":"","stick-header-meta":"default","header-above-stick-meta":"","header-main-stick-meta":"","header-below-stick-meta":"","astra-migrate-meta-layouts":"set","ast-page-background-enabled":"default","ast-page-background-meta":{"desktop":{"background-color":"var(--ast-global-color-4)","background-image":"","background-repeat":"repeat","background-position":"center center","background-size":"auto","background-attachment":"scroll","background-type":"","background-media":"","overlay-type":"","overlay-color":"","overlay-opacity":"","overlay-gradient":""},"tablet":{"background-color":"","background-image":"","background-repeat":"repeat","background-position":"center center","background-size":"auto","background-attachment":"scroll","background-type":"","background-media":"","overlay-type":"","overlay-color":"","overlay-opacity":"","overlay-gradient":""},"mobile":{"background-color":"","background-image":"","background-repeat":"repeat","background-position":"center center","background-size":"auto","background-attachment":"scroll","background-type":"","background-media":"","overlay-type":"","overlay-color":"","overlay-opacity":"","overlay-gradient":""}},"ast-content-background-meta":{"desktop":{"background-color":"var(--ast-global-color-5)","background-image":"","background-repeat":"repeat","background-position":"center center","background-size":"auto","background-attachment":"scroll","background-type":"","background-media":"","overlay-type":"","overlay-color":"","overlay-opacity":"","overlay-gradient":""},"tablet":{"background-color":"var(--ast-global-color-5)","background-image":"","background-repeat":"repeat","background-position":"center center","background-size":"auto","background-attachment":"scroll","background-type":"","background-media":"","overlay-type":"","overlay-color":"","overlay-opacity":"","overlay-gradient":""},"mobile":{"background-color":"var(--ast-global-color-5)","background-image":"","background-repeat":"repeat","background-position":"center center","background-size":"auto","background-attachment":"scroll","background-type":"","background-media":"","overlay-type":"","overlay-color":"","overlay-opacity":"","overlay-gradient":""}}},"product_brand":[],"product_cat":[19],"product_tag":[],"class_list":{"0":"post-6754","1":"product","2":"type-product","3":"status-publish","4":"has-post-thumbnail","6":"product_cat-kratom","7":"desktop-align-left","8":"tablet-align-left","9":"mobile-align-left","10":"ast-product-gallery-layout-horizontal-slider","11":"ast-product-single-variable","12":"ast-product-tabs-layout-horizontal","14":"first","15":"instock","16":"shipping-taxable","17":"purchasable","18":"product-type-variable"},"_links":{"self":[{"href":"https:\/\/clements-store.at\/de\/wp-json\/wp\/v2\/product\/6754","targetHints":{"allow":["GET"]}}],"collection":[{"href":"https:\/\/clements-store.at\/de\/wp-json\/wp\/v2\/product"}],"about":[{"href":"https:\/\/clements-store.at\/de\/wp-json\/wp\/v2\/types\/product"}],"wp:featuredmedia":[{"embeddable":true,"href":"https:\/\/clements-store.at\/de\/wp-json\/wp\/v2\/media\/3935"}],"wp:attachment":[{"href":"https:\/\/clements-store.at\/de\/wp-json\/wp\/v2\/media?parent=6754"}],"wp:term":[{"taxonomy":"product_brand","embeddable":true,"href":"https:\/\/clements-store.at\/de\/wp-json\/wp\/v2\/product_brand?post=6754"},{"taxonomy":"product_cat","embeddable":true,"href":"https:\/\/clements-store.at\/de\/wp-json\/wp\/v2\/product_cat?post=6754"},{"taxonomy":"product_tag","embeddable":true,"href":"https:\/\/clements-store.at\/de\/wp-json\/wp\/v2\/product_tag?post=6754"}],"curies":[{"name":"wp","href":"https:\/\/api.w.org\/{rel}","templated":true}]}}