{"id":2737,"date":"2024-10-07T23:59:59","date_gmt":"2024-10-07T21:59:59","guid":{"rendered":"https:\/\/clements-store.at\/?post_type=product&#038;p=2737"},"modified":"2026-04-24T01:24:30","modified_gmt":"2026-04-23T23:24:30","slug":"tabletten","status":"publish","type":"product","link":"https:\/\/clements-store.at\/de\/product\/tabletten\/","title":{"rendered":"THAI TABLETY (DOPRODEJ)"},"content":{"rendered":"<p>Wir h\u00f6ren auf die W\u00fcnsche unserer Kunden. Sie haben nach Tabletten gefragt, also haben wir Tabletten f\u00fcr Sie hergestellt! Im Gegensatz zu unseren Konkurrenten werden die Tabletten aus demselben Kratom hergestellt, das wir in Pulverform anbieten. So k\u00f6nnen Sie sicher sein, dass Sie wirklich nur das Beste bekommen. Keine Reste oder nicht spezifiziertes Kratom. Unsere Tabletten sind preislich so gestaltet, dass wir praktisch nichts mehr an ihnen verdienen. Zu dem Preis des Pulvers kommen noch die Kosten f\u00fcr den Druck der Tabletten hinzu, etwa 1 CZK\/g. Leider gibt es derzeit keine billigere M\u00f6glichkeit auf dem Markt, unser eigenes Pulver zu produzieren, und ich weigere mich, \u201eausl\u00e4ndisches\u201c Kratom in Tabletten zu kaufen, nur um Geld zu sparen, und Sie w\u00fcrden minderwertige Qualit\u00e4t bekommen!<\/p>\n<p><strong>1 Tablette = 1 Gramm<br \/>\n95% Kratom-Pulver<br \/>\n5% St\u00e4rke und Steran (alle nat\u00fcrlichen Ursprungs)<\/strong><\/p>\n<p><span class=\"wsw-41\"><strong>Labortests f\u00fcr Kratom k\u00f6nnen gefunden werden\u00a0<a href=\"https:\/\/clements-store.at\/de\/labortests\/\">HIER<\/a>.<\/strong><br \/>\n<\/span><\/p>\n<p><em>In diesem Angebot sind nur die Farben 100% verf\u00fcgbar.<\/em><\/p>\n<p><span class=\"wsw-34\"><strong>Green Thai<\/strong><\/span><\/p>\n<p><strong><span class=\"wsw-02\">Quantitative Optionen:<br \/>\n<\/span><\/strong><strong><span class=\"wsw-41\">Ein Beutel = eine Art!<br \/>\n<\/span><\/strong><span class=\"wsw-02\">Wir teilen die Beutel nicht in mehrere St\u00fccke oder mehrere Typen zum Preis von einem Beutel auf. Jeder einzelne Beutel muss separat bestellt werden. Wir versuchen, unn\u00f6tige Verschwendung von Verpackungsmaterial zu vermeiden. Idealerweise empfehlen wir den Kauf von Kratom pro Kilo, das wir in der Originalverpackung verkaufen und in ein Glas oder eine Dose auf Ihrem Regal zu Hause \u00fcbertragen werden kann. Wir machen keine Ausnahmen, wir danken Ihnen f\u00fcr Ihr Verst\u00e4ndnis.<\/span><\/p>\n<p><strong>20 g = 7 \u20ac (0,340 \u20ac\/g)<\/strong><br \/>\n<strong>50 g = 13 \u20ac (0,260 \u20ac\/g)<\/strong><br \/>\n<strong>100 g = 21 \u20ac (0,210 \u20ac\/g)<\/strong><\/p>","protected":false},"excerpt":{"rendered":"<p>Wir h\u00f6ren auf die W\u00fcnsche unserer Kunden. Sie haben nach Tabletten gefragt, also haben wir Tabletten f\u00fcr Sie hergestellt! Im Gegensatz zu unseren Konkurrenten werden die Tabletten aus demselben Kratom hergestellt, das wir in Pulverform anbieten. So k\u00f6nnen Sie sicher sein, dass Sie wirklich nur das Beste bekommen. Keine Reste oder nicht spezifiziertes Kratom. Unsere Tabletten sind preislich so gestaltet, dass wir praktisch nichts mehr an ihnen verdienen. Zu dem Preis des Pulvers kommen noch die Kosten f\u00fcr den Druck der Tabletten hinzu, etwa 1 CZK\/g. Leider gibt es derzeit keine billigere M\u00f6glichkeit auf dem Markt, unser eigenes Pulver zu produzieren, und ich weigere mich, \u201eausl\u00e4ndisches\u201c Kratom in Tabletten zu kaufen, nur um Geld zu sparen, und Sie w\u00fcrden minderwertige Qualit\u00e4t bekommen!<\/p>","protected":false},"featured_media":3935,"template":"","meta":{"inline_featured_image":false,"site-sidebar-layout":"default","site-content-layout":"","ast-site-content-layout":"default","site-content-style":"default","site-sidebar-style":"default","ast-global-header-display":"","ast-banner-title-visibility":"","ast-main-header-display":"","ast-hfb-above-header-display":"","ast-hfb-below-header-display":"","ast-hfb-mobile-header-display":"","site-post-title":"","ast-breadcrumbs-content":"","ast-featured-img":"","footer-sml-layout":"","theme-transparent-header-meta":"default","adv-header-id-meta":"","stick-header-meta":"default","header-above-stick-meta":"","header-main-stick-meta":"","header-below-stick-meta":"","astra-migrate-meta-layouts":"set","ast-page-background-enabled":"default","ast-page-background-meta":{"desktop":{"background-color":"var(--ast-global-color-4)","background-image":"","background-repeat":"repeat","background-position":"center center","background-size":"auto","background-attachment":"scroll","background-type":"","background-media":"","overlay-type":"","overlay-color":"","overlay-opacity":"","overlay-gradient":""},"tablet":{"background-color":"","background-image":"","background-repeat":"repeat","background-position":"center center","background-size":"auto","background-attachment":"scroll","background-type":"","background-media":"","overlay-type":"","overlay-color":"","overlay-opacity":"","overlay-gradient":""},"mobile":{"background-color":"","background-image":"","background-repeat":"repeat","background-position":"center center","background-size":"auto","background-attachment":"scroll","background-type":"","background-media":"","overlay-type":"","overlay-color":"","overlay-opacity":"","overlay-gradient":""}},"ast-content-background-meta":{"desktop":{"background-color":"var(--ast-global-color-5)","background-image":"","background-repeat":"repeat","background-position":"center center","background-size":"auto","background-attachment":"scroll","background-type":"","background-media":"","overlay-type":"","overlay-color":"","overlay-opacity":"","overlay-gradient":""},"tablet":{"background-color":"var(--ast-global-color-5)","background-image":"","background-repeat":"repeat","background-position":"center center","background-size":"auto","background-attachment":"scroll","background-type":"","background-media":"","overlay-type":"","overlay-color":"","overlay-opacity":"","overlay-gradient":""},"mobile":{"background-color":"var(--ast-global-color-5)","background-image":"","background-repeat":"repeat","background-position":"center center","background-size":"auto","background-attachment":"scroll","background-type":"","background-media":"","overlay-type":"","overlay-color":"","overlay-opacity":"","overlay-gradient":""}}},"product_brand":[],"product_cat":[19],"product_tag":[],"class_list":{"0":"post-2737","1":"product","2":"type-product","3":"status-publish","4":"has-post-thumbnail","6":"product_cat-kratom","7":"desktop-align-left","8":"tablet-align-left","9":"mobile-align-left","10":"ast-product-gallery-layout-horizontal-slider","11":"ast-product-single-variable","12":"ast-product-tabs-layout-horizontal","14":"first","15":"instock","16":"shipping-taxable","17":"purchasable","18":"product-type-variable"},"_links":{"self":[{"href":"https:\/\/clements-store.at\/de\/wp-json\/wp\/v2\/product\/2737","targetHints":{"allow":["GET"]}}],"collection":[{"href":"https:\/\/clements-store.at\/de\/wp-json\/wp\/v2\/product"}],"about":[{"href":"https:\/\/clements-store.at\/de\/wp-json\/wp\/v2\/types\/product"}],"wp:featuredmedia":[{"embeddable":true,"href":"https:\/\/clements-store.at\/de\/wp-json\/wp\/v2\/media\/3935"}],"wp:attachment":[{"href":"https:\/\/clements-store.at\/de\/wp-json\/wp\/v2\/media?parent=2737"}],"wp:term":[{"taxonomy":"product_brand","embeddable":true,"href":"https:\/\/clements-store.at\/de\/wp-json\/wp\/v2\/product_brand?post=2737"},{"taxonomy":"product_cat","embeddable":true,"href":"https:\/\/clements-store.at\/de\/wp-json\/wp\/v2\/product_cat?post=2737"},{"taxonomy":"product_tag","embeddable":true,"href":"https:\/\/clements-store.at\/de\/wp-json\/wp\/v2\/product_tag?post=2737"}],"curies":[{"name":"wp","href":"https:\/\/api.w.org\/{rel}","templated":true}]}}