{"id":2067,"date":"2024-10-07T01:43:21","date_gmt":"2024-10-06T23:43:21","guid":{"rendered":"https:\/\/clements-store.at\/?post_type=product&#038;p=2067"},"modified":"2026-03-04T04:44:08","modified_gmt":"2026-03-04T03:44:08","slug":"thai","status":"publish","type":"product","link":"https:\/\/clements-store.at\/de\/product\/thai\/","title":{"rendered":"THAI"},"content":{"rendered":"<p><span class=\"wsw-02\"><strong>QUELLE THAI:<\/strong><br \/>\nKratom (Mitragyna speciosa) mit der Bezeichnung Thai kann meiner Erfahrung nach seit mindestens 10 Jahren in der EU gekauft werden. Das Problem ist, dass es nie Kratom aus Thailand war. Es war nur ein Marketingname, aber das Kratom kam immer noch von der Insel Borneo in Indonesien. Ich war einer der ersten, der Kratom von thail\u00e4ndischen Farmen in die Tschechische Republik importierte. Mein thail\u00e4ndischer Lieferant erhielt mit meiner Bestellung die erste kommerzielle Lizenz f\u00fcr den Export aus Thailand (bis dahin hatte niemand sonst eine Exportlizenz).<br \/>\n<span class=\"wpb-space wpb-small\"><\/span><br \/>\n<\/span>Das Spektrum der Alkaloide unterscheidet sich leicht vom klassischen indonesischen Kratom. Der Mitragynin-Gehalt ist h\u00f6her als der Standard. Dies ist vor allem auf das andere Klima, den Boden und den sorgf\u00e4ltigen Produktionsprozess zur\u00fcckzuf\u00fchren. Die Thail\u00e4nder sind stolz auf Qualit\u00e4tsprozesse und Sicherheit - von der GMP- und ISO-9001-Zertifizierung bis hin zur organischen D\u00fcngung oder der Sicherheit der Arbeitskr\u00e4fte (sie verpacken Kisten mit einem Gewicht von maximal 13 kg, damit sie leicht zu handhaben sind).<br \/>\n<span class=\"wpb-space wpb-small\"><\/span><br \/>\nDie Qualit\u00e4t ist erstklassig und der Sammlerwert ist wirklich interessant. <strong>Ich m\u00f6chte Sie im Voraus warnen, dass dies ein Kratom mit einem hohen Mitragynin-Gehalt ist, also achten Sie darauf!<br \/>\n<span class=\"wpb-space wpb-small\"><\/span><br \/>\n<\/strong><span class=\"wsw-41\"><strong>Das gesamte Kratom in unserem Shop wird durch Gammabestrahlung sterilisiert und anschlie\u00dfend in Indonesien\/Thailand\/USA und bei der Einfuhr in der Tschechischen Republik\/EU getestet. <a href=\"https:\/\/clements-store.at\/de\/thai\/\" target=\"_blank\" rel=\"noopener\">HIER<\/a>.<\/strong><br \/>\n<\/span><strong><em><span class=\"wpb-space wpb-small\"><\/span><br \/>\nNur 100% Farben sind in diesem Angebot verf\u00fcgbar. Wenn Sie mehr verschiedene Kilos kaufen m\u00f6chten, w\u00e4hlen Sie die Option \u201eMehr Farben\/Typen\u201c und schreiben Sie mir eine Notiz, in welchem Verh\u00e4ltnis Sie Kratom zusammenstellen m\u00f6chten.<br \/>\n<span class=\"wpb-space wpb-small\"><\/span><br \/>\n<\/em><\/strong><span class=\"wsw-38\">Kann nicht mit einem Mengenrabatt mit einem anderen Kratom im e-shop kombiniert werden.<br \/>\n<span class=\"wpb-space wpb-small\"><\/span><br \/>\n<\/span><span class=\"wsw-31\"><strong>Red<\/strong>\u00a0<strong>Thail\u00e4ndisch <\/strong><\/span>(bis zu 5 Tage fermentiert)<br \/>\n<strong><span class=\"wsw-34\">Green Thai<br \/>\n<span class=\"wpb-space wpb-small\"><\/span><br \/>\n<\/span><\/strong><strong><span class=\"wsw-02\">Quantitative Optionen:<\/span><br \/>\n<\/strong><strong><span class=\"wsw-41\">Ein Beutel = eine Art!<br \/>\n<\/span><\/strong><span class=\"wsw-02\">Wir teilen die Beutel nicht in mehrere St\u00fccke oder mehrere Typen zum Preis von einem Beutel auf. Jeder einzelne Beutel muss separat bestellt werden. Wir versuchen, unn\u00f6tige Verschwendung von Verpackungsmaterial zu vermeiden. Idealerweise empfehlen wir den Kauf von Kratom pro Kilo, das wir in der Originalverpackung verkaufen und in ein Glas oder eine Dose auf Ihrem Regal zu Hause \u00fcbertragen werden kann. Wir machen keine Ausnahmen, wir danken Ihnen f\u00fcr Ihr Verst\u00e4ndnis.<br \/>\n<span class=\"wpb-space wpb-small\"><\/span><br \/>\n<\/span><strong>20 g = 6 \u20ac (0,300 \u20ac\/g)<\/strong><br \/>\n<strong>50 g = 11 \u20ac (0,220 \u20ac\/g)<\/strong><br \/>\n<strong>100 g = 17 \u20ac (0,170 \u20ac\/g)<\/strong><br \/>\n<strong>150 g = 24 \u20ac (0,160 \u20ac\/g)<\/strong><br \/>\n<strong>200 g = 31 \u20ac (0,155 \u20ac\/g)<\/strong><br \/>\n<strong>250 g = 37 \u20ac (0,148 \u20ac\/g)<\/strong><br \/>\n<strong>300 g = 42 \u20ac (0,140 \u20ac\/g)<\/strong><br \/>\n<strong>400 g = 54 \u20ac (0,135 \u20ac\/g)<\/strong><br \/>\n<strong>500 g = 66 \u20ac (0,132 \u20ac\/g)<\/strong><br \/>\n<strong>750 g = 95 \u20ac (0,127 \u20ac\/g)<br \/>\n<span class=\"wpb-space wpb-small\"><\/span><br \/>\n<\/strong><strong><span class=\"wsw-34\">Ein Kilo = eine Art = ein Beutel, vakuumiert aus Thailand.<br \/>\n<span class=\"wpb-space wpb-small\"><\/span><br \/>\n<\/span><\/strong><span class=\"wsw-02\"><strong>1 kg = 110 \u20ac (0,110 \u20ac\/g)<br \/>\n2 kg = 198 \u20ac (0,099 \u20ac\/g)<br \/>\n3 kg = 285 \u20ac (0,095 \u20ac\/g)<br \/>\n4 kg = 360 \u20ac (0,090 \u20ac\/g)<br \/>\n5 kg = 430 \u20ac (0,086 \u20ac\/g)<br \/>\n<\/strong><\/span><span class=\"wsw-02\"><strong><span class=\"wsw-34\"><span class=\"wpb-space wpb-small\"><\/span><br \/>\nWenn Sie gr\u00f6\u00dfere Mengen als 6 kg kaufen m\u00f6chten, kontaktieren Sie mich bitte per E-Mail oder auf anderem Wege. <a href=\"https:\/\/clements-store.at\/de\/kontakt\/\">Kontakt<\/a>.<br \/>\n<\/span><\/strong><span class=\"wsw-34\"><span class=\"wpb-space wpb-small\"><\/span><br \/>\nBotanisches Sammelobjekt f\u00fcr dekorative, ethnobotanische oder analytische Zwecke. Nicht f\u00fcr den menschlichen Verzehr.<\/span><\/span><\/p>","protected":false},"excerpt":{"rendered":"<p><span class=\"wsw-02\">Kratom mit dem Namen Thai kann meiner Erfahrung nach seit mindestens 10 Jahren in der EU gekauft werden. Das Problem ist, dass es sich nie um Kratom aus Thailand gehandelt hat. Es war nur ein Marketing-Name, aber das Kratom kam immer noch von der Insel Borneo in Indonesien. Ich war einer der ersten, der Kratom von thail\u00e4ndischen Farmen in die Tschechische Republik importierte. Mein thail\u00e4ndischer Lieferant erhielt mit meiner Bestellung die erste kommerzielle Lizenz f\u00fcr den Export aus Thailand (bis dahin hatte niemand sonst eine Lizenz f\u00fcr den Export in Thailand).<\/span><\/p>","protected":false},"featured_media":3916,"template":"","meta":{"inline_featured_image":false,"site-sidebar-layout":"default","site-content-layout":"","ast-site-content-layout":"default","site-content-style":"default","site-sidebar-style":"default","ast-global-header-display":"","ast-banner-title-visibility":"","ast-main-header-display":"","ast-hfb-above-header-display":"","ast-hfb-below-header-display":"","ast-hfb-mobile-header-display":"","site-post-title":"","ast-breadcrumbs-content":"","ast-featured-img":"","footer-sml-layout":"","theme-transparent-header-meta":"default","adv-header-id-meta":"","stick-header-meta":"default","header-above-stick-meta":"","header-main-stick-meta":"","header-below-stick-meta":"","astra-migrate-meta-layouts":"set","ast-page-background-enabled":"default","ast-page-background-meta":{"desktop":{"background-color":"var(--ast-global-color-4)","background-image":"","background-repeat":"repeat","background-position":"center center","background-size":"auto","background-attachment":"scroll","background-type":"","background-media":"","overlay-type":"","overlay-color":"","overlay-opacity":"","overlay-gradient":""},"tablet":{"background-color":"","background-image":"","background-repeat":"repeat","background-position":"center center","background-size":"auto","background-attachment":"scroll","background-type":"","background-media":"","overlay-type":"","overlay-color":"","overlay-opacity":"","overlay-gradient":""},"mobile":{"background-color":"","background-image":"","background-repeat":"repeat","background-position":"center center","background-size":"auto","background-attachment":"scroll","background-type":"","background-media":"","overlay-type":"","overlay-color":"","overlay-opacity":"","overlay-gradient":""}},"ast-content-background-meta":{"desktop":{"background-color":"var(--ast-global-color-5)","background-image":"","background-repeat":"repeat","background-position":"center center","background-size":"auto","background-attachment":"scroll","background-type":"","background-media":"","overlay-type":"","overlay-color":"","overlay-opacity":"","overlay-gradient":""},"tablet":{"background-color":"var(--ast-global-color-5)","background-image":"","background-repeat":"repeat","background-position":"center center","background-size":"auto","background-attachment":"scroll","background-type":"","background-media":"","overlay-type":"","overlay-color":"","overlay-opacity":"","overlay-gradient":""},"mobile":{"background-color":"var(--ast-global-color-5)","background-image":"","background-repeat":"repeat","background-position":"center center","background-size":"auto","background-attachment":"scroll","background-type":"","background-media":"","overlay-type":"","overlay-color":"","overlay-opacity":"","overlay-gradient":""}}},"product_brand":[],"product_cat":[19],"product_tag":[],"class_list":{"0":"post-2067","1":"product","2":"type-product","3":"status-publish","4":"has-post-thumbnail","6":"product_cat-kratom","7":"desktop-align-left","8":"tablet-align-left","9":"mobile-align-left","10":"ast-product-gallery-layout-horizontal-slider","11":"ast-product-single-variable","12":"ast-product-tabs-layout-horizontal","14":"first","15":"instock","16":"shipping-taxable","17":"purchasable","18":"product-type-variable"},"_links":{"self":[{"href":"https:\/\/clements-store.at\/de\/wp-json\/wp\/v2\/product\/2067","targetHints":{"allow":["GET"]}}],"collection":[{"href":"https:\/\/clements-store.at\/de\/wp-json\/wp\/v2\/product"}],"about":[{"href":"https:\/\/clements-store.at\/de\/wp-json\/wp\/v2\/types\/product"}],"wp:featuredmedia":[{"embeddable":true,"href":"https:\/\/clements-store.at\/de\/wp-json\/wp\/v2\/media\/3916"}],"wp:attachment":[{"href":"https:\/\/clements-store.at\/de\/wp-json\/wp\/v2\/media?parent=2067"}],"wp:term":[{"taxonomy":"product_brand","embeddable":true,"href":"https:\/\/clements-store.at\/de\/wp-json\/wp\/v2\/product_brand?post=2067"},{"taxonomy":"product_cat","embeddable":true,"href":"https:\/\/clements-store.at\/de\/wp-json\/wp\/v2\/product_cat?post=2067"},{"taxonomy":"product_tag","embeddable":true,"href":"https:\/\/clements-store.at\/de\/wp-json\/wp\/v2\/product_tag?post=2067"}],"curies":[{"name":"wp","href":"https:\/\/api.w.org\/{rel}","templated":true}]}}