{"id":1824,"date":"2024-10-03T12:55:33","date_gmt":"2024-10-03T12:55:33","guid":{"rendered":"https:\/\/clements-store.at\/?post_type=product&#038;p=1824"},"modified":"2026-03-04T04:44:57","modified_gmt":"2026-03-04T03:44:57","slug":"maeng-da","status":"publish","type":"product","link":"https:\/\/clements-store.at\/de\/product\/maeng-da\/","title":{"rendered":"MAENG DA"},"content":{"rendered":"<p><strong>QUELLE MAENG DA:<\/strong><br \/>\nEine Quelle, von der wir seit 2021 kaufen und immer zufrieden waren. Nur eine Sorte im Angebot - \u201eMaeng Da\u201c. Kein Bedarf an Marketing-M\u00e4rchen. Realistisch gesehen das Beste, was man aus Borneo, Indonesien, bekommen kann. Nat\u00fcrlich auf \u201enano\u201c zerkleinert.<br \/>\n<span class=\"wpb-space wpb-small\"><\/span><br \/>\n<span class=\"wsw-41\"><strong><span class=\"wsw-02\">Das gesamte Kratom in unserem Shop wird durch Gammabestrahlung sterilisiert und anschlie\u00dfend in Indonesien\/Thailand\/USA und bei der Einfuhr in der Tschechischen Republik\/EU getestet. \u00a0<\/span>Sie k\u00f6nnen Kratom Labortests von dieser Quelle finden\u00a0<a href=\"https:\/\/clements-store.at\/de\/maeng-da\/\">HIER.<\/a><br \/>\n<span class=\"wpb-space wpb-small\"><\/span><br \/>\n<\/strong><\/span><span class=\"wsw-02\"><strong><em>Nur 100% Farben sind in diesem Angebot verf\u00fcgbar. Wenn Sie mehr verschiedene Kilos kaufen m\u00f6chten, w\u00e4hlen Sie die Option \u201eMehr Farben\/Typen\u201c und schreiben Sie mir eine Notiz, in welchem Verh\u00e4ltnis Sie Kratom zusammenstellen m\u00f6chten.<br \/>\n<span class=\"wpb-space wpb-small\"><\/span><br \/>\n<\/em><\/strong><\/span><span class=\"wsw-02\"><span class=\"wsw-38\">Kann nicht mit einem Mengenrabatt mit einem anderen Kratom im e-shop kombiniert werden.<br \/>\n<span class=\"wpb-space wpb-small\"><\/span><br \/>\n<\/span><\/span><span class=\"wsw-41\"><strong>Brown<\/strong>\u00a0<strong>Maeng Da<\/strong><\/span> (bis zu 10 Tage fermentiert)<br \/>\n<span class=\"wsw-31\"><strong>Red<\/strong>\u00a0<strong>Maeng Da\u00a0<\/strong><\/span>(bis zu 7 Tage fermentiert)<br \/>\n<span class=\"wsw-34\"><strong>Green\u00a0<\/strong><strong>Maeng Da<\/strong><br \/>\n<\/span><span class=\"wsw-06\"><strong>White\u00a0<\/strong><strong>Maeng Da<br \/>\n<span class=\"wpb-space wpb-small\"><\/span><br \/>\n<\/strong><\/span><span class=\"wsw-02\"><strong>Quantitative Optionen:<br \/>\n<span class=\"wsw-41\">Ein Beutel = eine Art!<br \/>\n<\/span>Wir teilen die Beutel nicht in mehrere St\u00fccke oder mehrere Typen zum Preis von einem Beutel auf. Jeder einzelne Beutel muss separat bestellt werden. Wir versuchen, unn\u00f6tige Verschwendung von Verpackungsmaterial zu vermeiden. Idealerweise empfehlen wir den Kauf von Kratom pro Kilo, das wir in der Originalverpackung verkaufen und in ein Glas oder eine Dose auf Ihrem Regal zu Hause \u00fcbertragen werden kann. Wir machen keine Ausnahmen, wir danken Ihnen f\u00fcr Ihr Verst\u00e4ndnis.<br \/>\n<span class=\"wpb-space wpb-small\"><\/span><br \/>\n<\/strong><\/span><span class=\"wsw-02\"><strong>20 g = 5 \u20ac (0,250 \u20ac\/g)<br \/>\n50 g = 10 \u20ac (0,200 \u20ac\/g)<br \/>\n100 g = 16 \u20ac (0,160 \u20ac\/g)<br \/>\n150 g = 23 \u20ac (0,153 \u20ac\/g)<br \/>\n200 g = 30 \u20ac (0,150 \u20ac\/g)<br \/>\n250 g = 35 \u20ac (0,140 \u20ac\/g)<br \/>\n300 g = 40 \u20ac (0,133 \u20ac\/g)<br \/>\n400 g = 52 \u20ac (0,130 \u20ac\/g)<br \/>\n500 g = 64 \u20ac (0,128 \u20ac\/g)<br \/>\n750 g = 90 \u20ac (0,120 \u20ac\/g)<br \/>\n<span class=\"wpb-space wpb-small\"><\/span><br \/>\n<\/strong><\/span><span class=\"wsw-34\">Ein Kilo = eine Art = ein aus Indonesien gesaugter Beutel.<br \/>\n<span class=\"wpb-space wpb-small\"><\/span><br \/>\n<\/span><strong>1 kg = 100 \u20ac (0,100 \u20ac\/g)<\/strong><br \/>\n<strong>2 kg = 190 \u20ac (0,095 \u20ac\/g)<\/strong><br \/>\n<strong>3 kg = 270 \u20ac (0,090 \u20ac\/g)<\/strong><br \/>\n<strong>4 kg = 340 \u20ac (0,085 \u20ac\/g)<\/strong><br \/>\n<strong>5 kg = 400 \u20ac (0,080 \u20ac\/g)<br \/>\n<span class=\"wpb-space wpb-small\"><\/span><br \/>\n<\/strong><span class=\"wsw-34\"><strong>Wenn Sie gr\u00f6\u00dfere Mengen als 6 kg kaufen m\u00f6chten, kontaktieren Sie mich bitte per E-Mail oder auf anderem Wege. <a href=\"https:\/\/clements-store.at\/de\/kontakt\/\">Kontakt<\/a>.<\/strong><br \/>\n<\/span><span class=\"wsw-34\"><span class=\"wpb-space wpb-small\"><\/span><br \/>\nBotanisches Sammelobjekt f\u00fcr dekorative, ethnobotanische oder analytische Zwecke. Nicht f\u00fcr den menschlichen Verzehr.<\/span><strong><br \/>\n<\/strong><\/p>","protected":false},"excerpt":{"rendered":"<p>Eines der besten Kratome, die ich auf dem Markt gefunden habe. Wir arbeiten seit 2021 mit dem Lieferanten zusammen. Es ist nur eine Sorte erh\u00e4ltlich - \u201eMaeng Da\u201c.\u00a8<\/p>","protected":false},"featured_media":3908,"template":"","meta":{"inline_featured_image":false,"site-sidebar-layout":"default","site-content-layout":"","ast-site-content-layout":"default","site-content-style":"default","site-sidebar-style":"default","ast-global-header-display":"","ast-banner-title-visibility":"","ast-main-header-display":"","ast-hfb-above-header-display":"","ast-hfb-below-header-display":"","ast-hfb-mobile-header-display":"","site-post-title":"","ast-breadcrumbs-content":"","ast-featured-img":"","footer-sml-layout":"","theme-transparent-header-meta":"default","adv-header-id-meta":"","stick-header-meta":"default","header-above-stick-meta":"","header-main-stick-meta":"","header-below-stick-meta":"","astra-migrate-meta-layouts":"set","ast-page-background-enabled":"default","ast-page-background-meta":{"desktop":{"background-color":"var(--ast-global-color-4)","background-image":"","background-repeat":"repeat","background-position":"center center","background-size":"auto","background-attachment":"scroll","background-type":"","background-media":"","overlay-type":"","overlay-color":"","overlay-opacity":"","overlay-gradient":""},"tablet":{"background-color":"","background-image":"","background-repeat":"repeat","background-position":"center center","background-size":"auto","background-attachment":"scroll","background-type":"","background-media":"","overlay-type":"","overlay-color":"","overlay-opacity":"","overlay-gradient":""},"mobile":{"background-color":"","background-image":"","background-repeat":"repeat","background-position":"center center","background-size":"auto","background-attachment":"scroll","background-type":"","background-media":"","overlay-type":"","overlay-color":"","overlay-opacity":"","overlay-gradient":""}},"ast-content-background-meta":{"desktop":{"background-color":"var(--ast-global-color-5)","background-image":"","background-repeat":"repeat","background-position":"center center","background-size":"auto","background-attachment":"scroll","background-type":"","background-media":"","overlay-type":"","overlay-color":"","overlay-opacity":"","overlay-gradient":""},"tablet":{"background-color":"var(--ast-global-color-5)","background-image":"","background-repeat":"repeat","background-position":"center center","background-size":"auto","background-attachment":"scroll","background-type":"","background-media":"","overlay-type":"","overlay-color":"","overlay-opacity":"","overlay-gradient":""},"mobile":{"background-color":"var(--ast-global-color-5)","background-image":"","background-repeat":"repeat","background-position":"center center","background-size":"auto","background-attachment":"scroll","background-type":"","background-media":"","overlay-type":"","overlay-color":"","overlay-opacity":"","overlay-gradient":""}}},"product_brand":[],"product_cat":[19],"product_tag":[],"class_list":{"0":"post-1824","1":"product","2":"type-product","3":"status-publish","4":"has-post-thumbnail","6":"product_cat-kratom","7":"desktop-align-left","8":"tablet-align-left","9":"mobile-align-left","10":"ast-product-gallery-layout-horizontal-slider","11":"ast-product-single-variable","12":"ast-product-tabs-layout-horizontal","14":"first","15":"instock","16":"shipping-taxable","17":"purchasable","18":"product-type-variable"},"_links":{"self":[{"href":"https:\/\/clements-store.at\/de\/wp-json\/wp\/v2\/product\/1824","targetHints":{"allow":["GET"]}}],"collection":[{"href":"https:\/\/clements-store.at\/de\/wp-json\/wp\/v2\/product"}],"about":[{"href":"https:\/\/clements-store.at\/de\/wp-json\/wp\/v2\/types\/product"}],"wp:featuredmedia":[{"embeddable":true,"href":"https:\/\/clements-store.at\/de\/wp-json\/wp\/v2\/media\/3908"}],"wp:attachment":[{"href":"https:\/\/clements-store.at\/de\/wp-json\/wp\/v2\/media?parent=1824"}],"wp:term":[{"taxonomy":"product_brand","embeddable":true,"href":"https:\/\/clements-store.at\/de\/wp-json\/wp\/v2\/product_brand?post=1824"},{"taxonomy":"product_cat","embeddable":true,"href":"https:\/\/clements-store.at\/de\/wp-json\/wp\/v2\/product_cat?post=1824"},{"taxonomy":"product_tag","embeddable":true,"href":"https:\/\/clements-store.at\/de\/wp-json\/wp\/v2\/product_tag?post=1824"}],"curies":[{"name":"wp","href":"https:\/\/api.w.org\/{rel}","templated":true}]}}