{"id":6033,"date":"2026-01-27T22:46:27","date_gmt":"2026-01-27T21:46:27","guid":{"rendered":"https:\/\/clements-store.at\/?page_id=6033"},"modified":"2026-05-03T17:41:58","modified_gmt":"2026-05-03T15:41:58","slug":"impressum","status":"publish","type":"page","link":"https:\/\/clements-store.at\/de\/impressum\/","title":{"rendered":"Impressum"},"content":{"rendered":"<div data-elementor-type=\"wp-page\" data-elementor-id=\"6033\" class=\"elementor elementor-6033\" data-elementor-post-type=\"page\">\n\t\t\t\t<div class=\"elementor-element elementor-element-c9a7642 e-flex e-con-boxed e-con e-parent\" data-id=\"c9a7642\" data-element_type=\"container\" data-no-translation=\"\">\n\t\t\t\t\t<div class=\"e-con-inner\">\n\t\t\t\t<div class=\"elementor-element elementor-element-f11d3ad elementor-widget__width-initial elementor-widget elementor-widget-heading\" data-id=\"f11d3ad\" data-element_type=\"widget\" data-widget_type=\"heading.default\">\n\t\t\t\t<div class=\"elementor-widget-container\">\n\t\t\t<h2 class=\"elementor-heading-title elementor-size-default\">Impressum<\/h2>\t\t<\/div>\n\t\t\t\t<\/div>\n\t\t<div class=\"elementor-element elementor-element-7fc5449 e-con-full e-flex e-con e-child\" data-id=\"7fc5449\" data-element_type=\"container\">\n\t\t\t\t<div class=\"elementor-element elementor-element-6300345 elementor-widget__width-initial elementor-widget elementor-widget-text-editor\" data-id=\"6300345\" data-element_type=\"widget\" data-widget_type=\"text-editor.default\">\n\t\t\t\t<div class=\"elementor-widget-container\">\n\t\t\t\t\t\t\t<p><strong>Angaben gem\u00e4\u00df \u00a7 5 des E-Commerce-Gesetzes (ECG)<\/strong> <br \/><strong>Websitebetreiberin:<\/strong> <br \/>Irena Klementov\u00e1, Clement&#8217;s Store<br \/>Sevastopolsk\u00e1 348\/7, 625 00, Brno &#8211; Star\u00fd L\u00edskovec<br \/><strong>Kontakt:<\/strong> <br \/>E-Mail: <a class=\"underline underline underline-offset-2 decoration-1 decoration-current\/40 hover:decoration-current focus:decoration-current\" href=\"mailto:info@clements-store.at\">info@clements-store.at<\/a> <br \/>Tel.: +420 728 748 370<br \/><strong>Unternehmensgegenstand:<\/strong> <br \/>Einzelhandel mit Waren (insbesondere Sammlerst\u00fccke und Forschungsprodukte)<br \/><strong>Gewerbliche Angaben:<br \/><\/strong> Pers\u00f6nliche Identifikationsnummer: 29495377 <br \/>Datum der Gewerbeanmeldung: 15.04.2026 <br \/>Zust\u00e4ndige Beh\u00f6rde gem\u00e4\u00df \u00a7 71 Abs. 2 Gewerbeordnung: Magistrat der Stadt Br\u00fcnn. <br \/>Das Unternehmen wird auf Grundlage eines tschechischen Gewerbescheins gem\u00e4\u00df der Stellungnahme der tschechischen und \u00f6sterreichischen Finanzbeh\u00f6rden betrieben. Eine Mitgliedschaft in der Wirtschaftskammer \u00d6sterreich (WKO) ist nicht erforderlich. <br \/><strong>Steuerlicher Hinweis:<\/strong><br \/>Kleinunternehmer, nicht umsatzsteuerpflichtig. Es wird keine Umsatzsteuer berechnet oder ausgewiesen.<br \/><strong>Produkthaftungshinweis:<\/strong><br \/>Die Produkte von Clement&#8217;s Store sind ausschlie\u00dflich f\u00fcr Sammlungs-, Forschungs- und wissenschaftliche Zwecke bestimmt. Verzehr oder Einnahme wird ausdr\u00fccklich nicht empfohlen. Die Betreiberin \u00fcbernimmt keine Haftung f\u00fcr Sch\u00e4den, die durch unsachgem\u00e4\u00dfe Verwendung der Produkte entstehen. Der K\u00e4ufer ist allein verantwortlich f\u00fcr die Einhaltung der in seinem Land geltenden Gesetze und Vorschriften. <br \/><strong>Urheberrecht:<\/strong><br \/>Alle Inhalte dieser Website (Texte, Bilder, Grafiken) unterliegen dem \u00f6sterreichischen Urheberrecht. Vervielf\u00e4ltigung, Bearbeitung oder Verbreitung bed\u00fcrfen der schriftlichen Zustimmung der Betreiberin. Das Herunterladen und Kopieren ist ausschlie\u00dflich f\u00fcr den privaten, nicht kommerziellen Gebrauch gestattet. <br \/><strong>Haftung f\u00fcr externe Links:<\/strong><br \/>Diese Website enth\u00e4lt Links zu externen Websites Dritter. Trotz sorgf\u00e4ltiger Pr\u00fcfung \u00fcbernehmen wir keine Verantwortung f\u00fcr deren Inhalte. F\u00fcr den Inhalt der verlinkten Seiten sind ausschlie\u00dflich deren Betreiber verantwortlich.<br \/><strong>Datenschutz:<\/strong> <br \/>Informationen zur Verarbeitung personenbezogener Daten finden Sie in unserer Datenschutzerkl\u00e4rung unter: <a class=\"underline underline underline-offset-2 decoration-1 decoration-current\/40 hover:decoration-current focus:decoration-current\" href=\"https:\/\/clements-store.at\/de\/datenschutz\/\">https:\/\/clements-store.at\/de\/datenschutz\/<\/a> <br \/><strong>Inhaltlich verantwortliche Person:<\/strong> <br \/>Irena Klementov\u00e1 (Adresse siehe oben)<\/p>\t\t\t\t\t\t<\/div>\n\t\t\t\t<\/div>\n\t\t\t\t<\/div>\n\t\t\t\t\t<\/div>\n\t\t\t\t<\/div>\n\t\t\t\t<\/div>","protected":false},"excerpt":{"rendered":"<p>Impressum \u00dadaje dle \u00a7 5 z\u00e1kona o elektronick\u00e9m obchodu (ECG) Provozovatelka webu: Irena Klementov\u00e1, Clement&#8217;s StoreSevastopolsk\u00e1 348\/7, 625 00, Brno &#8211; Star\u00fd L\u00edskovec Kontakt: E-mail: info@clements-store.at Tel.: +420 728 748 370 P\u0159edm\u011bt podnik\u00e1n\u00ed: Maloobchod se zbo\u017e\u00edm (zejm\u00e9na sb\u011bratelsk\u00e9 p\u0159edm\u011bty a v\u00fdzkumn\u00e9 produkty) \u017divnostensk\u00e9 \u00fadaje: Identifika\u010dn\u00ed \u010d\u00edslo fyzick\u00e9 osoby: 29495377Datum registrace \u017eivnosti: 15.04.2026 \u00da\u0159ad p\u0159\u00edslu\u0161n\u00fd podle [&hellip;]<\/p>","protected":false},"author":1,"featured_media":0,"parent":0,"menu_order":0,"comment_status":"closed","ping_status":"closed","template":"","meta":{"inline_featured_image":false,"site-sidebar-layout":"no-sidebar","site-content-layout":"page-builder","ast-site-content-layout":"full-width-container","site-content-style":"default","site-sidebar-style":"default","ast-global-header-display":"","ast-banner-title-visibility":"","ast-main-header-display":"","ast-hfb-above-header-display":"","ast-hfb-below-header-display":"","ast-hfb-mobile-header-display":"","site-post-title":"disabled","ast-breadcrumbs-content":"","ast-featured-img":"disabled","footer-sml-layout":"","theme-transparent-header-meta":"","adv-header-id-meta":"","stick-header-meta":"","header-above-stick-meta":"","header-main-stick-meta":"","header-below-stick-meta":"","astra-migrate-meta-layouts":"set","ast-page-background-enabled":"default","ast-page-background-meta":{"desktop":{"background-color":"var(--ast-global-color-4)","background-image":"","background-repeat":"repeat","background-position":"center center","background-size":"auto","background-attachment":"scroll","background-type":"","background-media":"","overlay-type":"","overlay-color":"","overlay-opacity":"","overlay-gradient":""},"tablet":{"background-color":"","background-image":"","background-repeat":"repeat","background-position":"center center","background-size":"auto","background-attachment":"scroll","background-type":"","background-media":"","overlay-type":"","overlay-color":"","overlay-opacity":"","overlay-gradient":""},"mobile":{"background-color":"","background-image":"","background-repeat":"repeat","background-position":"center center","background-size":"auto","background-attachment":"scroll","background-type":"","background-media":"","overlay-type":"","overlay-color":"","overlay-opacity":"","overlay-gradient":""}},"ast-content-background-meta":{"desktop":{"background-color":"var(--ast-global-color-5)","background-image":"","background-repeat":"repeat","background-position":"center center","background-size":"auto","background-attachment":"scroll","background-type":"","background-media":"","overlay-type":"","overlay-color":"","overlay-opacity":"","overlay-gradient":""},"tablet":{"background-color":"var(--ast-global-color-5)","background-image":"","background-repeat":"repeat","background-position":"center center","background-size":"auto","background-attachment":"scroll","background-type":"","background-media":"","overlay-type":"","overlay-color":"","overlay-opacity":"","overlay-gradient":""},"mobile":{"background-color":"var(--ast-global-color-5)","background-image":"","background-repeat":"repeat","background-position":"center center","background-size":"auto","background-attachment":"scroll","background-type":"","background-media":"","overlay-type":"","overlay-color":"","overlay-opacity":"","overlay-gradient":""}},"footnotes":""},"class_list":["post-6033","page","type-page","status-publish","hentry"],"_links":{"self":[{"href":"https:\/\/clements-store.at\/de\/wp-json\/wp\/v2\/pages\/6033","targetHints":{"allow":["GET"]}}],"collection":[{"href":"https:\/\/clements-store.at\/de\/wp-json\/wp\/v2\/pages"}],"about":[{"href":"https:\/\/clements-store.at\/de\/wp-json\/wp\/v2\/types\/page"}],"author":[{"embeddable":true,"href":"https:\/\/clements-store.at\/de\/wp-json\/wp\/v2\/users\/1"}],"replies":[{"embeddable":true,"href":"https:\/\/clements-store.at\/de\/wp-json\/wp\/v2\/comments?post=6033"}],"version-history":[{"count":25,"href":"https:\/\/clements-store.at\/de\/wp-json\/wp\/v2\/pages\/6033\/revisions"}],"predecessor-version":[{"id":6848,"href":"https:\/\/clements-store.at\/de\/wp-json\/wp\/v2\/pages\/6033\/revisions\/6848"}],"wp:attachment":[{"href":"https:\/\/clements-store.at\/de\/wp-json\/wp\/v2\/media?parent=6033"}],"curies":[{"name":"wp","href":"https:\/\/api.w.org\/{rel}","templated":true}]}}