{"id":3355,"date":"2024-11-24T20:47:58","date_gmt":"2024-11-24T19:47:58","guid":{"rendered":"https:\/\/clements-store.at\/?page_id=3355"},"modified":"2026-05-03T17:53:46","modified_gmt":"2026-05-03T15:53:46","slug":"allgemeine-geschaftsbedingungen","status":"publish","type":"page","link":"https:\/\/clements-store.at\/de\/allgemeine-geschaftsbedingungen\/","title":{"rendered":"Allgemeine Gesch\u00e4ftsbedingungen (AGB)"},"content":{"rendered":"<div data-elementor-type=\"wp-page\" data-elementor-id=\"3355\" class=\"elementor elementor-3355\" data-elementor-post-type=\"page\">\n\t\t\t\t<div class=\"elementor-element elementor-element-43708b8 e-flex e-con-boxed e-con e-parent\" data-id=\"43708b8\" data-element_type=\"container\" data-no-translation=\"\">\n\t\t\t\t\t<div class=\"e-con-inner\">\n\t\t\t\t<div class=\"elementor-element elementor-element-b2c5c9c elementor-widget elementor-widget-heading\" data-id=\"b2c5c9c\" data-element_type=\"widget\" data-widget_type=\"heading.default\">\n\t\t\t\t<div class=\"elementor-widget-container\">\n\t\t\t<h2 class=\"elementor-heading-title elementor-size-default\">Allgemeine Gesch\u00e4ftsbedingungen (AGB)<\/h2>\t\t<\/div>\n\t\t\t\t<\/div>\n\t\t\t\t<div class=\"elementor-element elementor-element-855761c elementor-widget elementor-widget-text-editor\" data-id=\"855761c\" data-element_type=\"widget\" data-widget_type=\"text-editor.default\">\n\t\t\t\t<div class=\"elementor-widget-container\">\n\t\t\t\t\t\t\t<p><b>Clement&#8217;s Store | Irena Klementov\u00e1 | Stand: M\u00e4rz 2026<\/b><\/p><h5><b>1. Geltungsbereich<\/b><\/h5><p><span style=\"font-weight: 400;\">Diese AGB gelten f\u00fcr alle Vertr\u00e4ge zwischen Irena Klementov\u00e1 (Clement&#8217;s Store, gem\u00e4\u00df Impressum) und Kunden \u00fcber den Onlineshop clements-store.at. Abweichende Bedingungen des Kunden gelten nicht. Die Vertragssprache ist Deutsch.<\/span><\/p><h5><b>2. Anbieter \/ Impressum<\/b><\/h5><p><span style=\"font-weight: 400;\">Irena Klementov\u00e1<\/span><\/p><p><span style=\"font-weight: 400;\">Clement&#8217;s Store<\/span><\/p><p>Sevastopolsk\u00e1 348\/7, 625 00, Brno &#8211; Star\u00fd L\u00edskovec<\/p><p><span style=\"font-weight: 400;\">E-Mail: info@clements-store.at<\/span><\/p><p><span style=\"font-weight: 400;\">Tel.: +420 728 748 370<\/span><\/p><p><i><span style=\"font-weight: 400;\">Hinweis: Die Unternehmerin ist Kleinunternehmerin gem\u00e4\u00df \u00a7 6 Abs. 1 Z 27 UStG. Es wird keine Umsatzsteuer in Rechnung gestellt und keine Umsatzsteuer ausgewiesen.<\/span><\/i><\/p><h5><b>3. Vertragsschluss<\/b><\/h5><p><span style=\"font-weight: 400;\">Die Darstellung von Produkten im Onlineshop stellt kein bindendes Angebot dar, sondern eine Einladung zur Bestellung. Mit Klick auf &#8222;Jetzt kaufen&#8220; \/ &#8222;Kostenpflichtig bestellen&#8220; gibt der Kunde ein verbindliches Angebot ab. Der Vertragsschluss erfolgt durch eine Auftragsbest\u00e4tigung per E-Mail. Wir behalten uns das Recht vor, Bestellungen ohne Angabe von Gr\u00fcnden abzulehnen (z. B. bei Bestellfehlern, Nichtverf\u00fcgbarkeit).<\/span><\/p><h5><b style=\"font-style: inherit;\">4. Produkte und Produktbeschreibung<\/b><\/h5><p><span style=\"font-weight: 400;\">Wir verkaufen Kratom-Produkte (Mitragyna speciosa) ausschlie\u00dflich als Sammlerst\u00fccke, botanisches Rohmaterial und f\u00fcr Forschungszwecke.<\/span><\/p><p><span style=\"font-weight: 400;\"><strong>WICHTIGER HINWEIS:<\/strong> Die Produkte sind NICHT f\u00fcr den menschlichen Verzehr (Einnahme, Konsum) bestimmt. Der Verkauf erfolgt ausschlie\u00dflich zu Zwecken der wissenschaftlichen Forschung oder als Sammlerst\u00fccke. Der K\u00e4ufer best\u00e4tigt mit der Bestellung, dass er die Produkte nicht zum Verzehr verwendet.<\/span><\/p><p><span style=\"font-weight: 400;\">Der Anbieter \u00fcbernimmt keine Verantwortung f\u00fcr missbr\u00e4uchliche Verwendung der Produkte.<\/span><\/p><h5><b style=\"font-style: inherit;\">5. Preise und Zahlung<\/b><\/h5><p><span style=\"font-weight: 400;\">Alle Preise sind in EUR angegeben. Es wird keine Umsatzsteuer ausgewiesen (Kleinunternehmerregelung).<\/span><\/p><p><strong>Zahlungsarten:<\/strong><\/p><ul><li><span style=\"font-weight: 400;\"><strong> Online-Bestellungen:<\/strong> Zahlung per Vorauskasse (Bank\u00fcberweisung) oder Kreditkarte\/Debitkarte \u00fcber den sicheren Zahlungsdienstleister. Der Versand erfolgt nach Zahlungseingang.<\/span><\/li><\/ul><p><span style=\"font-weight: 400;\">Versandkosten werden im Warenkorb \/ Checkout ausgewiesen.<\/span><\/p><h5><b style=\"font-style: inherit;\">6. Lieferung<\/b><\/h5><p><span style=\"font-weight: 400;\">Lieferzeit f\u00fcr \u00d6sterreich und die EU: 3\u20137 Werktage nach Zahlungseingang.<\/span><\/p><p><span style=\"font-weight: 400;\">Versand erfolgt \u00fcber GLS. Sammlerst\u00fccke werden versichert versendet. Lieferverz\u00f6gerungen befreien den Kunden nicht von der Zahlungspflicht.<\/span><\/p><p><span style=\"font-weight: 400;\">Eine Lieferung erfolgt ausschlie\u00dflich in L\u00e4nder, in denen der Kauf und Besitz von Kratom legal ist. Der Kunde tr\u00e4gt die Verantwortung f\u00fcr die Pr\u00fcfung der rechtlichen Situation in seinem Land.<\/span><\/p><h5><b style=\"font-style: inherit;\">7. Widerrufsrecht<\/b><\/h5><p><span style=\"font-weight: 400;\">Sie haben das Recht, binnen 14 Tagen ohne Angabe von Gr\u00fcnden diesen Vertrag zu widerrufen. Die Widerrufsfrist betr\u00e4gt 14 Tage ab dem Tag, an dem Sie oder ein von Ihnen benannter Dritter die Waren in Besitz genommen haben.<\/span><\/p><p><span style=\"font-weight: 400;\">Um das Widerrufsrecht auszu\u00fcben, m\u00fcssen Sie uns (Irena Klementov\u00e1, Sevastopolsk\u00e1 348\/7, 625 00, Brno &#8211; Star\u00fd L\u00edskovec, info@clements-store.at) mittels einer eindeutigen Erkl\u00e4rung (z. B. per E-Mail) \u00fcber Ihren Entschluss, diesen Vertrag zu widerrufen, informieren. Sie k\u00f6nnen daf\u00fcr das Muster-Widerrufsformular am Ende dieser AGB verwenden.<\/span><\/p><p><span style=\"font-weight: 400;\">Zur Wahrung der Widerrufsfrist reicht es aus, dass Sie die Mitteilung \u00fcber die Aus\u00fcbung des Widerrufsrechts vor Ablauf der Widerrufsfrist absenden.<\/span><\/p><p><span style=\"font-weight: 400;\">Folgen des Widerrufs: Im Falle eines wirksamen Widerrufs erstatten wir alle Zahlungen einschlie\u00dflich Lieferkosten (mit Ausnahme der zus\u00e4tzlichen Kosten, die sich aus einer anderen Lieferart als der von uns angebotenen g\u00fcnstigen Standardlieferung ergeben) innerhalb von 14 Tagen zur\u00fcck. Die R\u00fccksendung der Waren erfolgt auf Ihre Kosten.<\/span><\/p><p><span style=\"font-weight: 400;\">Ausnahmen vom Widerrufsrecht (\u00a7 18 FAGG): Das Widerrufsrecht besteht nicht f\u00fcr Waren, die aus Gr\u00fcnden des Gesundheitsschutzes oder der Hygiene nicht zur R\u00fcckgabe geeignet sind und deren Versiegelung nach der Lieferung entfernt wurde. Dies gilt insbesondere f\u00fcr ge\u00f6ffnete Produktverpackungen.<\/span><\/p><h5><b style=\"font-style: inherit;\">8. Muster-Widerrufsformular<\/b><\/h5><p><strong>An: Irena Klementov\u00e1, Sevastopolsk\u00e1 348\/7, 625 00, Brno &#8211; Star\u00fd L\u00edskovec, info@clements-store.at<\/strong><\/p><p><span style=\"font-weight: 400;\">Hiermit widerrufe(n) ich\/wir (*) den von mir\/uns (*) abgeschlossenen Vertrag \u00fcber den Kauf der folgenden Waren:<\/span><\/p><p><span style=\"font-weight: 400;\">Bestellt am (*): ___________________________<\/span><\/p><p><span style=\"font-weight: 400;\">Erhalten am (*): ___________________________<\/span><\/p><p><span style=\"font-weight: 400;\">Name des\/der Verbraucher(s): ___________________________<\/span><\/p><p><span style=\"font-weight: 400;\">Anschrift des\/der Verbraucher(s): ___________________________<\/span><\/p><p><span style=\"font-weight: 400;\">Unterschrift (nur bei Mitteilung auf Papier): ___________________________<\/span><\/p><p><span style=\"font-weight: 400;\">Datum: ___________________________<\/span><\/p><p><i><span style=\"font-weight: 400;\">(*) Unzutreffendes streichen.<\/span><\/i><\/p><h5><b style=\"font-style: inherit;\">9. Gew\u00e4hrleistung und Reklamation<\/b><\/h5><p><span style=\"font-weight: 400;\">Es gelten die gesetzlichen Gew\u00e4hrleistungsrechte nach \u00a7\u00a7 922 ff ABGB (2 Jahre ab \u00dcbergabe). M\u00e4ngel sind uns schriftlich (info@clements-store.at) innerhalb von 2 Monaten nach Entdeckung zu melden.<\/span><\/p><p><span style=\"font-weight: 400;\">Bei berechtigten M\u00e4ngeln erfolgt nach unserer Wahl Reparatur, Ersatz oder R\u00fcckerstattung. Bei nachgewiesenem Sachmangel tr\u00e4gt der Anbieter die R\u00fccksendekosten.<\/span><\/p><p><span style=\"font-weight: 400;\">Hinweis: Wurden Versiegelungen aus Hygienegr\u00fcnden entfernt, ist eine Reklamation wegen Nichtgefallens ausgeschlossen (\u00a7 18 FAGG analog). Dies gilt nicht bei nachgewiesenem Sachmangel.<\/span><\/p><h5><b>10. Haftung<\/b><\/h5><p><span style=\"font-weight: 400;\">Eine Haftung des Anbieters besteht nur bei Vorsatz und grober Fahrl\u00e4ssigkeit. Eine Haftung f\u00fcr leichte Fahrl\u00e4ssigkeit ist \u2013 soweit gesetzlich zul\u00e4ssig \u2013 ausgeschlossen.<\/span><\/p><p><span style=\"font-weight: 400;\">Der Anbieter haftet nicht f\u00fcr Sch\u00e4den, die durch missbr\u00e4uchliche oder nicht bestimmungsgem\u00e4\u00dfe Verwendung der Produkte entstehen. Der K\u00e4ufer ist allein verantwortlich f\u00fcr die Einhaltung der in seinem Land geltenden Gesetze und Vorschriften im Zusammenhang mit dem Kauf und Besitz der Produkte.<\/span><\/p><h5><b style=\"font-style: inherit;\">11. Datenschutz<\/b><\/h5><p><span style=\"font-weight: 400;\">Die Erhebung und Verarbeitung personenbezogener Daten erfolgt gem\u00e4\u00df unserer Datenschutzerkl\u00e4rung, die unter clements-store.at\/datenschutzerklarung abrufbar ist.<\/span><\/p><h5><b style=\"font-style: inherit;\">12. Gerichtsstand und anwendbares Recht<\/b><\/h5><p><span style=\"font-weight: 400;\">Es gilt \u00f6sterreichisches Recht unter Ausschluss des UN-Kaufrechts (CISG).<\/span><\/p><p><span style=\"font-weight: 400;\">Gerichtsstand f\u00fcr Unternehmer ist Wien. F\u00fcr Verbraucher gelten die gesetzlichen Gerichtsst\u00e4nde.<\/span><\/p><p><span style=\"font-weight: 400;\">Online-Streitbeilegung (OS-Plattform der EU): https:\/\/ec.europa.eu\/consumers\/odr<\/span><\/p><p><span style=\"font-weight: 400;\">Wir sind nicht verpflichtet und nicht bereit, an einem Streitbeilegungsverfahren vor einer Verbraucherschlichtungsstelle teilzunehmen.<\/span><\/p><h5><b>13. Schlussbestimmungen<\/b><\/h5><p><span style=\"font-weight: 400;\">M\u00fcndliche Nebenabreden bestehen nicht. \u00c4nderungen und Erg\u00e4nzungen bed\u00fcrfen der Schriftform. Sollte eine Bestimmung dieser AGB unwirksam sein, bleibt die Wirksamkeit der \u00fcbrigen Bestimmungen unber\u00fchrt.<\/span><\/p><h5><strong>14. Nicht abgeholte Pakete<\/strong><\/h5><div data-test-render-count=\"1\"><div class=\"group\"><div class=\"contents\"><div class=\"group relative relative pb-3\" data-is-streaming=\"false\"><div class=\"font-claude-response relative leading-[1.65rem] [&amp;_pre&gt;div]:bg-bg-000\/50 [&amp;_pre&gt;div]:border-0.5 [&amp;_pre&gt;div]:border-border-400 [&amp;_.ignore-pre-bg&gt;div]:bg-transparent [&amp;_.standard-markdown_:is(p,blockquote,h1,h2,h3,h4,h5,h6)]:pl-2 [&amp;_.standard-markdown_:is(p,blockquote,ul,ol,h1,h2,h3,h4,h5,h6)]:pr-8 [&amp;_.progressive-markdown_:is(p,blockquote,h1,h2,h3,h4,h5,h6)]:pl-2 [&amp;_.progressive-markdown_:is(p,blockquote,ul,ol,h1,h2,h3,h4,h5,h6)]:pr-8\"><div class=\"standard-markdown grid-cols-1 grid [&amp;_&gt;_*]:min-w-0 gap-3 standard-markdown\"><p class=\"font-claude-response-body break-words whitespace-normal leading-[1.7]\">Wenn der Kunde das Paket nicht abholt, ist er verpflichtet, alle dadurch entstandenen Versandkosten zu tragen. Die H\u00f6he der Erstattung wird wie folgt festgelegt:<\/p><ul class=\"[li_&amp;]:mb-0 [li_&amp;]:mt-1 [li_&amp;]:gap-1 [&amp;:not(:last-child)_ul]:pb-1 [&amp;:not(:last-child)_ol]:pb-1 list-disc flex flex-col gap-1 pl-8 mb-3\"><li class=\"whitespace-normal break-words pl-2\">Hat der Kunde die Versandkosten gem\u00e4\u00df der Preisliste im Warenkorb bezahlt, wird dieser Betrag von seiner Zahlung abgezogen.<\/li><li class=\"whitespace-normal break-words pl-2\">Wurde der Versand kostenlos angeboten, werden dem Kunden die tats\u00e4chlichen Versandkosten gem\u00e4\u00df den Tarifen des Versanddienstleisters GLS berechnet. Dieser Betrag entspricht in etwa den auf unserer Website angegebenen Versandpreisen, sofern es sich nicht um ein \u00dcbergep\u00e4ckst\u00fcck handelt (\u00fcber 6 kg), in welchem Fall aufgrund der tats\u00e4chlichen Kosten ein h\u00f6herer Versandpreis berechnet werden kann.<\/li><\/ul><p class=\"font-claude-response-body break-words whitespace-normal leading-[1.7]\">In beiden F\u00e4llen wird eine Bearbeitungsgeb\u00fchr von <strong>5 EUR<\/strong> f\u00fcr Verpackung und Auftragsbearbeitung erhoben.<\/p><p class=\"font-claude-response-body break-words whitespace-normal leading-[1.7]\">Alle oben genannten Kosten werden von der im Voraus erhaltenen Zahlung abgezogen. Ein verbleibender Restbetrag wird dem Kunden unverz\u00fcglich auf dasselbe Konto zur\u00fcckerstattet, von dem die Zahlung erfolgt ist.<\/p><\/div><\/div><\/div><\/div><div class=\"flex justify-start\" role=\"group\" aria-label=\"Message actions\"><div class=\"text-text-300\"><div class=\"text-text-300 flex items-stretch justify-between\"><div class=\"w-fit\" data-state=\"closed\"><div class=\"relative text-text-500 group-hover\/btn:text-text-100\"><div class=\"transition-all opacity-100 scale-100\">\u00a0<\/div><div class=\"absolute top-0 left-0 transition-all opacity-0 scale-50\">\u00a0<\/div><\/div><\/div><div class=\"w-fit\" data-state=\"closed\"><div class=\"text-text-500 group-hover\/btn:text-text-100\">\u00a0<\/div><\/div><div class=\"w-fit\" data-state=\"closed\"><div class=\"text-text-500 group-hover\/btn:text-text-100\">\u00a0<\/div><\/div><div class=\"flex items-center\"><div class=\"w-fit\" data-state=\"closed\"><div class=\"text-text-500 group-hover\/btn:text-text-100\">\u00a0<\/div><\/div><\/div><\/div><\/div><\/div><\/div><\/div><div class=\"h-px w-full pointer-events-none\" aria-hidden=\"true\">\u00a0<\/div>\t\t\t\t\t\t<\/div>\n\t\t\t\t<\/div>\n\t\t\t\t\t<\/div>\n\t\t\t\t<\/div>\n\t\t\t\t<\/div>","protected":false},"excerpt":{"rendered":"<p>V\u0161eobecn\u00e9 obchodn\u00ed podm\u00ednky (VOP) Clement&#8217;s Store | Irena Klementov\u00e1 | Platn\u00e9 od: b\u0159ezna 2026 1. Oblast platnosti Tyto VOP se vztahuj\u00ed na v\u0161echny smlouvy uzav\u0159en\u00e9 mezi Irenou Klementovou (Clement&#8217;s Store, dle impressa) a z\u00e1kazn\u00edky prost\u0159ednictv\u00edm internetov\u00e9ho obchodu clements-store.at. Odchyln\u00e9 podm\u00ednky z\u00e1kazn\u00edka se neuplat\u0148uj\u00ed. Smluvn\u00edm jazykem je n\u011bm\u010dina, tyto VOP jsou poskytnuty i v \u010de\u0161tin\u011b pro [&hellip;]<\/p>","protected":false},"author":1,"featured_media":0,"parent":0,"menu_order":0,"comment_status":"closed","ping_status":"closed","template":"","meta":{"inline_featured_image":false,"site-sidebar-layout":"no-sidebar","site-content-layout":"page-builder","ast-site-content-layout":"full-width-container","site-content-style":"default","site-sidebar-style":"default","ast-global-header-display":"","ast-banner-title-visibility":"","ast-main-header-display":"","ast-hfb-above-header-display":"","ast-hfb-below-header-display":"","ast-hfb-mobile-header-display":"","site-post-title":"disabled","ast-breadcrumbs-content":"","ast-featured-img":"disabled","footer-sml-layout":"","theme-transparent-header-meta":"","adv-header-id-meta":"","stick-header-meta":"","header-above-stick-meta":"","header-main-stick-meta":"","header-below-stick-meta":"","astra-migrate-meta-layouts":"set","ast-page-background-enabled":"default","ast-page-background-meta":{"desktop":{"background-color":"var(--ast-global-color-4)","background-image":"","background-repeat":"repeat","background-position":"center center","background-size":"auto","background-attachment":"scroll","background-type":"","background-media":"","overlay-type":"","overlay-color":"","overlay-opacity":"","overlay-gradient":""},"tablet":{"background-color":"","background-image":"","background-repeat":"repeat","background-position":"center center","background-size":"auto","background-attachment":"scroll","background-type":"","background-media":"","overlay-type":"","overlay-color":"","overlay-opacity":"","overlay-gradient":""},"mobile":{"background-color":"","background-image":"","background-repeat":"repeat","background-position":"center center","background-size":"auto","background-attachment":"scroll","background-type":"","background-media":"","overlay-type":"","overlay-color":"","overlay-opacity":"","overlay-gradient":""}},"ast-content-background-meta":{"desktop":{"background-color":"var(--ast-global-color-5)","background-image":"","background-repeat":"repeat","background-position":"center center","background-size":"auto","background-attachment":"scroll","background-type":"","background-media":"","overlay-type":"","overlay-color":"","overlay-opacity":"","overlay-gradient":""},"tablet":{"background-color":"var(--ast-global-color-5)","background-image":"","background-repeat":"repeat","background-position":"center center","background-size":"auto","background-attachment":"scroll","background-type":"","background-media":"","overlay-type":"","overlay-color":"","overlay-opacity":"","overlay-gradient":""},"mobile":{"background-color":"var(--ast-global-color-5)","background-image":"","background-repeat":"repeat","background-position":"center center","background-size":"auto","background-attachment":"scroll","background-type":"","background-media":"","overlay-type":"","overlay-color":"","overlay-opacity":"","overlay-gradient":""}},"footnotes":""},"class_list":["post-3355","page","type-page","status-publish","hentry"],"_links":{"self":[{"href":"https:\/\/clements-store.at\/de\/wp-json\/wp\/v2\/pages\/3355","targetHints":{"allow":["GET"]}}],"collection":[{"href":"https:\/\/clements-store.at\/de\/wp-json\/wp\/v2\/pages"}],"about":[{"href":"https:\/\/clements-store.at\/de\/wp-json\/wp\/v2\/types\/page"}],"author":[{"embeddable":true,"href":"https:\/\/clements-store.at\/de\/wp-json\/wp\/v2\/users\/1"}],"replies":[{"embeddable":true,"href":"https:\/\/clements-store.at\/de\/wp-json\/wp\/v2\/comments?post=3355"}],"version-history":[{"count":47,"href":"https:\/\/clements-store.at\/de\/wp-json\/wp\/v2\/pages\/3355\/revisions"}],"predecessor-version":[{"id":6858,"href":"https:\/\/clements-store.at\/de\/wp-json\/wp\/v2\/pages\/3355\/revisions\/6858"}],"wp:attachment":[{"href":"https:\/\/clements-store.at\/de\/wp-json\/wp\/v2\/media?parent=3355"}],"curies":[{"name":"wp","href":"https:\/\/api.w.org\/{rel}","templated":true}]}}