{"id":1659,"date":"2024-09-28T11:53:44","date_gmt":"2024-09-28T11:53:44","guid":{"rendered":"https:\/\/clements-store.at\/?page_id=1659"},"modified":"2026-02-01T00:07:38","modified_gmt":"2026-01-31T23:07:38","slug":"labortests","status":"publish","type":"page","link":"https:\/\/clements-store.at\/de\/labortests\/","title":{"rendered":"Laboruntersuchungen"},"content":{"rendered":"<div data-elementor-type=\"wp-page\" data-elementor-id=\"1659\" class=\"elementor elementor-1659\" data-elementor-post-type=\"page\">\n\t\t\t\t<div class=\"elementor-element elementor-element-167dfa0 about_heading e-flex e-con-boxed e-con e-parent\" data-id=\"167dfa0\" data-element_type=\"container\" data-settings=\"{&quot;background_background&quot;:&quot;classic&quot;}\">\n\t\t\t\t\t<div class=\"e-con-inner\">\n\t\t<div class=\"elementor-element elementor-element-0476424 e-con-full e-flex e-con e-child\" data-id=\"0476424\" data-element_type=\"container\">\n\t\t<div class=\"elementor-element elementor-element-f8a4730 e-con-full e-flex e-con e-child\" data-id=\"f8a4730\" data-element_type=\"container\">\n\t\t\t\t<div class=\"elementor-element elementor-element-ef8fb1e elementor-align-left elementor-widget elementor-widget-woolentor-breadcrumbs-addons\" data-id=\"ef8fb1e\" data-element_type=\"widget\" data-widget_type=\"woolentor-breadcrumbs-addons.default\">\n\t\t\t\t<div class=\"elementor-widget-container\">\n\t\t\t<div class=\"woolentor-breadcrumb\"><nav class=\"woocommerce-breadcrumb\" data-no-translation=\"\" data-trp-gettext=\"\">Startseite<\/nav><\/div>\t\t<\/div>\n\t\t\t\t<\/div>\n\t\t\t\t<div class=\"elementor-element elementor-element-a33c996 elementor-widget elementor-widget-heading\" data-id=\"a33c996\" data-element_type=\"widget\" data-widget_type=\"heading.default\">\n\t\t\t\t<div class=\"elementor-widget-container\">\n\t\t\t<h1 class=\"elementor-heading-title elementor-size-default\">Laboruntersuchungen KRATOM<\/h1>\t\t<\/div>\n\t\t\t\t<\/div>\n\t\t\t\t<\/div>\n\t\t\t\t<\/div>\n\t\t\t\t\t<\/div>\n\t\t\t\t<\/div>\n\t\t<div class=\"elementor-element elementor-element-cc0ab22 e-flex e-con-boxed e-con e-parent\" data-id=\"cc0ab22\" data-element_type=\"container\">\n\t\t\t\t\t<div class=\"e-con-inner\">\n\t\t\t\t<div class=\"elementor-element elementor-element-65e9af6 elementor-widget elementor-widget-spacer\" data-id=\"65e9af6\" data-element_type=\"widget\" data-widget_type=\"spacer.default\">\n\t\t\t\t<div class=\"elementor-widget-container\">\n\t\t\t\t\t<div class=\"elementor-spacer\">\n\t\t\t<div class=\"elementor-spacer-inner\"><\/div>\n\t\t<\/div>\n\t\t\t\t<\/div>\n\t\t\t\t<\/div>\n\t\t\t\t<div class=\"elementor-element elementor-element-1f7a35f elementor-widget elementor-widget-text-editor\" data-id=\"1f7a35f\" data-element_type=\"widget\" data-widget_type=\"text-editor.default\">\n\t\t\t\t<div class=\"elementor-widget-container\">\n\t\t\t\t\t\t\t<p><span class=\"wsw-02\">Bei der Auswahl eines Lieferanten ist es f\u00fcr uns immer wichtig\u00a0<strong>Qualit\u00e4tskontrolle<\/strong>\u00a0- zun\u00e4chst auf dem Papier und dann in der Praxis mit \u201eeigenen Augen\u201c. Wenn ein potenzieller Lieferant nicht liefern kann\u00a0<strong>aktuelle Labortests mit seinem Namen in der Originaldatei<\/strong>, also handeln wir nicht einmal mehr mit ihm. Nachdem wir Kratom aus Indonesien importiert haben, testen wir das Pulver selbst in tschechischen Labors.\u00a0<strong>Sie k\u00f6nnen den Namen des Sponsors auf den Labortests sehen\u00a0<\/strong><\/span><span class=\"wsw-34\"><strong>Tschechischer Gro\u00dfhandel f\u00fcr Botanik s.r.o.<\/strong><\/span><span class=\"wsw-02\">\u00a0<strong>-<\/strong>\u00a0<strong>es war mein zweites tschechisches Unternehmen<\/strong>, durch die ich Kratom im Gro\u00dfhandel \u00fcber die Regulierung verkaufte, und wir lie\u00dfen die Tests bei CWB Ltd. durch Vorsteuerabzug durchf\u00fchren.<\/span><\/p><p>Kratom befindet sich nach \u00f6sterreichischem Recht derzeit in der \u201eGrauzone\u201c und darf nur als Sammlerprodukt verkauft und anerkannt werden. Das \u00e4ndert aber nichts an der Tatsache, dass auch Sammlerst\u00fccke einer gewissen Qualit\u00e4tskontrolle unterliegen sollten. Achten Sie jedoch auf die Herkunft des Tests selbst. <strong>Wir respektieren nur Labortests, die in den USA, der Tschechischen Republik oder anderen westlichen Industriel\u00e4ndern hergestellt werden - wir sch\u00e4tzen besonders das Labor MURRAY-BROWN LABORATORIES, INC.<\/strong> Labortests aus Indonesien (oder einem \u00e4hnlichen Land) sind in der Regel nicht seri\u00f6s - die meisten dieser Labors sind nicht vertrauensw\u00fcrdig.<\/p><p>Bei den Laboruntersuchungen sind mehrere Aspekte zu beachten. Zu den wichtigsten geh\u00f6rt der Gehalt an Alkaloiden - Mitragynin, 7-Hydroxymitragynin und einige andere. Andere wichtige Faktoren sind der Gehalt an Bakterien, Schwermetallen oder Pilzen. Da es sich um ein Sammlerst\u00fcck handelt, sind wir in erster Linie wegen des Sammlerwertes daran interessiert.<\/p><p>Was den Gehalt der genannten Hauptalkaloide betrifft, so ist vor allem Mitragynin (kurz MIT) f\u00fcr die Bestimmung des Sammelwertes wichtig. Der Mitragynin-Gehalt variiert von Kratom zu Kratom - in erster Linie nach dem Alter des Baumes, von dem das Blatt stammt und dann auch nach der Verarbeitung des Blattes durch den Bauern. Ich m\u00f6chte aber darauf hinweisen, dass auch Kratom mit einem geringeren Gehalt an Mitragynin einen Sammelwert haben kann, wenn es andere Alkaloide in einem h\u00f6heren Anteil enth\u00e4lt. Leider haben wir noch nicht die M\u00f6glichkeit, alle aktiven Alkaloide im Kratom zu messen, und deshalb empfehle ich, haupts\u00e4chlich auf die Zahlen zu achten, die den Gehalt an Mitragynin bestimmen. W\u00e4hrend der Fermentation wird Mitragynin in andere wichtige Alkaloide umgewandelt - derzeit handelt es sich um 7-Hydroxymitragynin und Mitragynin-Pseudoindoxyl.<\/p><p>Nach unseren Erfahrungen findet man 1% bis 2% MITRAGYNIN in Qualit\u00e4tskratom f\u00fcr Sammelzwecke. Der fr\u00fchere Standard nach \u00e4lteren Quellen war 0,5% - 1,5% MIT. Wenn jemand Kratom mit einem MIT-Gehalt von mehr als 2% anpreist, sollten Sie sich in Acht nehmen, denn es handelt sich in der Regel um eine schlechte Testmethode, gef\u00e4lschte Tests (bezahlte Zahlen) oder mit Extrakt angereichertes Kratom (nur f\u00fcr Tests, in der Regel nicht das Endprodukt!). Bei dunkleren Farben, insbesondere bei solchen, die einer Fermentation unterzogen wurden, ist dieser Wert tendenziell niedriger. Bei den helleren Kratomen - wei\u00df und gr\u00fcn - empfehlen wir, nur solche mit einem Mitragynin-Gehalt von mindestens 1,2% zu kaufen. \u2665<\/p><p><em>Auf Anfrage stellen wir eine Vorschau auf die Originaldateien aller Labortests zur Verf\u00fcgung, eventuell zusammen mit Rechnungen unserer Lieferanten, deren Name mit dem des Auftraggebers des Labortests \u00fcbereinstimmt. Vollst\u00e4ndige Qualit\u00e4tsdateien stellen wir den tschechischen Kontrollbeh\u00f6rden nur auf Anfrage zur Verf\u00fcgung. Wir haben das ausschlie\u00dfliche Recht zur kommerziellen Nutzung aller Labortests auf unserer Website, die f\u00fcr den Kauf von physischen Waren geliefert wurden, wie wir es f\u00fcr richtig halten.<\/em><\/p>\t\t\t\t\t\t<\/div>\n\t\t\t\t<\/div>\n\t\t\t\t<div class=\"elementor-element elementor-element-4271d9b elementor-widget elementor-widget-spacer\" data-id=\"4271d9b\" data-element_type=\"widget\" data-widget_type=\"spacer.default\">\n\t\t\t\t<div class=\"elementor-widget-container\">\n\t\t\t\t\t<div class=\"elementor-spacer\">\n\t\t\t<div class=\"elementor-spacer-inner\"><\/div>\n\t\t<\/div>\n\t\t\t\t<\/div>\n\t\t\t\t<\/div>\n\t\t\t\t\t<\/div>\n\t\t\t\t<\/div>\n\t\t<div class=\"elementor-element elementor-element-576b4b2 e-flex e-con-boxed e-con e-parent\" data-id=\"576b4b2\" data-element_type=\"container\">\n\t\t\t\t\t<div class=\"e-con-inner\">\n\t\t\t\t<div class=\"elementor-element elementor-element-6fd83b9 elementor-widget elementor-widget-heading\" data-id=\"6fd83b9\" data-element_type=\"widget\" data-widget_type=\"heading.default\">\n\t\t\t\t<div class=\"elementor-widget-container\">\n\t\t\t<h4 class=\"elementor-heading-title elementor-size-default\">Alle Labortests f\u00fcr unser Kratom finden Sie hier in den einzelnen Rubriken nach Anbietern geordnet:<\/h4>\t\t<\/div>\n\t\t\t\t<\/div>\n\t\t<div class=\"elementor-element elementor-element-34c8481 e-flex e-con-boxed e-con e-child\" data-id=\"34c8481\" data-element_type=\"container\">\n\t\t\t\t\t<div class=\"e-con-inner\">\n\t\t\t\t<div class=\"elementor-element elementor-element-fee2194 elementor-widget elementor-widget-button\" data-id=\"fee2194\" data-element_type=\"widget\" data-widget_type=\"button.default\">\n\t\t\t\t<div class=\"elementor-widget-container\">\n\t\t\t\t\t<div class=\"elementor-button-wrapper\">\n\t\t\t<a class=\"elementor-button elementor-button-link elementor-size-sm elementor-animation-grow\" href=\"\/de\/labortests\/thai\/\">\n\t\t\t\t\t\t<span class=\"elementor-button-content-wrapper\">\n\t\t\t\t\t\t\t\t\t<span class=\"elementor-button-text\">THAI<\/span>\n\t\t\t\t\t<\/span>\n\t\t\t\t\t<\/a>\n\t\t<\/div>\n\t\t\t\t<\/div>\n\t\t\t\t<\/div>\n\t\t\t\t<div class=\"elementor-element elementor-element-6d9dc42 elementor-widget elementor-widget-button\" data-id=\"6d9dc42\" data-element_type=\"widget\" data-widget_type=\"button.default\">\n\t\t\t\t<div class=\"elementor-widget-container\">\n\t\t\t\t\t<div class=\"elementor-button-wrapper\">\n\t\t\t<a class=\"elementor-button elementor-button-link elementor-size-sm elementor-animation-grow\" href=\"\/de\/labortests\/maeng-da\/\">\n\t\t\t\t\t\t<span class=\"elementor-button-content-wrapper\">\n\t\t\t\t\t\t\t\t\t<span class=\"elementor-button-text\">MAENG DA<\/span>\n\t\t\t\t\t<\/span>\n\t\t\t\t\t<\/a>\n\t\t<\/div>\n\t\t\t\t<\/div>\n\t\t\t\t<\/div>\n\t\t\t\t<div class=\"elementor-element elementor-element-841d8a9 elementor-widget elementor-widget-button\" data-id=\"841d8a9\" data-element_type=\"widget\" data-widget_type=\"button.default\">\n\t\t\t\t<div class=\"elementor-widget-container\">\n\t\t\t\t\t<div class=\"elementor-button-wrapper\">\n\t\t\t<a class=\"elementor-button elementor-button-link elementor-size-sm elementor-animation-grow\" href=\"\/de\/labortests\/borneo\/\">\n\t\t\t\t\t\t<span class=\"elementor-button-content-wrapper\">\n\t\t\t\t\t\t\t\t\t<span class=\"elementor-button-text\">BORNEO (DERZEIT NICHT VERF\u00dcGBAR)<\/span>\n\t\t\t\t\t<\/span>\n\t\t\t\t\t<\/a>\n\t\t<\/div>\n\t\t\t\t<\/div>\n\t\t\t\t<\/div>\n\t\t\t\t<div class=\"elementor-element elementor-element-84990cd elementor-widget elementor-widget-button\" data-id=\"84990cd\" data-element_type=\"widget\" data-widget_type=\"button.default\">\n\t\t\t\t<div class=\"elementor-widget-container\">\n\t\t\t\t\t<div class=\"elementor-button-wrapper\">\n\t\t\t<a class=\"elementor-button elementor-button-link elementor-size-sm elementor-animation-grow\" href=\"\/de\/labortests\/kapuas\/\">\n\t\t\t\t\t\t<span class=\"elementor-button-content-wrapper\">\n\t\t\t\t\t\t\t\t\t<span class=\"elementor-button-text\">KAPUAS (DERZEIT NICHT VERF\u00dcGBAR)<\/span>\n\t\t\t\t\t<\/span>\n\t\t\t\t\t<\/a>\n\t\t<\/div>\n\t\t\t\t<\/div>\n\t\t\t\t<\/div>\n\t\t\t\t\t<\/div>\n\t\t\t\t<\/div>\n\t\t\t\t\t<\/div>\n\t\t\t\t<\/div>\n\t\t<div class=\"elementor-element elementor-element-4b6980b e-flex e-con-boxed e-con e-parent\" data-id=\"4b6980b\" data-element_type=\"container\">\n\t\t\t\t\t<div class=\"e-con-inner\">\n\t\t\t\t<div class=\"elementor-element elementor-element-91c6704 elementor-widget elementor-widget-image\" data-id=\"91c6704\" data-element_type=\"widget\" data-widget_type=\"image.default\">\n\t\t\t\t<div class=\"elementor-widget-container\">\n\t\t\t\t\t\t\t\t\t\t<figure class=\"wp-caption\">\n\t\t\t\t\t\t\t\t\t\t<img fetchpriority=\"high\" decoding=\"async\" width=\"2560\" height=\"1809\" src=\"https:\/\/clements-store.at\/wp-content\/smush-webp\/2024\/11\/TESTY-VSCHT-2-24-scaled.jpg.webp\" class=\"attachment-full size-full wp-image-3563\" alt=\"\" srcset=\"https:\/\/clements-store.at\/wp-content\/smush-webp\/2024\/11\/TESTY-VSCHT-2-24-scaled.jpg.webp 2560w, https:\/\/clements-store.at\/wp-content\/smush-webp\/2024\/11\/TESTY-VSCHT-2-24-1024x724.jpg.webp 1024w, https:\/\/clements-store.at\/wp-content\/smush-webp\/2024\/11\/TESTY-VSCHT-2-24-300x212.jpg.webp 300w, https:\/\/clements-store.at\/wp-content\/smush-webp\/2024\/11\/TESTY-VSCHT-2-24-768x543.jpg.webp 768w, https:\/\/clements-store.at\/wp-content\/smush-webp\/2024\/11\/TESTY-VSCHT-2-24-1536x1086.jpg.webp 1536w, https:\/\/clements-store.at\/wp-content\/smush-webp\/2024\/11\/TESTY-VSCHT-2-24-2048x1447.jpg.webp 2048w\" sizes=\"(max-width: 2560px) 100vw, 2560px\" \/>\t\t\t\t\t\t\t\t\t\t\t<figcaption class=\"widget-image-caption wp-caption-text\">ZUSAMMENFASSUNG DER ERGEBNISSE ALLER LABORUNTERSUCHUNGEN (AUGUST 2024) - ALKALOIDE, SCHWERMETALLE UND MIKROBIOLOGIE<\/figcaption>\n\t\t\t\t\t\t\t\t\t\t<\/figure>\n\t\t\t\t\t\t\t<\/div>\n\t\t\t\t<\/div>\n\t\t\t\t\t<\/div>\n\t\t\t\t<\/div>\n\t\t<div class=\"elementor-element elementor-element-bd46ab3 e-flex e-con-boxed e-con e-parent\" data-id=\"bd46ab3\" data-element_type=\"container\">\n\t\t\t\t\t<div class=\"e-con-inner\">\n\t\t\t\t<div class=\"elementor-element elementor-element-31eb84d elementor-widget elementor-widget-text-editor\" data-id=\"31eb84d\" data-element_type=\"widget\" data-widget_type=\"text-editor.default\">\n\t\t\t\t<div class=\"elementor-widget-container\">\n\t\t\t\t\t\t\tAuf der linken Seite finden Sie ein Dokument \u00fcber die durchgef\u00fchrten <strong>Gamma-Sterilisation der Lieferung vom August 2023: Die Sterilisation wurde f\u00fcr die gesamte Bestellung von 8 Tonnen durchgef\u00fchrt.<\/strong> (400 Kisten zu je 20 Kilogramm, die restlichen 95 Kisten waren f\u00fcr einen anderen Kunden), die Kratom aus Borneo, Maeng Da und Kapuas-Quellen enthielt. Die Lieferung kam auf dem Seeweg zu uns und wir wollten sicherstellen, dass 100% frei von aktiven Krankheitserregern oder Schimmel ist. Nat\u00fcrlich testen wir noch alle Arten und Farben im Labor. Der Container mit diesem Kratom kam Anfang November 2023 bei uns an.<br><br>\n\nAuf der rechten Seite sind <strong>Ergebnisse unserer eigenen Labortests von drei homogenisierten Pulvern nach Farben - wei\u00df, gr\u00fcn und rot.<\/strong> Wir nahmen von jedem Lieferanten eine einzelne Farbe und mischten sie im Verh\u00e4ltnis 1:1:1:1 zusammen. In dieser Mischung war Pulver von allen Lieferanten zu der Zeit (Maeng Da, Borneo, Kapuas und Kalimantan Quellen).\t\t\t\t\t\t<\/div>\n\t\t\t\t<\/div>\n\t\t\t\t\t<\/div>\n\t\t\t\t<\/div>\n\t\t<div class=\"elementor-element elementor-element-d72d480 e-flex e-con-boxed e-con e-parent\" data-id=\"d72d480\" data-element_type=\"container\">\n\t\t\t\t\t<div class=\"e-con-inner\">\n\t\t<div class=\"elementor-element elementor-element-50d8c52 e-con-full e-flex e-con e-child\" data-id=\"50d8c52\" data-element_type=\"container\">\n\t\t\t\t<div class=\"elementor-element elementor-element-faf4b2f elementor-widget elementor-widget-image\" data-id=\"faf4b2f\" data-element_type=\"widget\" data-widget_type=\"image.default\">\n\t\t\t\t<div class=\"elementor-widget-container\">\n\t\t\t\t\t\t\t\t\t\t<figure class=\"wp-caption\">\n\t\t\t\t\t\t\t\t\t\t\t<a href=\"https:\/\/clements-store.cz\/wp-content\/uploads\/2024\/11\/Gamma.jpg\" data-elementor-open-lightbox=\"yes\" data-elementor-lightbox-title=\"Gamma\" data-e-action-hash=\"#elementor-action%3Aaction%3Dlightbox%26settings%3DeyJpZCI6MzU2NCwidXJsIjoiaHR0cHM6XC9cL2NsZW1lbnRzLXN0b3JlLmF0XC93cC1jb250ZW50XC91cGxvYWRzXC8yMDI0XC8xMVwvR2FtbWEuanBnIn0%3D\">\n\t\t\t\t\t\t\t<img decoding=\"async\" width=\"716\" height=\"941\" src=\"https:\/\/clements-store.at\/wp-content\/smush-webp\/2024\/11\/Gamma.jpg.webp\" class=\"attachment-large size-large wp-image-3564\" alt=\"\" srcset=\"https:\/\/clements-store.at\/wp-content\/smush-webp\/2024\/11\/Gamma.jpg.webp 716w, https:\/\/clements-store.at\/wp-content\/smush-webp\/2024\/11\/Gamma-600x789.jpg.webp 600w, https:\/\/clements-store.at\/wp-content\/smush-webp\/2024\/11\/Gamma-228x300.jpg.webp 228w\" sizes=\"(max-width: 716px) 100vw, 716px\" loading=\"lazy\" \/>\t\t\t\t\t\t\t\t<\/a>\n\t\t\t\t\t\t\t\t\t\t\t<figcaption class=\"widget-image-caption wp-caption-text\">MAENG DA, BORNEO, KAPUAS (INDONESIEN, AUGUST, 2023) - GAMMA-STERILISATION<\/figcaption>\n\t\t\t\t\t\t\t\t\t\t<\/figure>\n\t\t\t\t\t\t\t<\/div>\n\t\t\t\t<\/div>\n\t\t\t\t<\/div>\n\t\t<div class=\"elementor-element elementor-element-42420bd e-con-full e-flex e-con e-child\" data-id=\"42420bd\" data-element_type=\"container\">\n\t\t\t\t<div class=\"elementor-element elementor-element-1ab3a94 elementor-widget elementor-widget-image\" data-id=\"1ab3a94\" data-element_type=\"widget\" data-widget_type=\"image.default\">\n\t\t\t\t<div class=\"elementor-widget-container\">\n\t\t\t\t\t\t\t\t\t\t<figure class=\"wp-caption\">\n\t\t\t\t\t\t\t\t\t\t\t<a href=\"https:\/\/clements-store.cz\/wp-content\/uploads\/2024\/11\/CR-TESTY-MIKROBIOLOGIE-6-22.jpg\" data-elementor-open-lightbox=\"yes\" data-elementor-lightbox-title=\"\u010cR TESTY MIKROBIOLOGIE 6-22\" data-e-action-hash=\"#elementor-action%3Aaction%3Dlightbox%26settings%3DeyJpZCI6MzU2MSwidXJsIjoiaHR0cHM6XC9cL2NsZW1lbnRzLXN0b3JlLmF0XC93cC1jb250ZW50XC91cGxvYWRzXC8yMDI0XC8xMVwvQ1ItVEVTVFktTUlLUk9CSU9MT0dJRS02LTIyLmpwZyJ9\">\n\t\t\t\t\t\t\t<img decoding=\"async\" width=\"892\" height=\"902\" src=\"https:\/\/clements-store.at\/wp-content\/smush-webp\/2024\/11\/CR-TESTY-MIKROBIOLOGIE-6-22.jpg.webp\" class=\"attachment-large size-large wp-image-3561\" alt=\"\" srcset=\"https:\/\/clements-store.at\/wp-content\/smush-webp\/2024\/11\/CR-TESTY-MIKROBIOLOGIE-6-22.jpg.webp 892w, https:\/\/clements-store.at\/wp-content\/smush-webp\/2024\/11\/CR-TESTY-MIKROBIOLOGIE-6-22-100x100.jpg.webp 100w, https:\/\/clements-store.at\/wp-content\/smush-webp\/2024\/11\/CR-TESTY-MIKROBIOLOGIE-6-22-600x607.jpg.webp 600w, https:\/\/clements-store.at\/wp-content\/smush-webp\/2024\/11\/CR-TESTY-MIKROBIOLOGIE-6-22-297x300.jpg.webp 297w, https:\/\/clements-store.at\/wp-content\/smush-webp\/2024\/11\/CR-TESTY-MIKROBIOLOGIE-6-22-768x777.jpg.webp 768w\" sizes=\"(max-width: 892px) 100vw, 892px\" loading=\"lazy\" \/>\t\t\t\t\t\t\t\t<\/a>\n\t\t\t\t\t\t\t\t\t\t\t<figcaption class=\"widget-image-caption wp-caption-text\">MIKROBIOLOGIE ALLER KRATOM-ARTEN (JUNI, 2022)<\/figcaption>\n\t\t\t\t\t\t\t\t\t\t<\/figure>\n\t\t\t\t\t\t\t<\/div>\n\t\t\t\t<\/div>\n\t\t\t\t<\/div>\n\t\t\t\t\t<\/div>\n\t\t\t\t<\/div>\n\t\t\t\t<\/div>","protected":false},"excerpt":{"rendered":"<p>Dom\u016f Laboratorn\u00ed testy KRATOMU P\u0159i v\u00fdb\u011bru dodavatele je pro n\u00e1s v\u017edy z\u00e1sadn\u00ed\u00a0kontrola kvality\u00a0&#8211; prvotn\u011b na pap\u00ed\u0159e a pot\u00e9 i v praxi na &#8222;vlastn\u00ed o\u010di&#8220;. Pokud n\u00e1m potenci\u00e1ln\u00ed dodavatel nen\u00ed schopen dodat\u00a0aktu\u00e1ln\u00ed laboratorn\u00ed testy s jeho jm\u00e9nem v origin\u00e1ln\u00edm souboru, tak se s n\u00edm d\u00e1le ani nezab\u00fdv\u00e1me. Po dovozu samotn\u00e9ho kratomu z Indon\u00e9sie si pr\u00e1\u0161ek sami [&hellip;]<\/p>","protected":false},"author":1,"featured_media":0,"parent":0,"menu_order":0,"comment_status":"closed","ping_status":"closed","template":"","meta":{"inline_featured_image":false,"site-sidebar-layout":"no-sidebar","site-content-layout":"page-builder","ast-site-content-layout":"full-width-container","site-content-style":"default","site-sidebar-style":"default","ast-global-header-display":"","ast-banner-title-visibility":"","ast-main-header-display":"","ast-hfb-above-header-display":"","ast-hfb-below-header-display":"","ast-hfb-mobile-header-display":"","site-post-title":"disabled","ast-breadcrumbs-content":"","ast-featured-img":"disabled","footer-sml-layout":"","theme-transparent-header-meta":"","adv-header-id-meta":"","stick-header-meta":"","header-above-stick-meta":"","header-main-stick-meta":"","header-below-stick-meta":"","astra-migrate-meta-layouts":"set","ast-page-background-enabled":"default","ast-page-background-meta":{"desktop":{"background-color":"var(--ast-global-color-4)","background-image":"","background-repeat":"repeat","background-position":"center center","background-size":"auto","background-attachment":"scroll","background-type":"","background-media":"","overlay-type":"","overlay-color":"","overlay-opacity":"","overlay-gradient":""},"tablet":{"background-color":"","background-image":"","background-repeat":"repeat","background-position":"center center","background-size":"auto","background-attachment":"scroll","background-type":"","background-media":"","overlay-type":"","overlay-color":"","overlay-opacity":"","overlay-gradient":""},"mobile":{"background-color":"","background-image":"","background-repeat":"repeat","background-position":"center center","background-size":"auto","background-attachment":"scroll","background-type":"","background-media":"","overlay-type":"","overlay-color":"","overlay-opacity":"","overlay-gradient":""}},"ast-content-background-meta":{"desktop":{"background-color":"var(--ast-global-color-5)","background-image":"","background-repeat":"repeat","background-position":"center center","background-size":"auto","background-attachment":"scroll","background-type":"","background-media":"","overlay-type":"","overlay-color":"","overlay-opacity":"","overlay-gradient":""},"tablet":{"background-color":"var(--ast-global-color-5)","background-image":"","background-repeat":"repeat","background-position":"center center","background-size":"auto","background-attachment":"scroll","background-type":"","background-media":"","overlay-type":"","overlay-color":"","overlay-opacity":"","overlay-gradient":""},"mobile":{"background-color":"var(--ast-global-color-5)","background-image":"","background-repeat":"repeat","background-position":"center center","background-size":"auto","background-attachment":"scroll","background-type":"","background-media":"","overlay-type":"","overlay-color":"","overlay-opacity":"","overlay-gradient":""}},"footnotes":""},"class_list":["post-1659","page","type-page","status-publish","hentry"],"_links":{"self":[{"href":"https:\/\/clements-store.at\/de\/wp-json\/wp\/v2\/pages\/1659","targetHints":{"allow":["GET"]}}],"collection":[{"href":"https:\/\/clements-store.at\/de\/wp-json\/wp\/v2\/pages"}],"about":[{"href":"https:\/\/clements-store.at\/de\/wp-json\/wp\/v2\/types\/page"}],"author":[{"embeddable":true,"href":"https:\/\/clements-store.at\/de\/wp-json\/wp\/v2\/users\/1"}],"replies":[{"embeddable":true,"href":"https:\/\/clements-store.at\/de\/wp-json\/wp\/v2\/comments?post=1659"}],"version-history":[{"count":12,"href":"https:\/\/clements-store.at\/de\/wp-json\/wp\/v2\/pages\/1659\/revisions"}],"predecessor-version":[{"id":6094,"href":"https:\/\/clements-store.at\/de\/wp-json\/wp\/v2\/pages\/1659\/revisions\/6094"}],"wp:attachment":[{"href":"https:\/\/clements-store.at\/de\/wp-json\/wp\/v2\/media?parent=1659"}],"curies":[{"name":"wp","href":"https:\/\/api.w.org\/{rel}","templated":true}]}}