{"id":1318,"date":"2024-09-21T14:47:40","date_gmt":"2024-09-21T14:47:40","guid":{"rendered":"https:\/\/clements-store.at\/about\/"},"modified":"2026-02-07T03:33:08","modified_gmt":"2026-02-07T02:33:08","slug":"uber","status":"publish","type":"page","link":"https:\/\/clements-store.at\/de\/uber\/","title":{"rendered":"\u00dcber uns"},"content":{"rendered":"<div data-elementor-type=\"wp-page\" data-elementor-id=\"1318\" class=\"elementor elementor-1318\" data-elementor-post-type=\"page\">\n\t\t\t\t<div class=\"elementor-element elementor-element-dcfb448 about_heading e-flex e-con-boxed e-con e-parent\" data-id=\"dcfb448\" data-element_type=\"container\" data-settings=\"{&quot;background_background&quot;:&quot;classic&quot;}\">\n\t\t\t\t\t<div class=\"e-con-inner\">\n\t\t<div class=\"elementor-element elementor-element-d21b7e0 e-con-full about_heading e-flex e-con e-child\" data-id=\"d21b7e0\" data-element_type=\"container\">\n\t\t\t\t<div class=\"elementor-element elementor-element-be8c3f6 elementor-hidden-mobile elementor-widget elementor-widget-image\" data-id=\"be8c3f6\" data-element_type=\"widget\" data-widget_type=\"image.default\">\n\t\t\t\t<div class=\"elementor-widget-container\">\n\t\t\t\t\t\t\t\t\t\t\t\t\t<img fetchpriority=\"high\" decoding=\"async\" width=\"1024\" height=\"1024\" src=\"https:\/\/clements-store.at\/wp-content\/uploads\/2024\/09\/Kratom_Neon.svg\" class=\"attachment-large size-large wp-image-1713\" alt=\"\" \/>\t\t\t\t\t\t\t\t\t\t\t\t\t<\/div>\n\t\t\t\t<\/div>\n\t\t<div class=\"elementor-element elementor-element-30735d0 e-con-full e-flex e-con e-child\" data-id=\"30735d0\" data-element_type=\"container\">\n\t\t\t\t<div class=\"elementor-element elementor-element-8871a12 elementor-align-left elementor-widget elementor-widget-woolentor-breadcrumbs-addons\" data-id=\"8871a12\" data-element_type=\"widget\" data-widget_type=\"woolentor-breadcrumbs-addons.default\">\n\t\t\t\t<div class=\"elementor-widget-container\">\n\t\t\t<div class=\"woolentor-breadcrumb\"><nav class=\"woocommerce-breadcrumb\" data-no-translation=\"\" data-trp-gettext=\"\">Startseite<\/nav><\/div>\t\t<\/div>\n\t\t\t\t<\/div>\n\t\t\t\t<div class=\"elementor-element elementor-element-9849060 elementor-widget elementor-widget-heading\" data-id=\"9849060\" data-element_type=\"widget\" data-widget_type=\"heading.default\">\n\t\t\t\t<div class=\"elementor-widget-container\">\n\t\t\t<h1 class=\"elementor-heading-title elementor-size-default\">\u00dcber uns - oder wo kann man was kaufen?<\/h1>\t\t<\/div>\n\t\t\t\t<\/div>\n\t\t\t\t<\/div>\n\t\t\t\t<div class=\"elementor-element elementor-element-dc5f7e2 elementor-hidden-mobile elementor-widget elementor-widget-image\" data-id=\"dc5f7e2\" data-element_type=\"widget\" data-widget_type=\"image.default\">\n\t\t\t\t<div class=\"elementor-widget-container\">\n\t\t\t\t\t\t\t\t\t\t\t\t\t<img decoding=\"async\" width=\"1024\" height=\"1024\" src=\"https:\/\/clements-store.at\/wp-content\/uploads\/2024\/09\/CBD_Neon.svg\" class=\"attachment-large size-large wp-image-1714\" alt=\"\" loading=\"lazy\" \/>\t\t\t\t\t\t\t\t\t\t\t\t\t<\/div>\n\t\t\t\t<\/div>\n\t\t\t\t<\/div>\n\t\t\t\t\t<\/div>\n\t\t\t\t<\/div>\n\t\t<div class=\"elementor-element elementor-element-7ba570d e-flex e-con-boxed e-con e-parent\" data-id=\"7ba570d\" data-element_type=\"container\">\n\t\t\t\t\t<div class=\"e-con-inner\">\n\t\t\t\t<div class=\"elementor-element elementor-element-822abeb elementor-widget elementor-widget-heading\" data-id=\"822abeb\" data-element_type=\"widget\" data-widget_type=\"heading.default\">\n\t\t\t\t<div class=\"elementor-widget-container\">\n\t\t\t<h4 class=\"elementor-heading-title elementor-size-default\">Geschichte des Ladens<\/h4>\t\t<\/div>\n\t\t\t\t<\/div>\n\t\t\t\t\t<\/div>\n\t\t\t\t<\/div>\n\t\t<div class=\"elementor-element elementor-element-0461fbd e-flex e-con-boxed e-con e-parent\" data-id=\"0461fbd\" data-element_type=\"container\">\n\t\t\t\t\t<div class=\"e-con-inner\">\n\t\t\t\t<div class=\"elementor-element elementor-element-c2bbda2 elementor-widget elementor-widget-text-editor\" data-id=\"c2bbda2\" data-element_type=\"widget\" data-widget_type=\"text-editor.default\">\n\t\t\t\t<div class=\"elementor-widget-container\">\n\t\t\t\t\t\t\t<p style=\"text-align: left;\"><strong>Clement\u2019s Store<\/strong> (Ladengesch\u00e4ft in Br\u00fcnn) wurde offiziell am 01. 08. 2019 er\u00f6ffnet. Was die Idee und Umsetzung selbst betrifft, so begann sie bereits am 20. 04. 2019. Die urspr\u00fcngliche Idee, verschiedene T\u00f6pferwaren und Kr\u00e4uter zu verkaufen, gibt es schon lange in unserer Familie. Aber es fehlte an Kapital und Motivation, um zu starten. Der gr\u00f6\u00dfte Anreiz f\u00fcr uns war die Entdeckung, dass es Cannabis mit hohem CBD- und legalem THC-Gehalt gibt. Aber wir haben uns seit 2014 pers\u00f6nlich f\u00fcr Kratom und Cannabis interessiert.<\/p>\t\t\t\t\t\t<\/div>\n\t\t\t\t<\/div>\n\t\t\t\t<div class=\"elementor-element elementor-element-fec87c4 elementor-widget elementor-widget-text-editor\" data-id=\"fec87c4\" data-element_type=\"widget\" data-widget_type=\"text-editor.default\">\n\t\t\t\t<div class=\"elementor-widget-container\">\n\t\t\t\t\t\t\t<p>Im Jahr 2025 wurde Kratom in der Tschechischen Republik streng reguliert. Leider mussten wir den Online-Verkauf \u00fcber den tschechischen E-Shop aufgrund der verr\u00fcckten strengen Vorschriften einstellen. Wir verkaufen Kratom jedoch weiterhin pers\u00f6nlich im PML-Fachgesch\u00e4ft in Br\u00fcnn (Kamenn\u00e1 1). Au\u00dferdem haben wir beschlossen, einen Partner-E-Shop in \u00d6sterreich zu er\u00f6ffnen, der zwar kein Kratom in die Tschechische Republik versendet, aber es ist m\u00f6glich, es in jedes andere EU-Land zu versenden, in dem Kratom legal ist (\u00d6sterreich, Deutschland, Ungarn, Niederlande, etc.).<\/p>\t\t\t\t\t\t<\/div>\n\t\t\t\t<\/div>\n\t\t\t\t<div class=\"elementor-element elementor-element-9be7ac0 elementor-widget elementor-widget-text-editor\" data-id=\"9be7ac0\" data-element_type=\"widget\" data-widget_type=\"text-editor.default\">\n\t\t\t\t<div class=\"elementor-widget-container\">\n\t\t\t\t\t\t\t<p>Zu Beginn dieses Projekts sagten wir (in erster Linie ich, Jarda, und meine Mutter, Irena), dass wir den Menschen auf nat\u00fcrliche Weise helfen und es gleichzeitig als Hobby und Lebensunterhalt betreiben w\u00fcrden. Wir begannen mit dem Heimanbau von CBD-Hanfbl\u00fcten und f\u00fcgten nach und nach andere Produkte hinzu. Meine Mutter k\u00fcmmerte sich um den Anbau und ich um den Vertrieb. Abgesehen von Cannabis waren wir schon immer von anderen nat\u00fcrlichen Substanzen wie Kratom fasziniert. Ich konsumiere Kratom schon seit einigen Jahren als Freizeitdroge. Aber 2020 war ein Wendepunkt. Ich setzte alle pharmazeutischen Medikamente ab und ersetzte sie durch Kratom. Aufgrund dieser Erfahrung haben wir beschlossen, Kratom zus\u00e4tzlich zu CBD und anderen Produkten zu verkaufen.<\/p>\t\t\t\t\t\t<\/div>\n\t\t\t\t<\/div>\n\t\t\t\t<div class=\"elementor-element elementor-element-98ec2fd elementor-widget elementor-widget-text-editor\" data-id=\"98ec2fd\" data-element_type=\"widget\" data-widget_type=\"text-editor.default\">\n\t\t\t\t<div class=\"elementor-widget-container\">\n\t\t\t\t\t\t\t<p>Wenn Sie also z.B. in \u00d6sterreich leben oder es nicht weit bis zur Grenze zu einem der genannten L\u00e4nder ist, k\u00f6nnen Sie zu einer ausl\u00e4ndischen Box oder Abgabestelle fahren, um billiges, nicht reguliertes Kratom zu kaufen. Was du dann mit der Packung machst, ist ganz dir \u00fcberlassen.  Wir hoffen, dass Sie unsere Produkte m\u00f6gen werden. F\u00fcr eine Beratung stehen wir Ihnen gerne elektronisch oder pers\u00f6nlich in Br\u00fcnn oder Wien zur Verf\u00fcgung. \ud83d\ude42<\/p>\t\t\t\t\t\t<\/div>\n\t\t\t\t<\/div>\n\t\t\t\t<div class=\"elementor-element elementor-element-002a7ab elementor-widget elementor-widget-text-editor\" data-id=\"002a7ab\" data-element_type=\"widget\" data-widget_type=\"text-editor.default\">\n\t\t\t\t<div class=\"elementor-widget-container\">\n\t\t\t\t\t\t\t<p>Bitte fragen Sie uns nicht nach Produkten, die ge\u00e4chtet sind. Wir bieten so etwas nicht an! Sie k\u00f6nnen bei uns immer nur Produkte kaufen, die in dem Land, in dem sie vertrieben werden, legal sind (in der Regel zu Sammlungszwecken) -&gt; <a href=\"https:\/\/clements-store.at\/de\/shop\/\">E-SHOP<\/a>.\u00a0<\/p>\t\t\t\t\t\t<\/div>\n\t\t\t\t<\/div>\n\t\t\t\t<div class=\"elementor-element elementor-element-17ea84d elementor-widget elementor-widget-text-editor\" data-id=\"17ea84d\" data-element_type=\"widget\" data-widget_type=\"text-editor.default\">\n\t\t\t\t<div class=\"elementor-widget-container\">\n\t\t\t\t\t\t\t<p style=\"text-align: left;\"><strong>Eine Liebe!<\/strong><\/p><p style=\"text-align: left;\"><strong>Jarda und Irena Klement<\/strong><\/p>\t\t\t\t\t\t<\/div>\n\t\t\t\t<\/div>\n\t\t\t\t\t<\/div>\n\t\t\t\t<\/div>\n\t\t<div class=\"elementor-element elementor-element-645238c elementor-hidden-mobile e-flex e-con-boxed e-con e-parent\" data-id=\"645238c\" data-element_type=\"container\" data-settings=\"{&quot;background_background&quot;:&quot;classic&quot;}\">\n\t\t\t\t\t<div class=\"e-con-inner\">\n\t\t\t\t<div class=\"elementor-element elementor-element-ffbe5ed elementor-widget elementor-widget-heading\" data-id=\"ffbe5ed\" data-element_type=\"widget\" data-widget_type=\"heading.default\">\n\t\t\t\t<div class=\"elementor-widget-container\">\n\t\t\t<h1 class=\"elementor-heading-title elementor-size-default\">Unsere E-Shops<\/h1>\t\t<\/div>\n\t\t\t\t<\/div>\n\t\t\t\t\t<\/div>\n\t\t\t\t<\/div>\n\t\t<div class=\"elementor-element elementor-element-da54813 elementor-hidden-mobile e-flex e-con-boxed e-con e-parent\" data-id=\"da54813\" data-element_type=\"container\" data-settings=\"{&quot;background_background&quot;:&quot;classic&quot;}\">\n\t\t\t\t\t<div class=\"e-con-inner\">\n\t\t<div class=\"elementor-element elementor-element-c9d540a e-grid e-con-full e-con e-child\" data-id=\"c9d540a\" data-element_type=\"container\">\n\t\t\t\t<div class=\"elementor-element elementor-element-0056d2a elementor-widget elementor-widget-image\" data-id=\"0056d2a\" data-element_type=\"widget\" data-widget_type=\"image.default\">\n\t\t\t\t<div class=\"elementor-widget-container\">\n\t\t\t\t\t\t\t\t\t\t\t\t\t\t<a href=\"https:\/\/clements-store.at\/de\/\">\n\t\t\t\t\t\t\t<img decoding=\"async\" width=\"1024\" height=\"1024\" src=\"https:\/\/clements-store.at\/wp-content\/uploads\/2024\/09\/ClementsKratom_Neon.svg\" class=\"attachment-large size-large wp-image-1693 astra-logo-svg\" alt=\"\" loading=\"lazy\" \/>\t\t\t\t\t\t\t\t<\/a>\n\t\t\t\t\t\t\t\t\t\t\t\t\t<\/div>\n\t\t\t\t<\/div>\n\t\t\t\t<div class=\"elementor-element elementor-element-60c1bfb elementor-widget elementor-widget-image\" data-id=\"60c1bfb\" data-element_type=\"widget\" data-widget_type=\"image.default\">\n\t\t\t\t<div class=\"elementor-widget-container\">\n\t\t\t\t\t\t\t\t\t\t\t\t\t\t<a href=\"https:\/\/clements-store.cz\">\n\t\t\t\t\t\t\t<img loading=\"lazy\" decoding=\"async\" width=\"2869\" height=\"2895\" src=\"https:\/\/clements-store.at\/wp-content\/uploads\/2024\/09\/ClementsCBD_Neon.svg\" class=\"attachment-full size-full wp-image-1740\" alt=\"\" \/>\t\t\t\t\t\t\t\t<\/a>\n\t\t\t\t\t\t\t\t\t\t\t\t\t<\/div>\n\t\t\t\t<\/div>\n\t\t\t\t<\/div>\n\t\t\t\t\t<\/div>\n\t\t\t\t<\/div>\n\t\t<div class=\"elementor-element elementor-element-1379c5f elementor-hidden-mobile e-flex e-con-boxed e-con e-parent\" data-id=\"1379c5f\" data-element_type=\"container\" data-settings=\"{&quot;background_background&quot;:&quot;classic&quot;}\">\n\t\t\t\t\t<div class=\"e-con-inner\">\n\t\t<div class=\"elementor-element elementor-element-fedfae6 e-grid e-con-full e-con e-child\" data-id=\"fedfae6\" data-element_type=\"container\">\n\t\t\t\t<div class=\"elementor-element elementor-element-ed8289f elementor-widget elementor-widget-text-editor\" data-id=\"ed8289f\" data-element_type=\"widget\" data-widget_type=\"text-editor.default\">\n\t\t\t\t<div class=\"elementor-widget-container\">\n\t\t\t\t\t\t\t<h2 style=\"text-align: center;\"><span style=\"color: #ffffff;\">CLEMENTS-STORE.AT <img decoding=\"async\" class=\"emoji\" role=\"img\" draggable=\"false\" src=\"https:\/\/s.w.org\/images\/core\/emoji\/17.0.2\/svg\/1f1e6-1f1f9.svg\" alt=\"\ud83c\udde6\ud83c\uddf9\" loading=\"lazy\" \/><\/span><\/h2><h5 style=\"text-align: center;\"><span style=\"color: #ffffff; font-size: 1.125rem; font-style: inherit;\">E-Shop, der sich auf den Verkauf von Kratom in L\u00e4nder konzentriert, in denen Kratom legal und unreguliert ist. \u00dcber den E-Shop k\u00f6nnen Sie Ihre Sendung nach \u00d6sterreich und Deutschland schicken lassen, aber wir sind auch in der Lage, nach Absprache manuell in andere L\u00e4nder zu versenden. Wir haben unseren Sitz in Wien, \u00d6sterreich, wo nach vorheriger Absprache auch eine pers\u00f6nliche Abholung m\u00f6glich ist.<\/span><\/h5><h5 style=\"text-align: center;\"><span style=\"color: #ffffff; font-size: 1.125rem; font-style: inherit;\">Wir versenden aufgrund gesetzlicher Bestimmungen kein Kratom in die Tschechische oder Slowakische Republik. Es ist aber durchaus m\u00f6glich, ein Paket an eine Versandstelle in \u00d6sterreich\/Deutschland\/Ungarn zu bestellen und das Paket dort abzuholen. Der weitere Umgang mit dem Kratom liegt in Ihrer Verantwortung und unser Shop ist nicht f\u00fcr den weiteren Umgang verantwortlich.<\/span><\/h5><h5 style=\"text-align: center;\"><span style=\"color: #ffffff; font-size: 1.125rem; font-style: inherit;\">Der Transport in die Slowakei ist nat\u00fcrlich illegal (genau wie in jedes andere Land, in dem Kratom auf der Liste der verbotenen Substanzen steht), also sei vorsichtig. Es sollte Ihnen erlaubt sein, kleine Mengen Kratom f\u00fcr den pers\u00f6nlichen Konsum in die Tschechische Republik mitzunehmen, aber ich empfehle Ihnen, sich bei Ihrem Anwalt \u00fcber die aktuelle Gesetzgebung zu informieren oder bei den staatlichen Beh\u00f6rden nachzufragen. Die Einfuhr gr\u00f6\u00dferer Mengen f\u00fcr den Handel w\u00fcrde nat\u00fcrlich eine PML-Lizenz und die Einhaltung aller Auflagen erfordern.<\/span><\/h5>\t\t\t\t\t\t<\/div>\n\t\t\t\t<\/div>\n\t\t\t\t<div class=\"elementor-element elementor-element-a090697 elementor-widget elementor-widget-text-editor\" data-id=\"a090697\" data-element_type=\"widget\" data-widget_type=\"text-editor.default\">\n\t\t\t\t<div class=\"elementor-widget-container\">\n\t\t\t\t\t\t\t<h2 style=\"text-align: center;\"><span style=\"color: #ffffff;\">CLEMENTS-STORE.CZ\u00a0<img decoding=\"async\" class=\"emoji\" role=\"img\" draggable=\"false\" src=\"https:\/\/s.w.org\/images\/core\/emoji\/17.0.2\/svg\/1f1e8-1f1ff.svg\" alt=\"\ud83c\udde8\ud83c\uddff\" loading=\"lazy\" \/><\/span><\/h2><h5 style=\"text-align: center;\"><span style=\"color: #ffffff;\">Der urspr\u00fcngliche E-Shop wurde 2019 gegr\u00fcndet, wo wir bis zum Beginn der Kratom-Regulierung in der Tschechischen Republik (November 2025) haupts\u00e4chlich Kratom verkauften. Zum Zeitpunkt der Erstellung dieses Artikels (Januar 2026) besteht ein Verbot des Online-Verkaufs von Kratom, da der Gesetzgeber nicht in der Lage ist, das Gesetz \u00fcber Psychomodulanzien (Regulierung) mit der DSGVO in Einklang zu bringen.\u00a0<\/span><\/h5><h5 style=\"text-align: center;\"><span style=\"color: #ffffff;\">Wir konzentrieren uns derzeit haupts\u00e4chlich auf CBD-Hanfprodukte, Kr\u00e4uter, Duftst\u00e4bchen, T-Shirts, Kifferutensilien und vieles mehr. Wir haben nicht einmal alles im E-Store, also z\u00f6gern Sie nicht, uns eine Nachricht zukommen zu lassen, wenn Sie nach etwas suchen, das Sie nicht auf der Website finden und das Sie interessieren w\u00fcrde.\u00a0<\/span><\/h5><h5 style=\"text-align: center;\"><span style=\"color: #ffffff;\">Steinladen (Kamenn\u00e1 1, Br\u00fcnn) - ein Bereich f\u00fcr sich. Aufgrund einer neuen Verordnung waren wir gezwungen, den Laden ausschlie\u00dflich auf den Verkauf von PML (psychomodulierende Substanzen = derzeit nur Kratom) zu spezialisieren. Das neue Gesetz verbietet den Verkauf aller anderen Waren au\u00dfer Kratom.<\/span><\/h5><h5 style=\"text-align: center;\"><span style=\"color: #ffffff;\">Also, unterm Strich. Im tschechischen E-Shop k\u00f6nnen Sie CBD und andere Produkte kaufen. Kratom kann man in der Tschechischen Republik nur in unserem spezialisierten Ladengesch\u00e4ft in der Kamenn\u00e1 1 in Br\u00fcnn kaufen.<\/span><\/h5>\t\t\t\t\t\t<\/div>\n\t\t\t\t<\/div>\n\t\t\t\t<\/div>\n\t\t\t\t\t<\/div>\n\t\t\t\t<\/div>\n\t\t<div class=\"elementor-element elementor-element-73156f7 elementor-hidden-mobile e-flex e-con-boxed e-con e-parent\" data-id=\"73156f7\" data-element_type=\"container\" data-settings=\"{&quot;background_background&quot;:&quot;classic&quot;}\">\n\t\t\t\t\t<div class=\"e-con-inner\">\n\t\t\t\t<div class=\"elementor-element elementor-element-e831e82 elementor-widget elementor-widget-text-editor\" data-id=\"e831e82\" data-element_type=\"widget\" data-widget_type=\"text-editor.default\">\n\t\t\t\t<div class=\"elementor-widget-container\">\n\t\t\t\t\t\t\t<h2 style=\"text-align: center;\"><span style=\"color: #ffffff;\">TL;DR<br \/><\/span><\/h2><h2 style=\"text-align: center;\"><span style=\"color: #ffffff;\">CLEMENTS-STORE.AT <img decoding=\"async\" class=\"emoji\" role=\"img\" draggable=\"false\" src=\"https:\/\/s.w.org\/images\/core\/emoji\/17.0.2\/svg\/1f1e6-1f1f9.svg\" alt=\"\ud83c\udde6\ud83c\uddf9\" loading=\"lazy\" \/><\/span><\/h2><h2 style=\"text-align: center;\"><span style=\"color: #ffffff;\">Online- und Offline-Verkauf von Kratom in ganz \u00d6sterreich, Deutschland und dem Rest der EU, wo Kratom legal und unreguliert ist. Abholung in Wien 1200 oder Versand nach <\/span><span style=\"color: #ffffff;\">Adresse\/Herkunftsort.<\/span><\/h2><h2 style=\"text-align: center;\"><span style=\"color: #ffffff;\">CLEMENTS-STORE.CZ\u00a0<img decoding=\"async\" class=\"emoji\" role=\"img\" draggable=\"false\" src=\"https:\/\/s.w.org\/images\/core\/emoji\/17.0.2\/svg\/1f1e8-1f1ff.svg\" alt=\"\ud83c\udde8\ud83c\uddff\" loading=\"lazy\" \/><\/span><\/h2><h2 style=\"text-align: center;\"><span style=\"color: #ffffff;\">Online- und Offline-Verkauf von CBD und anderen Produkten in der Tschechischen Republik, der Slowakei und dem Rest der EU. \u00dcber E-Shop oder nach Vereinbarung. Abholung in Br\u00fcnn oder Versand an Adresse\/Abgabestelle.<\/span><\/h2><p>\u00a0<\/p><h2 style=\"text-align: center;\"><span style=\"color: #ffffff;\">KRATOM IN DER TSCHECHISCHEN REPUBLIK - PML FACHGESCH\u00c4FT <img decoding=\"async\" class=\"emoji\" role=\"img\" draggable=\"false\" src=\"https:\/\/s.w.org\/images\/core\/emoji\/17.0.2\/svg\/1f1e8-1f1ff.svg\" alt=\"\ud83c\udde8\ud83c\uddff\" loading=\"lazy\" \/><\/span><\/h2><h2 style=\"text-align: center;\"><span style=\"color: #ffffff;\">In der Tschechischen Republik kann Kratom nur in lizenzierten Psychomodulantiengesch\u00e4ften gekauft werden. <br \/>Wir haben ein solches Gesch\u00e4ft in der Kamenn\u00e1 1, Br\u00fcnn.<\/span><\/h2>\t\t\t\t\t\t<\/div>\n\t\t\t\t<\/div>\n\t\t\t\t\t<\/div>\n\t\t\t\t<\/div>\n\t\t\t\t<\/div>","protected":false},"excerpt":{"rendered":"<p>Dom\u016f O n\u00e1s &#8211; aneb kde koupit co? Historie obch\u016fdku Clement&#8217;s Store (kamenn\u00fd obchod v Brn\u011b) byl ofici\u00e1ln\u011b otev\u0159en 01. 08. 2019. Co se t\u00fd\u010de samotn\u00e9ho n\u00e1padu a realizace, tak ta za\u010dala ji\u017e 20. 04. 2019. P\u016fvodn\u00ed my\u0161lenka prodeje r\u016fzn\u00fdch huli\u010dsk\u00fdch pot\u0159eb a bylinek byla v na\u0161\u00ed rodin\u011b dlouho. Ale nebyl kapit\u00e1l ani motivace za\u010d\u00edt. [&hellip;]<\/p>","protected":false},"author":1,"featured_media":0,"parent":0,"menu_order":0,"comment_status":"closed","ping_status":"closed","template":"","meta":{"inline_featured_image":false,"site-sidebar-layout":"no-sidebar","site-content-layout":"page-builder","ast-site-content-layout":"","site-content-style":"default","site-sidebar-style":"default","ast-global-header-display":"","ast-banner-title-visibility":"","ast-main-header-display":"","ast-hfb-above-header-display":"","ast-hfb-below-header-display":"","ast-hfb-mobile-header-display":"","site-post-title":"disabled","ast-breadcrumbs-content":"","ast-featured-img":"disabled","footer-sml-layout":"","theme-transparent-header-meta":"enabled","adv-header-id-meta":"","stick-header-meta":"","header-above-stick-meta":"","header-main-stick-meta":"","header-below-stick-meta":"","astra-migrate-meta-layouts":"default","ast-page-background-enabled":"default","ast-page-background-meta":{"desktop":{"background-color":"var(--ast-global-color-4)","background-image":"","background-repeat":"repeat","background-position":"center center","background-size":"auto","background-attachment":"scroll","background-type":"","background-media":"","overlay-type":"","overlay-color":"","overlay-opacity":"","overlay-gradient":""},"tablet":{"background-color":"","background-image":"","background-repeat":"repeat","background-position":"center center","background-size":"auto","background-attachment":"scroll","background-type":"","background-media":"","overlay-type":"","overlay-color":"","overlay-opacity":"","overlay-gradient":""},"mobile":{"background-color":"","background-image":"","background-repeat":"repeat","background-position":"center center","background-size":"auto","background-attachment":"scroll","background-type":"","background-media":"","overlay-type":"","overlay-color":"","overlay-opacity":"","overlay-gradient":""}},"ast-content-background-meta":{"desktop":{"background-color":"var(--ast-global-color-5)","background-image":"","background-repeat":"repeat","background-position":"center center","background-size":"auto","background-attachment":"scroll","background-type":"","background-media":"","overlay-type":"","overlay-color":"","overlay-opacity":"","overlay-gradient":""},"tablet":{"background-color":"var(--ast-global-color-5)","background-image":"","background-repeat":"repeat","background-position":"center center","background-size":"auto","background-attachment":"scroll","background-type":"","background-media":"","overlay-type":"","overlay-color":"","overlay-opacity":"","overlay-gradient":""},"mobile":{"background-color":"var(--ast-global-color-5)","background-image":"","background-repeat":"repeat","background-position":"center center","background-size":"auto","background-attachment":"scroll","background-type":"","background-media":"","overlay-type":"","overlay-color":"","overlay-opacity":"","overlay-gradient":""}},"footnotes":""},"class_list":["post-1318","page","type-page","status-publish","hentry"],"_links":{"self":[{"href":"https:\/\/clements-store.at\/de\/wp-json\/wp\/v2\/pages\/1318","targetHints":{"allow":["GET"]}}],"collection":[{"href":"https:\/\/clements-store.at\/de\/wp-json\/wp\/v2\/pages"}],"about":[{"href":"https:\/\/clements-store.at\/de\/wp-json\/wp\/v2\/types\/page"}],"author":[{"embeddable":true,"href":"https:\/\/clements-store.at\/de\/wp-json\/wp\/v2\/users\/1"}],"replies":[{"embeddable":true,"href":"https:\/\/clements-store.at\/de\/wp-json\/wp\/v2\/comments?post=1318"}],"version-history":[{"count":30,"href":"https:\/\/clements-store.at\/de\/wp-json\/wp\/v2\/pages\/1318\/revisions"}],"predecessor-version":[{"id":6354,"href":"https:\/\/clements-store.at\/de\/wp-json\/wp\/v2\/pages\/1318\/revisions\/6354"}],"wp:attachment":[{"href":"https:\/\/clements-store.at\/de\/wp-json\/wp\/v2\/media?parent=1318"}],"curies":[{"name":"wp","href":"https:\/\/api.w.org\/{rel}","templated":true}]}}