{"id":2737,"date":"2024-10-07T23:59:59","date_gmt":"2024-10-07T21:59:59","guid":{"rendered":"https:\/\/clements-store.at\/?post_type=product&#038;p=2737"},"modified":"2026-04-24T01:24:30","modified_gmt":"2026-04-23T23:24:30","slug":"tablety","status":"publish","type":"product","link":"https:\/\/clements-store.at\/cz\/product\/tablety\/","title":{"rendered":"THAI TABLETY (DOPRODEJ)"},"content":{"rendered":"<p>Poslouch\u00e1me p\u0159\u00e1n\u00ed na\u0161ich klient\u016f. \u017d\u00e1dali jste tablety, tak jsme pro v\u00e1s nechali vyrobit tablety! Na rozd\u00edl od konkurence jsou tablety ze stejn\u00e9ho kratomu, jak\u00fd nab\u00edz\u00edme my v pr\u00e1\u0161kov\u00e9 form\u011b. Tak\u017ee m\u00e1te jistotu, \u017ee opravdu dostanete jen to nejlep\u0161\u00ed. \u017d\u00e1dn\u00e9 zbytky \u010di non specified kratom. Na\u0161e tablety jsou nacen\u011bn\u00e9 tak, \u017ee na nich prakticky nic v\u00edce nevyd\u011bl\u00e1v\u00e1me. K cen\u011b pr\u00e1\u0161ku jsou p\u0159i\u010dten\u00e9 n\u00e1klady na vytla\u010den\u00ed tablet, cca 1 K\u010d\/g. Bohu\u017eel na trhu aktu\u00e1ln\u011b nen\u00ed mo\u017enost levn\u011bj\u0161\u00ed v\u00fdroby z vlastn\u00edho pr\u00e1\u0161ku a j\u00e1 odm\u00edt\u00e1m kupovat &#8222;ciz\u00ed&#8220; kratom v tablet\u00e1ch jen abych u\u0161et\u0159il a vy by jste dostali podpr\u016fm\u011brnou kvalitu!<\/p>\n<p><strong>1 tableta = 1 gram<br \/>\n95% kratomov\u00fd pr\u00e1\u0161ek<br \/>\n5% \u0161krob a steran (v\u0161e p\u0159\u00edrodn\u00edho p\u016fvodu)<\/strong><\/p>\n<p><span class=\"wsw-41\"><strong>Laboratorn\u00ed testy ke kratomu najde\u0161\u00a0<a href=\"https:\/\/clements-store.at\/laboratorni-testy\/\">ZDE<\/a>.<\/strong><br \/>\n<\/span><\/p>\n<p><em>V t\u00e9to nab\u00eddce jsou pouze 100% barvy.<\/em><\/p>\n<p><span class=\"wsw-34\"><strong>Green Thai<\/strong><\/span><\/p>\n<p><strong><span class=\"wsw-02\">Mno\u017estevn\u00ed mo\u017enosti:<br \/>\n<\/span><\/strong><strong><span class=\"wsw-41\">Jeden pytl\u00edk = jeden druh!<br \/>\n<\/span><\/strong><span class=\"wsw-02\">Pytl\u00edky nerozd\u011blujeme na v\u00edce kus\u016f, ani v\u00edce druh\u016f za cenu jednoho pytl\u00edku. Ka\u017ed\u00fd jednotliv\u00fd pytl\u00edk je pot\u0159eba si objednat zvl\u00e1\u0161\u0165. Sna\u017e\u00edme se zamezit zbyte\u010dn\u00e9mu pl\u00fdtv\u00e1n\u00ed obalov\u00fdch materi\u00e1l\u016f. Ide\u00e1ln\u011b doporu\u010dujeme kupovat kratom po kilovk\u00e1ch, kter\u00e9 prod\u00e1v\u00e1me v p\u016fvodn\u00edch zavakuovan\u00fdch obalech a doma si je na poli\u010dku m\u016f\u017eete p\u0159esypat do zava\u0159ova\u010dky \u010di d\u00f3zy. V\u00fdjimky ned\u011bl\u00e1me, d\u011bkujeme za pochopen\u00ed.<\/span><\/p>\n<p><strong>20 g = 7 \u20ac (0,340 \u20ac\/g)<\/strong><br \/>\n<strong>50 g = 13 \u20ac (0,260 \u20ac\/g)<\/strong><br \/>\n<strong>100 g = 21 \u20ac (0,210 \u20ac\/g)<\/strong><\/p>\n","protected":false},"excerpt":{"rendered":"<p>Poslouch\u00e1me p\u0159\u00e1n\u00ed na\u0161ich klient\u016f. \u017d\u00e1dali jste tablety, tak jsme pro v\u00e1s nechali vyrobit tablety! Na rozd\u00edl od konkurence jsou tablety ze stejn\u00e9ho kratomu, jak\u00fd nab\u00edz\u00edme my v pr\u00e1\u0161kov\u00e9 form\u011b. Tak\u017ee m\u00e1te jistotu, \u017ee opravdu dostanete jen to nejlep\u0161\u00ed. \u017d\u00e1dn\u00e9 zbytky \u010di non specified kratom. Na\u0161e tablety jsou nacen\u011bn\u00e9 tak, \u017ee na nich prakticky nic v\u00edce nevyd\u011bl\u00e1v\u00e1me. K cen\u011b pr\u00e1\u0161ku jsou p\u0159i\u010dten\u00e9 n\u00e1klady na vytla\u010den\u00ed tablet, cca 1 K\u010d\/g. Bohu\u017eel na trhu aktu\u00e1ln\u011b nen\u00ed mo\u017enost levn\u011bj\u0161\u00ed v\u00fdroby z vlastn\u00edho pr\u00e1\u0161ku a j\u00e1 odm\u00edt\u00e1m kupovat &#8222;ciz\u00ed&#8220; kratom v tablet\u00e1ch jen abych u\u0161et\u0159il a vy by jste dostali podpr\u016fm\u011brnou kvalitu!<\/p>\n","protected":false},"featured_media":3935,"template":"","meta":{"inline_featured_image":false,"site-sidebar-layout":"default","site-content-layout":"","ast-site-content-layout":"default","site-content-style":"default","site-sidebar-style":"default","ast-global-header-display":"","ast-banner-title-visibility":"","ast-main-header-display":"","ast-hfb-above-header-display":"","ast-hfb-below-header-display":"","ast-hfb-mobile-header-display":"","site-post-title":"","ast-breadcrumbs-content":"","ast-featured-img":"","footer-sml-layout":"","theme-transparent-header-meta":"default","adv-header-id-meta":"","stick-header-meta":"default","header-above-stick-meta":"","header-main-stick-meta":"","header-below-stick-meta":"","astra-migrate-meta-layouts":"set","ast-page-background-enabled":"default","ast-page-background-meta":{"desktop":{"background-color":"var(--ast-global-color-4)","background-image":"","background-repeat":"repeat","background-position":"center center","background-size":"auto","background-attachment":"scroll","background-type":"","background-media":"","overlay-type":"","overlay-color":"","overlay-opacity":"","overlay-gradient":""},"tablet":{"background-color":"","background-image":"","background-repeat":"repeat","background-position":"center center","background-size":"auto","background-attachment":"scroll","background-type":"","background-media":"","overlay-type":"","overlay-color":"","overlay-opacity":"","overlay-gradient":""},"mobile":{"background-color":"","background-image":"","background-repeat":"repeat","background-position":"center center","background-size":"auto","background-attachment":"scroll","background-type":"","background-media":"","overlay-type":"","overlay-color":"","overlay-opacity":"","overlay-gradient":""}},"ast-content-background-meta":{"desktop":{"background-color":"var(--ast-global-color-5)","background-image":"","background-repeat":"repeat","background-position":"center center","background-size":"auto","background-attachment":"scroll","background-type":"","background-media":"","overlay-type":"","overlay-color":"","overlay-opacity":"","overlay-gradient":""},"tablet":{"background-color":"var(--ast-global-color-5)","background-image":"","background-repeat":"repeat","background-position":"center center","background-size":"auto","background-attachment":"scroll","background-type":"","background-media":"","overlay-type":"","overlay-color":"","overlay-opacity":"","overlay-gradient":""},"mobile":{"background-color":"var(--ast-global-color-5)","background-image":"","background-repeat":"repeat","background-position":"center center","background-size":"auto","background-attachment":"scroll","background-type":"","background-media":"","overlay-type":"","overlay-color":"","overlay-opacity":"","overlay-gradient":""}}},"product_brand":[],"product_cat":[19],"product_tag":[],"class_list":{"0":"post-2737","1":"product","2":"type-product","3":"status-publish","4":"has-post-thumbnail","6":"product_cat-kratom","7":"desktop-align-left","8":"tablet-align-left","9":"mobile-align-left","10":"ast-product-gallery-layout-horizontal-slider","11":"ast-product-single-variable","12":"ast-product-tabs-layout-horizontal","14":"first","15":"instock","16":"shipping-taxable","17":"purchasable","18":"product-type-variable"},"_links":{"self":[{"href":"https:\/\/clements-store.at\/cz\/wp-json\/wp\/v2\/product\/2737","targetHints":{"allow":["GET"]}}],"collection":[{"href":"https:\/\/clements-store.at\/cz\/wp-json\/wp\/v2\/product"}],"about":[{"href":"https:\/\/clements-store.at\/cz\/wp-json\/wp\/v2\/types\/product"}],"wp:featuredmedia":[{"embeddable":true,"href":"https:\/\/clements-store.at\/cz\/wp-json\/wp\/v2\/media\/3935"}],"wp:attachment":[{"href":"https:\/\/clements-store.at\/cz\/wp-json\/wp\/v2\/media?parent=2737"}],"wp:term":[{"taxonomy":"product_brand","embeddable":true,"href":"https:\/\/clements-store.at\/cz\/wp-json\/wp\/v2\/product_brand?post=2737"},{"taxonomy":"product_cat","embeddable":true,"href":"https:\/\/clements-store.at\/cz\/wp-json\/wp\/v2\/product_cat?post=2737"},{"taxonomy":"product_tag","embeddable":true,"href":"https:\/\/clements-store.at\/cz\/wp-json\/wp\/v2\/product_tag?post=2737"}],"curies":[{"name":"wp","href":"https:\/\/api.w.org\/{rel}","templated":true}]}}