{"id":2067,"date":"2024-10-07T01:43:21","date_gmt":"2024-10-06T23:43:21","guid":{"rendered":"https:\/\/clements-store.at\/?post_type=product&#038;p=2067"},"modified":"2026-03-04T04:44:08","modified_gmt":"2026-03-04T03:44:08","slug":"thai","status":"publish","type":"product","link":"https:\/\/clements-store.at\/cz\/product\/thai\/","title":{"rendered":"THAI"},"content":{"rendered":"<p><span class=\"wsw-02\"><strong>ZDROJ THAI:<\/strong><br \/>\nKratom (mitragyna speciosa) s n\u00e1zvem Thai je mo\u017en\u00e9 koupit z m\u00e9 zku\u0161enosti minim\u00e1ln\u011b 10 let v EU. Probl\u00e9m je v tom, \u017ee se nikdy nejednalo o kratom z Thajska. Byl to jen marketingov\u00fd n\u00e1zev, ale kratom st\u00e1le poch\u00e1zel z ostrova Borneo v Indon\u00e9sii. Jako jeden z prvn\u00edch jsem do \u010ceska importoval kra\u0165\u00e1k z thajsk\u00fdch farem. M\u016fj thajsk\u00fd dodavatel z\u00edskal s moj\u00ed objedn\u00e1vkou prvn\u00ed komer\u010dn\u00ed licenci k exportu z Thajska (nikdo jin\u00fd do t\u00e9 doby licenci na export nem\u011bl).<br \/>\n<span class=\"wpb-space wpb-small\"><\/span><br \/>\n<\/span>Spektrum alkaloid\u016f je lehce odli\u0161n\u00e9 od klasick\u00e9ho indon\u00e9sk\u00e9ho kratomu. Obsah mitragyninu je vy\u0161\u0161\u00ed, ne\u017e je standard. Prim\u00e1rn\u011b d\u00edky odli\u0161n\u00e9mu podneb\u00ed, p\u016fd\u011b a pe\u010dliv\u00e9mu v\u00fdrobn\u00edmu procesu. Thajci si zakl\u00e1daj\u00ed na kvalit\u011b proces\u016f a bezpe\u010dnosti &#8211; od GMP a ISO 9001 certifikace, p\u0159es organick\u00e9 hnojen\u00ed a nebo bezpe\u010dnost pr\u00e1ce (bal\u00ed krabice max po 13 kg, aby bylo jednoduch\u00e9 s nimi manipulovat).<br \/>\n<span class=\"wpb-space wpb-small\"><\/span><br \/>\nKvalita je prvot\u0159\u00eddn\u00ed a sb\u011bratelsk\u00e1 hodnota je vskutku zaj\u00edmav\u00e1. <strong>Chci dop\u0159edu upozornit, \u017ee jde o kratom s velk\u00fdm obsahem mitragyninu, tak\u017ee pozor na to!<br \/>\n<span class=\"wpb-space wpb-small\"><\/span><br \/>\n<\/strong><span class=\"wsw-41\"><strong>Ve\u0161ker\u00fd kratom v na\u0161em obchod\u011b je sterilizov\u00e1n gamma z\u00e1\u0159en\u00edm a n\u00e1sledn\u011b otestov\u00e1n v Indon\u00e9sii\/Thajsku\/USA a pot\u00e9 p\u0159i dovozu nav\u00edc je\u0161t\u011b v \u010cesk\u00e9 republice\/EU. Laboratorn\u00ed testy ke kratomu od tohoto zdroje najde\u0161 <a href=\"https:\/\/clements-store.at\/thai\/\" target=\"_blank\" rel=\"noopener\">ZDE<\/a>.<\/strong><br \/>\n<\/span><strong><em><span class=\"wpb-space wpb-small\"><\/span><br \/>\nV t\u00e9to nab\u00eddce jsou pouze 100% barvy. Pokud chce\u0161 koupit v\u00edce r\u016fzn\u00fdch kilovek, tak vyber mo\u017enost &#8222;V\u00edce barev\/druh\u016f&#8220; a napi\u0161 mi do pozn\u00e1mky v jak\u00e9m pom\u011bru chce\u0161 kratom nachystat.<br \/>\n<span class=\"wpb-space wpb-small\"><\/span><br \/>\n<\/em><\/strong><span class=\"wsw-38\">Nelze kombinovat s mno\u017estevn\u00ed slevou s jin\u00fdm kratomem na e-shopu.<br \/>\n<span class=\"wpb-space wpb-small\"><\/span><br \/>\n<\/span><span class=\"wsw-31\"><strong>Red<\/strong>\u00a0<strong>Thai <\/strong><\/span>(fermentov\u00e1no a\u017e 5 dn\u00ed)<br \/>\n<strong><span class=\"wsw-34\">Green Thai<br \/>\n<span class=\"wpb-space wpb-small\"><\/span><br \/>\n<\/span><\/strong><strong><span class=\"wsw-02\">Mno\u017estevn\u00ed mo\u017enosti:<\/span><br \/>\n<\/strong><strong><span class=\"wsw-41\">Jeden pytl\u00edk = jeden druh!<br \/>\n<\/span><\/strong><span class=\"wsw-02\">Pytl\u00edky nerozd\u011blujeme na v\u00edce kus\u016f, ani v\u00edce druh\u016f za cenu jednoho pytl\u00edku. Ka\u017ed\u00fd jednotliv\u00fd pytl\u00edk je pot\u0159eba si objednat zvl\u00e1\u0161\u0165. Sna\u017e\u00edme se zamezit zbyte\u010dn\u00e9mu pl\u00fdtv\u00e1n\u00ed obalov\u00fdch materi\u00e1l\u016f. Ide\u00e1ln\u011b doporu\u010dujeme kupovat kratom po kilovk\u00e1ch, kter\u00e9 prod\u00e1v\u00e1me v p\u016fvodn\u00edch zavakuovan\u00fdch obalech a doma si je na poli\u010dku m\u016f\u017eete p\u0159esypat do zava\u0159ova\u010dky \u010di d\u00f3zy. V\u00fdjimky ned\u011bl\u00e1me, d\u011bkujeme za pochopen\u00ed.<br \/>\n<span class=\"wpb-space wpb-small\"><\/span><br \/>\n<\/span><strong>20 g = 6 \u20ac (0,300 \u20ac\/g)<\/strong><br \/>\n<strong>50 g = 11 \u20ac (0,220 \u20ac\/g)<\/strong><br \/>\n<strong>100 g = 17 \u20ac (0,170 \u20ac\/g)<\/strong><br \/>\n<strong>150 g = 24 \u20ac (0,160 \u20ac\/g)<\/strong><br \/>\n<strong>200 g = 31 \u20ac (0,155 \u20ac\/g)<\/strong><br \/>\n<strong>250 g = 37 \u20ac (0,148 \u20ac\/g)<\/strong><br \/>\n<strong>300 g = 42 \u20ac (0,140 \u20ac\/g)<\/strong><br \/>\n<strong>400 g = 54 \u20ac (0,135 \u20ac\/g)<\/strong><br \/>\n<strong>500 g = 66 \u20ac (0,132 \u20ac\/g)<\/strong><br \/>\n<strong>750 g = 95 \u20ac (0,127 \u20ac\/g)<br \/>\n<span class=\"wpb-space wpb-small\"><\/span><br \/>\n<\/strong><strong><span class=\"wsw-34\">Jeden kilogram = jeden druh = jeden pytel vakuovan\u00fd z Thajska.<br \/>\n<span class=\"wpb-space wpb-small\"><\/span><br \/>\n<\/span><\/strong><span class=\"wsw-02\"><strong>1 kg = 110 \u20ac (0,110 \u20ac\/g)<br \/>\n2 kg = 198 \u20ac (0,099 \u20ac\/g)<br \/>\n3 kg = 285 \u20ac (0,095 \u20ac\/g)<br \/>\n4 kg = 360 \u20ac (0,090 \u20ac\/g)<br \/>\n5 kg = 430 \u20ac (0,086 \u20ac\/g)<br \/>\n<\/strong><\/span><span class=\"wsw-02\"><strong><span class=\"wsw-34\"><span class=\"wpb-space wpb-small\"><\/span><br \/>\nPro n\u00e1kup v\u011bt\u0161\u00edho mno\u017estv\u00ed nad 6 kg m\u011b pros\u00edm kontaktuj na e-mail \u010di jin\u00fd <a href=\"https:\/\/clements-store.at\/contact\/\">Kontakt<\/a>.<br \/>\n<\/span><\/strong><span class=\"wsw-34\"><span class=\"wpb-space wpb-small\"><\/span><br \/>\nBotanick\u00fd sb\u011bratelsk\u00fd p\u0159edm\u011bt pro dekorativn\u00ed, etnobotanick\u00e9 nebo analytick\u00e9 \u00fa\u010dely. Nen\u00ed ur\u010deno k lidsk\u00e9 spot\u0159eb\u011b.<\/span><\/span><\/p>\n","protected":false},"excerpt":{"rendered":"<p><span class=\"wsw-02\">Kratom s n\u00e1zvem Thai je mo\u017en\u00e9 koupit z m\u00e9 zku\u0161enosti minim\u00e1ln\u011b 10 let v EU. Probl\u00e9m je v tom, \u017ee se nikdy nejednalo o kratom z Thajska. Byl to jen marketingov\u00fd n\u00e1zev, ale kratom st\u00e1le poch\u00e1zel z ostrova Borneo v Indon\u00e9sii. Jako jeden z prvn\u00edch jsem do \u010ceska importoval kratom z thajsk\u00fdch farem. M\u016fj thajsk\u00fd dodavatel z\u00edskal s moj\u00ed objedn\u00e1vkou prvn\u00ed komer\u010dn\u00ed licenci k exportu z Thajska (nikdo jin\u00fd do t\u00e9 doby licenci na export v Thajsku nem\u011bl).<\/span><\/p>\n","protected":false},"featured_media":3916,"template":"","meta":{"inline_featured_image":false,"site-sidebar-layout":"default","site-content-layout":"","ast-site-content-layout":"default","site-content-style":"default","site-sidebar-style":"default","ast-global-header-display":"","ast-banner-title-visibility":"","ast-main-header-display":"","ast-hfb-above-header-display":"","ast-hfb-below-header-display":"","ast-hfb-mobile-header-display":"","site-post-title":"","ast-breadcrumbs-content":"","ast-featured-img":"","footer-sml-layout":"","theme-transparent-header-meta":"default","adv-header-id-meta":"","stick-header-meta":"default","header-above-stick-meta":"","header-main-stick-meta":"","header-below-stick-meta":"","astra-migrate-meta-layouts":"set","ast-page-background-enabled":"default","ast-page-background-meta":{"desktop":{"background-color":"var(--ast-global-color-4)","background-image":"","background-repeat":"repeat","background-position":"center center","background-size":"auto","background-attachment":"scroll","background-type":"","background-media":"","overlay-type":"","overlay-color":"","overlay-opacity":"","overlay-gradient":""},"tablet":{"background-color":"","background-image":"","background-repeat":"repeat","background-position":"center center","background-size":"auto","background-attachment":"scroll","background-type":"","background-media":"","overlay-type":"","overlay-color":"","overlay-opacity":"","overlay-gradient":""},"mobile":{"background-color":"","background-image":"","background-repeat":"repeat","background-position":"center center","background-size":"auto","background-attachment":"scroll","background-type":"","background-media":"","overlay-type":"","overlay-color":"","overlay-opacity":"","overlay-gradient":""}},"ast-content-background-meta":{"desktop":{"background-color":"var(--ast-global-color-5)","background-image":"","background-repeat":"repeat","background-position":"center center","background-size":"auto","background-attachment":"scroll","background-type":"","background-media":"","overlay-type":"","overlay-color":"","overlay-opacity":"","overlay-gradient":""},"tablet":{"background-color":"var(--ast-global-color-5)","background-image":"","background-repeat":"repeat","background-position":"center center","background-size":"auto","background-attachment":"scroll","background-type":"","background-media":"","overlay-type":"","overlay-color":"","overlay-opacity":"","overlay-gradient":""},"mobile":{"background-color":"var(--ast-global-color-5)","background-image":"","background-repeat":"repeat","background-position":"center center","background-size":"auto","background-attachment":"scroll","background-type":"","background-media":"","overlay-type":"","overlay-color":"","overlay-opacity":"","overlay-gradient":""}}},"product_brand":[],"product_cat":[19],"product_tag":[],"class_list":{"0":"post-2067","1":"product","2":"type-product","3":"status-publish","4":"has-post-thumbnail","6":"product_cat-kratom","7":"desktop-align-left","8":"tablet-align-left","9":"mobile-align-left","10":"ast-product-gallery-layout-horizontal-slider","11":"ast-product-single-variable","12":"ast-product-tabs-layout-horizontal","14":"first","15":"instock","16":"shipping-taxable","17":"purchasable","18":"product-type-variable"},"_links":{"self":[{"href":"https:\/\/clements-store.at\/cz\/wp-json\/wp\/v2\/product\/2067","targetHints":{"allow":["GET"]}}],"collection":[{"href":"https:\/\/clements-store.at\/cz\/wp-json\/wp\/v2\/product"}],"about":[{"href":"https:\/\/clements-store.at\/cz\/wp-json\/wp\/v2\/types\/product"}],"wp:featuredmedia":[{"embeddable":true,"href":"https:\/\/clements-store.at\/cz\/wp-json\/wp\/v2\/media\/3916"}],"wp:attachment":[{"href":"https:\/\/clements-store.at\/cz\/wp-json\/wp\/v2\/media?parent=2067"}],"wp:term":[{"taxonomy":"product_brand","embeddable":true,"href":"https:\/\/clements-store.at\/cz\/wp-json\/wp\/v2\/product_brand?post=2067"},{"taxonomy":"product_cat","embeddable":true,"href":"https:\/\/clements-store.at\/cz\/wp-json\/wp\/v2\/product_cat?post=2067"},{"taxonomy":"product_tag","embeddable":true,"href":"https:\/\/clements-store.at\/cz\/wp-json\/wp\/v2\/product_tag?post=2067"}],"curies":[{"name":"wp","href":"https:\/\/api.w.org\/{rel}","templated":true}]}}