{"id":1824,"date":"2024-10-03T12:55:33","date_gmt":"2024-10-03T12:55:33","guid":{"rendered":"https:\/\/clements-store.at\/?post_type=product&#038;p=1824"},"modified":"2026-03-04T04:44:57","modified_gmt":"2026-03-04T03:44:57","slug":"maeng-da","status":"publish","type":"product","link":"https:\/\/clements-store.at\/cz\/product\/maeng-da\/","title":{"rendered":"MAENG DA"},"content":{"rendered":"<p><strong>ZDROJ MAENG DA:<\/strong><br \/>\nZdroj, od kter\u00e9ho nakupujeme od roku 2021 a v\u017edy spokojenost. V nab\u00eddce pouze jeden druh &#8211; &#8222;Maeng Da&#8220;. Nen\u00ed pot\u0159eba marketingov\u00fdch poh\u00e1dek. Re\u00e1ln\u011b to nejlep\u0161\u00ed z Bornea v Indon\u00e9sie, co se d\u00e1 sehnat. Samoz\u0159ejm\u011b nadrceno na &#8222;nano&#8220;.<br \/>\n<span class=\"wpb-space wpb-small\"><\/span><br \/>\n<span class=\"wsw-41\"><strong><span class=\"wsw-02\">Ve\u0161ker\u00fd kratom v na\u0161em obchod\u011b je sterilizov\u00e1n gamma z\u00e1\u0159en\u00edm a n\u00e1sledn\u011b otestov\u00e1n v Indon\u00e9sii\/Thajsku\/USA a pot\u00e9 p\u0159i dovozu nav\u00edc je\u0161t\u011b v \u010cesk\u00e9 republice\/EU. \u00a0<\/span>Laboratorn\u00ed testy ke kratomu od tohoto zdroje najde\u0161\u00a0<a href=\"https:\/\/clements-store.at\/maeng-da\/\">ZDE.<\/a><br \/>\n<span class=\"wpb-space wpb-small\"><\/span><br \/>\n<\/strong><\/span><span class=\"wsw-02\"><strong><em>V t\u00e9to nab\u00eddce jsou pouze 100% barvy. Pokud chce\u0161 koupit v\u00edce r\u016fzn\u00fdch kilovek, tak vyber mo\u017enost &#8222;V\u00edce barev\/druh\u016f&#8220; a napi\u0161 mi do pozn\u00e1mky v jak\u00e9m pom\u011bru chce\u0161 kratom nachystat.<br \/>\n<span class=\"wpb-space wpb-small\"><\/span><br \/>\n<\/em><\/strong><\/span><span class=\"wsw-02\"><span class=\"wsw-38\">Nelze kombinovat s mno\u017estevn\u00ed slevou s jin\u00fdm kratomem na e-shopu.<br \/>\n<span class=\"wpb-space wpb-small\"><\/span><br \/>\n<\/span><\/span><span class=\"wsw-41\"><strong>Brown<\/strong>\u00a0<strong>Maeng Da<\/strong><\/span> (fermentov\u00e1no a\u017e 10 dn\u00ed)<br \/>\n<span class=\"wsw-31\"><strong>Red<\/strong>\u00a0<strong>Maeng Da\u00a0<\/strong><\/span>(fermentov\u00e1no a\u017e 7 dn\u00ed)<br \/>\n<span class=\"wsw-34\"><strong>Green\u00a0<\/strong><strong>Maeng Da<\/strong><br \/>\n<\/span><span class=\"wsw-06\"><strong>White\u00a0<\/strong><strong>Maeng Da<br \/>\n<span class=\"wpb-space wpb-small\"><\/span><br \/>\n<\/strong><\/span><span class=\"wsw-02\"><strong>Mno\u017estevn\u00ed mo\u017enosti:<br \/>\n<span class=\"wsw-41\">Jeden pytl\u00edk = jeden druh!<br \/>\n<\/span>Pytl\u00edky nerozd\u011blujeme na v\u00edce kus\u016f, ani v\u00edce druh\u016f za cenu jednoho pytl\u00edku. Ka\u017ed\u00fd jednotliv\u00fd pytl\u00edk je pot\u0159eba si objednat zvl\u00e1\u0161\u0165. Sna\u017e\u00edme se zamezit zbyte\u010dn\u00e9mu pl\u00fdtv\u00e1n\u00ed obalov\u00fdch materi\u00e1l\u016f. Ide\u00e1ln\u011b doporu\u010dujeme kupovat kratom po kilovk\u00e1ch, kter\u00e9 prod\u00e1v\u00e1me v p\u016fvodn\u00edch zavakuovan\u00fdch obalech a doma si je na poli\u010dku m\u016f\u017eete p\u0159esypat do zava\u0159ova\u010dky \u010di d\u00f3zy. V\u00fdjimky ned\u011bl\u00e1me, d\u011bkujeme za pochopen\u00ed.<br \/>\n<span class=\"wpb-space wpb-small\"><\/span><br \/>\n<\/strong><\/span><span class=\"wsw-02\"><strong>20 g = 5 \u20ac (0,250 \u20ac\/g)<br \/>\n50 g = 10 \u20ac (0,200 \u20ac\/g)<br \/>\n100 g = 16 \u20ac (0,160 \u20ac\/g)<br \/>\n150 g = 23 \u20ac (0,153 \u20ac\/g)<br \/>\n200 g = 30 \u20ac (0,150 \u20ac\/g)<br \/>\n250 g = 35 \u20ac (0,140 \u20ac\/g)<br \/>\n300 g = 40 \u20ac (0,133 \u20ac\/g)<br \/>\n400 g = 52 \u20ac (0,130 \u20ac\/g)<br \/>\n500 g = 64 \u20ac (0,128 \u20ac\/g)<br \/>\n750 g = 90 \u20ac (0,120 \u20ac\/g)<br \/>\n<span class=\"wpb-space wpb-small\"><\/span><br \/>\n<\/strong><\/span><span class=\"wsw-34\">Jeden kilogram = jeden druh = jeden pytel vakuovan\u00fd z Indon\u00e9sie.<br \/>\n<span class=\"wpb-space wpb-small\"><\/span><br \/>\n<\/span><strong>1 kg = 100 \u20ac (0,100 \u20ac\/g)<\/strong><br \/>\n<strong>2 kg = 190 \u20ac (0,095 \u20ac\/g)<\/strong><br \/>\n<strong>3 kg = 270 \u20ac (0,090 \u20ac\/g)<\/strong><br \/>\n<strong>4 kg = 340 \u20ac (0,085 \u20ac\/g)<\/strong><br \/>\n<strong>5 kg = 400 \u20ac (0,080 \u20ac\/g)<br \/>\n<span class=\"wpb-space wpb-small\"><\/span><br \/>\n<\/strong><span class=\"wsw-34\"><strong>Pro n\u00e1kup v\u011bt\u0161\u00edho mno\u017estv\u00ed nad 6 kg m\u011b pros\u00edm kontaktuj na e-mail \u010di jin\u00fd <a href=\"https:\/\/clements-store.at\/contact\/\">Kontakt<\/a>.<\/strong><br \/>\n<\/span><span class=\"wsw-34\"><span class=\"wpb-space wpb-small\"><\/span><br \/>\nBotanick\u00fd sb\u011bratelsk\u00fd p\u0159edm\u011bt pro dekorativn\u00ed, etnobotanick\u00e9 nebo analytick\u00e9 \u00fa\u010dely. Nen\u00ed ur\u010deno k lidsk\u00e9 spot\u0159eb\u011b.<\/span><strong><br \/>\n<\/strong><\/p>\n","protected":false},"excerpt":{"rendered":"<p>Jeden v\u016fbec z nejlep\u0161\u00edch kratom\u016f, na kter\u00e9 jsem na trhu narazil. Spolupracujeme s dodavatelem ji\u017e od roku 2021. V nab\u00eddce pouze jeden druh &#8211; &#8222;Maeng Da&#8220;.\u00a8<\/p>\n","protected":false},"featured_media":3908,"template":"","meta":{"inline_featured_image":false,"site-sidebar-layout":"default","site-content-layout":"","ast-site-content-layout":"default","site-content-style":"default","site-sidebar-style":"default","ast-global-header-display":"","ast-banner-title-visibility":"","ast-main-header-display":"","ast-hfb-above-header-display":"","ast-hfb-below-header-display":"","ast-hfb-mobile-header-display":"","site-post-title":"","ast-breadcrumbs-content":"","ast-featured-img":"","footer-sml-layout":"","theme-transparent-header-meta":"default","adv-header-id-meta":"","stick-header-meta":"default","header-above-stick-meta":"","header-main-stick-meta":"","header-below-stick-meta":"","astra-migrate-meta-layouts":"set","ast-page-background-enabled":"default","ast-page-background-meta":{"desktop":{"background-color":"var(--ast-global-color-4)","background-image":"","background-repeat":"repeat","background-position":"center center","background-size":"auto","background-attachment":"scroll","background-type":"","background-media":"","overlay-type":"","overlay-color":"","overlay-opacity":"","overlay-gradient":""},"tablet":{"background-color":"","background-image":"","background-repeat":"repeat","background-position":"center center","background-size":"auto","background-attachment":"scroll","background-type":"","background-media":"","overlay-type":"","overlay-color":"","overlay-opacity":"","overlay-gradient":""},"mobile":{"background-color":"","background-image":"","background-repeat":"repeat","background-position":"center center","background-size":"auto","background-attachment":"scroll","background-type":"","background-media":"","overlay-type":"","overlay-color":"","overlay-opacity":"","overlay-gradient":""}},"ast-content-background-meta":{"desktop":{"background-color":"var(--ast-global-color-5)","background-image":"","background-repeat":"repeat","background-position":"center center","background-size":"auto","background-attachment":"scroll","background-type":"","background-media":"","overlay-type":"","overlay-color":"","overlay-opacity":"","overlay-gradient":""},"tablet":{"background-color":"var(--ast-global-color-5)","background-image":"","background-repeat":"repeat","background-position":"center center","background-size":"auto","background-attachment":"scroll","background-type":"","background-media":"","overlay-type":"","overlay-color":"","overlay-opacity":"","overlay-gradient":""},"mobile":{"background-color":"var(--ast-global-color-5)","background-image":"","background-repeat":"repeat","background-position":"center center","background-size":"auto","background-attachment":"scroll","background-type":"","background-media":"","overlay-type":"","overlay-color":"","overlay-opacity":"","overlay-gradient":""}}},"product_brand":[],"product_cat":[19],"product_tag":[],"class_list":{"0":"post-1824","1":"product","2":"type-product","3":"status-publish","4":"has-post-thumbnail","6":"product_cat-kratom","7":"desktop-align-left","8":"tablet-align-left","9":"mobile-align-left","10":"ast-product-gallery-layout-horizontal-slider","11":"ast-product-single-variable","12":"ast-product-tabs-layout-horizontal","14":"first","15":"instock","16":"shipping-taxable","17":"purchasable","18":"product-type-variable"},"_links":{"self":[{"href":"https:\/\/clements-store.at\/cz\/wp-json\/wp\/v2\/product\/1824","targetHints":{"allow":["GET"]}}],"collection":[{"href":"https:\/\/clements-store.at\/cz\/wp-json\/wp\/v2\/product"}],"about":[{"href":"https:\/\/clements-store.at\/cz\/wp-json\/wp\/v2\/types\/product"}],"wp:featuredmedia":[{"embeddable":true,"href":"https:\/\/clements-store.at\/cz\/wp-json\/wp\/v2\/media\/3908"}],"wp:attachment":[{"href":"https:\/\/clements-store.at\/cz\/wp-json\/wp\/v2\/media?parent=1824"}],"wp:term":[{"taxonomy":"product_brand","embeddable":true,"href":"https:\/\/clements-store.at\/cz\/wp-json\/wp\/v2\/product_brand?post=1824"},{"taxonomy":"product_cat","embeddable":true,"href":"https:\/\/clements-store.at\/cz\/wp-json\/wp\/v2\/product_cat?post=1824"},{"taxonomy":"product_tag","embeddable":true,"href":"https:\/\/clements-store.at\/cz\/wp-json\/wp\/v2\/product_tag?post=1824"}],"curies":[{"name":"wp","href":"https:\/\/api.w.org\/{rel}","templated":true}]}}