{"id":6033,"date":"2026-01-27T22:46:27","date_gmt":"2026-01-27T21:46:27","guid":{"rendered":"https:\/\/clements-store.at\/?page_id=6033"},"modified":"2026-05-03T17:41:58","modified_gmt":"2026-05-03T15:41:58","slug":"impressum","status":"publish","type":"page","link":"https:\/\/clements-store.at\/cz\/impressum\/","title":{"rendered":"Impressum"},"content":{"rendered":"\t\t<div data-elementor-type=\"wp-page\" data-elementor-id=\"6033\" class=\"elementor elementor-6033\" data-elementor-post-type=\"page\">\n\t\t\t\t<div class=\"elementor-element elementor-element-11b9fff e-flex e-con-boxed e-con e-parent\" data-id=\"11b9fff\" data-element_type=\"container\" data-no-translation=\"\">\n\t\t\t\t\t<div class=\"e-con-inner\">\n\t\t\t\t<div class=\"elementor-element elementor-element-2ff8b63 elementor-widget__width-initial elementor-widget elementor-widget-heading\" data-id=\"2ff8b63\" data-element_type=\"widget\" data-widget_type=\"heading.default\">\n\t\t\t\t<div class=\"elementor-widget-container\">\n\t\t\t<h2 class=\"elementor-heading-title elementor-size-default\">Impressum<\/h2>\t\t<\/div>\n\t\t\t\t<\/div>\n\t\t<div class=\"elementor-element elementor-element-c8af7e9 e-con-full e-flex e-con e-child\" data-id=\"c8af7e9\" data-element_type=\"container\">\n\t\t\t\t<div class=\"elementor-element elementor-element-5b219ed elementor-widget__width-initial elementor-widget elementor-widget-text-editor\" data-id=\"5b219ed\" data-element_type=\"widget\" data-widget_type=\"text-editor.default\">\n\t\t\t\t<div class=\"elementor-widget-container\">\n\t\t\t\t\t\t\t<p><b>\u00dadaje dle \u00a7 5 z\u00e1kona o elektronick\u00e9m obchodu (ECG)<\/b><\/p><p><b>Provozovatelka webu:<\/b><span style=\"font-weight: 400;\"> <br \/>Irena Klementov\u00e1, Clement&#8217;s Store<br \/>Sevastopolsk\u00e1 348\/7, 625 00, Brno &#8211; Star\u00fd L\u00edskovec<\/span><\/p><p><b>Kontakt:<\/b><span style=\"font-weight: 400;\"> <br \/>E-mail: info@clements-store.at <br \/>Tel.: +420 728 748 370<\/span><\/p><p><b>P\u0159edm\u011bt podnik\u00e1n\u00ed:<br \/><\/b><span style=\"font-weight: 400;\"> Maloobchod se zbo\u017e\u00edm (zejm\u00e9na sb\u011bratelsk\u00e9 p\u0159edm\u011bty a v\u00fdzkumn\u00e9 produkty)<\/span><\/p><p><b>\u017divnostensk\u00e9 \u00fadaje:<br \/><\/b><span style=\"font-weight: 400;\"> Identifika\u010dn\u00ed \u010d\u00edslo fyzick\u00e9 osoby: 29495377<br \/>Datum registrace \u017eivnosti: 15.04.2026 <br \/>\u00da\u0159ad p\u0159\u00edslu\u0161n\u00fd podle \u00a771 odst.2 \u017eivnostensk\u00e9ho z\u00e1kona Magistr\u00e1t m\u011bsta Brna<br \/>Podnik\u00e1n\u00ed prob\u00edh\u00e1 na z\u00e1klad\u011b \u010desk\u00e9 \u017eivnosti v souladu s vyj\u00e1d\u0159en\u00edm \u010desk\u00e9ho a rakousk\u00e9ho finan\u010dn\u00edho \u00fa\u0159adu. \u010clenstv\u00ed v rakousk\u00e9 hospod\u00e1\u0159sk\u00e9 komo\u0159e (WKO) nen\u00ed vy\u017eadov\u00e1no.<br \/><\/span><\/p><p><b>Da\u0148ov\u00e1 pozn\u00e1mka:<br \/><\/b><span style=\"font-weight: 400;\"> Mikro podnikatel, nepl\u00e1tce DPH. DPH nen\u00ed \u00fa\u010dtov\u00e1na ani vykazov\u00e1na.<\/span><\/p><p><b>Upozorn\u011bn\u00ed k odpov\u011bdnosti za produkty:<\/b><span style=\"font-weight: 400;\"> <br \/>Produkty Clement&#8217;s Store jsou ur\u010deny v\u00fdhradn\u011b pro sb\u011bratelsk\u00e9, v\u00fdzkumn\u00e9 a v\u011bdeck\u00e9 \u00fa\u010dely. Po\u017eit\u00ed nebo konzumace se v\u00fdslovn\u011b nedoporu\u010duje. Za \u0161kody vznikl\u00e9 nespr\u00e1vn\u00fdm u\u017eit\u00edm nenese provozovatel \u017e\u00e1dnou odpov\u011bdnost. Kupuj\u00edc\u00ed je v\u00fdhradn\u011b odpov\u011bdn\u00fd za dodr\u017een\u00ed z\u00e1kon\u016f a p\u0159edpis\u016f platn\u00fdch v jeho zemi.<\/span><\/p><p><b>Autorsk\u00e1 pr\u00e1va:<\/b><span style=\"font-weight: 400;\"> <br \/>Ve\u0161ker\u00fd obsah tohoto webu (texty, obr\u00e1zky, grafika) podl\u00e9h\u00e1 rakousk\u00e9mu autorsk\u00e9mu pr\u00e1vu. Rozmno\u017eov\u00e1n\u00ed, \u00faprava nebo \u0161\u00ed\u0159en\u00ed vy\u017eaduj\u00ed p\u00edsemn\u00fd souhlas provozovatelky. Stahov\u00e1n\u00ed a kop\u00edrov\u00e1n\u00ed je povoleno v\u00fdhradn\u011b pro soukrom\u00e9, nekomer\u010dn\u00ed \u00fa\u010dely.<\/span><\/p><p><b>Odpov\u011bdnost za extern\u00ed odkazy:<\/b><span style=\"font-weight: 400;\"> <br \/>Tento web obsahuje odkazy na extern\u00ed weby t\u0159et\u00edch stran. Navzdory pe\u010dliv\u00e9 kontrole nep\u0159eb\u00edr\u00e1me odpov\u011bdnost za jejich obsah. Za obsah odkazovan\u00fdch str\u00e1nek odpov\u00eddaj\u00ed v\u00fdhradn\u011b jejich provozovatel\u00e9.<\/span><\/p><p><b>Ochrana osobn\u00edch \u00fadaj\u016f:<\/b><span style=\"font-weight: 400;\"> <br \/>Informace o zpracov\u00e1n\u00ed osobn\u00edch \u00fadaj\u016f najdete v na\u0161ich Z\u00e1sad\u00e1ch ochrany osobn\u00edch \u00fadaj\u016f na: <a href=\"https:\/\/clements-store.at\/cz\/zasady-ochrany-osobnich-udaju\/\">https:\/\/clements-store.at\/cz\/zasady-ochrany-osobnich-udaju\/<\/a><\/span><\/p><p><b>Obsahov\u011b odpov\u011bdn\u00e1 osoba:<\/b><span style=\"font-weight: 400;\"> <br \/>Irena Klementov\u00e1 (adresa viz v\u00fd\u0161e)<\/span><span style=\"font-weight: 400;\">\u00a0<\/span><\/p>\t\t\t\t\t\t<\/div>\n\t\t\t\t<\/div>\n\t\t\t\t<\/div>\n\t\t\t\t\t<\/div>\n\t\t\t\t<\/div>\n\t\t\t\t<\/div>\n\t\t","protected":false},"excerpt":{"rendered":"<p>Impressum \u00dadaje dle \u00a7 5 z\u00e1kona o elektronick\u00e9m obchodu (ECG) Provozovatelka webu: Irena Klementov\u00e1, Clement&#8217;s StoreSevastopolsk\u00e1 348\/7, 625 00, Brno &#8211; Star\u00fd L\u00edskovec Kontakt: E-mail: info@clements-store.at Tel.: +420 728 748 370 P\u0159edm\u011bt podnik\u00e1n\u00ed: Maloobchod se zbo\u017e\u00edm (zejm\u00e9na sb\u011bratelsk\u00e9 p\u0159edm\u011bty a v\u00fdzkumn\u00e9 produkty) \u017divnostensk\u00e9 \u00fadaje: Identifika\u010dn\u00ed \u010d\u00edslo fyzick\u00e9 osoby: 29495377Datum registrace \u017eivnosti: 15.04.2026 \u00da\u0159ad p\u0159\u00edslu\u0161n\u00fd podle [&hellip;]<\/p>\n","protected":false},"author":1,"featured_media":0,"parent":0,"menu_order":0,"comment_status":"closed","ping_status":"closed","template":"","meta":{"inline_featured_image":false,"site-sidebar-layout":"no-sidebar","site-content-layout":"page-builder","ast-site-content-layout":"full-width-container","site-content-style":"default","site-sidebar-style":"default","ast-global-header-display":"","ast-banner-title-visibility":"","ast-main-header-display":"","ast-hfb-above-header-display":"","ast-hfb-below-header-display":"","ast-hfb-mobile-header-display":"","site-post-title":"disabled","ast-breadcrumbs-content":"","ast-featured-img":"disabled","footer-sml-layout":"","theme-transparent-header-meta":"","adv-header-id-meta":"","stick-header-meta":"","header-above-stick-meta":"","header-main-stick-meta":"","header-below-stick-meta":"","astra-migrate-meta-layouts":"set","ast-page-background-enabled":"default","ast-page-background-meta":{"desktop":{"background-color":"var(--ast-global-color-4)","background-image":"","background-repeat":"repeat","background-position":"center center","background-size":"auto","background-attachment":"scroll","background-type":"","background-media":"","overlay-type":"","overlay-color":"","overlay-opacity":"","overlay-gradient":""},"tablet":{"background-color":"","background-image":"","background-repeat":"repeat","background-position":"center center","background-size":"auto","background-attachment":"scroll","background-type":"","background-media":"","overlay-type":"","overlay-color":"","overlay-opacity":"","overlay-gradient":""},"mobile":{"background-color":"","background-image":"","background-repeat":"repeat","background-position":"center center","background-size":"auto","background-attachment":"scroll","background-type":"","background-media":"","overlay-type":"","overlay-color":"","overlay-opacity":"","overlay-gradient":""}},"ast-content-background-meta":{"desktop":{"background-color":"var(--ast-global-color-5)","background-image":"","background-repeat":"repeat","background-position":"center center","background-size":"auto","background-attachment":"scroll","background-type":"","background-media":"","overlay-type":"","overlay-color":"","overlay-opacity":"","overlay-gradient":""},"tablet":{"background-color":"var(--ast-global-color-5)","background-image":"","background-repeat":"repeat","background-position":"center center","background-size":"auto","background-attachment":"scroll","background-type":"","background-media":"","overlay-type":"","overlay-color":"","overlay-opacity":"","overlay-gradient":""},"mobile":{"background-color":"var(--ast-global-color-5)","background-image":"","background-repeat":"repeat","background-position":"center center","background-size":"auto","background-attachment":"scroll","background-type":"","background-media":"","overlay-type":"","overlay-color":"","overlay-opacity":"","overlay-gradient":""}},"footnotes":""},"class_list":["post-6033","page","type-page","status-publish","hentry"],"_links":{"self":[{"href":"https:\/\/clements-store.at\/cz\/wp-json\/wp\/v2\/pages\/6033","targetHints":{"allow":["GET"]}}],"collection":[{"href":"https:\/\/clements-store.at\/cz\/wp-json\/wp\/v2\/pages"}],"about":[{"href":"https:\/\/clements-store.at\/cz\/wp-json\/wp\/v2\/types\/page"}],"author":[{"embeddable":true,"href":"https:\/\/clements-store.at\/cz\/wp-json\/wp\/v2\/users\/1"}],"replies":[{"embeddable":true,"href":"https:\/\/clements-store.at\/cz\/wp-json\/wp\/v2\/comments?post=6033"}],"version-history":[{"count":25,"href":"https:\/\/clements-store.at\/cz\/wp-json\/wp\/v2\/pages\/6033\/revisions"}],"predecessor-version":[{"id":6848,"href":"https:\/\/clements-store.at\/cz\/wp-json\/wp\/v2\/pages\/6033\/revisions\/6848"}],"wp:attachment":[{"href":"https:\/\/clements-store.at\/cz\/wp-json\/wp\/v2\/media?parent=6033"}],"curies":[{"name":"wp","href":"https:\/\/api.w.org\/{rel}","templated":true}]}}