{"id":1659,"date":"2024-09-28T11:53:44","date_gmt":"2024-09-28T11:53:44","guid":{"rendered":"https:\/\/clements-store.at\/?page_id=1659"},"modified":"2026-02-01T00:07:38","modified_gmt":"2026-01-31T23:07:38","slug":"laboratorni-testy","status":"publish","type":"page","link":"https:\/\/clements-store.at\/cz\/laboratorni-testy\/","title":{"rendered":"Laboratorn\u00ed testy"},"content":{"rendered":"\t\t<div data-elementor-type=\"wp-page\" data-elementor-id=\"1659\" class=\"elementor elementor-1659\" data-elementor-post-type=\"page\">\n\t\t\t\t<div class=\"elementor-element elementor-element-167dfa0 about_heading e-flex e-con-boxed e-con e-parent\" data-id=\"167dfa0\" data-element_type=\"container\" data-settings=\"{&quot;background_background&quot;:&quot;classic&quot;}\">\n\t\t\t\t\t<div class=\"e-con-inner\">\n\t\t<div class=\"elementor-element elementor-element-0476424 e-con-full e-flex e-con e-child\" data-id=\"0476424\" data-element_type=\"container\">\n\t\t<div class=\"elementor-element elementor-element-f8a4730 e-con-full e-flex e-con e-child\" data-id=\"f8a4730\" data-element_type=\"container\">\n\t\t\t\t<div class=\"elementor-element elementor-element-ef8fb1e elementor-align-left elementor-widget elementor-widget-woolentor-breadcrumbs-addons\" data-id=\"ef8fb1e\" data-element_type=\"widget\" data-widget_type=\"woolentor-breadcrumbs-addons.default\">\n\t\t\t\t<div class=\"elementor-widget-container\">\n\t\t\t<div class=\"woolentor-breadcrumb\"><nav class=\"woocommerce-breadcrumb\">Dom\u016f<\/nav><\/div>\t\t<\/div>\n\t\t\t\t<\/div>\n\t\t\t\t<div class=\"elementor-element elementor-element-a33c996 elementor-widget elementor-widget-heading\" data-id=\"a33c996\" data-element_type=\"widget\" data-widget_type=\"heading.default\">\n\t\t\t\t<div class=\"elementor-widget-container\">\n\t\t\t<h1 class=\"elementor-heading-title elementor-size-default\">Laboratorn\u00ed testy KRATOMU<\/h1>\t\t<\/div>\n\t\t\t\t<\/div>\n\t\t\t\t<\/div>\n\t\t\t\t<\/div>\n\t\t\t\t\t<\/div>\n\t\t\t\t<\/div>\n\t\t<div class=\"elementor-element elementor-element-cc0ab22 e-flex e-con-boxed e-con e-parent\" data-id=\"cc0ab22\" data-element_type=\"container\">\n\t\t\t\t\t<div class=\"e-con-inner\">\n\t\t\t\t<div class=\"elementor-element elementor-element-65e9af6 elementor-widget elementor-widget-spacer\" data-id=\"65e9af6\" data-element_type=\"widget\" data-widget_type=\"spacer.default\">\n\t\t\t\t<div class=\"elementor-widget-container\">\n\t\t\t\t\t<div class=\"elementor-spacer\">\n\t\t\t<div class=\"elementor-spacer-inner\"><\/div>\n\t\t<\/div>\n\t\t\t\t<\/div>\n\t\t\t\t<\/div>\n\t\t\t\t<div class=\"elementor-element elementor-element-1f7a35f elementor-widget elementor-widget-text-editor\" data-id=\"1f7a35f\" data-element_type=\"widget\" data-widget_type=\"text-editor.default\">\n\t\t\t\t<div class=\"elementor-widget-container\">\n\t\t\t\t\t\t\t<p><span class=\"wsw-02\">P\u0159i v\u00fdb\u011bru dodavatele je pro n\u00e1s v\u017edy z\u00e1sadn\u00ed\u00a0<strong>kontrola kvality<\/strong>\u00a0&#8211; prvotn\u011b na pap\u00ed\u0159e a pot\u00e9 i v praxi na &#8222;vlastn\u00ed o\u010di&#8220;. Pokud n\u00e1m potenci\u00e1ln\u00ed dodavatel nen\u00ed schopen dodat\u00a0<strong>aktu\u00e1ln\u00ed laboratorn\u00ed testy s jeho jm\u00e9nem v origin\u00e1ln\u00edm souboru<\/strong>, tak se s n\u00edm d\u00e1le ani nezab\u00fdv\u00e1me. Po dovozu samotn\u00e9ho kratomu z Indon\u00e9sie si pr\u00e1\u0161ek sami testujeme v \u010desk\u00fdch laborato\u0159\u00edch.\u00a0<strong>Na laboratorn\u00edch testech m\u016f\u017eete vid\u011bt jm\u00e9no zadavatele\u00a0<\/strong><\/span><span class=\"wsw-34\"><strong>Czech Wholesale Botanicals s.r.o.<\/strong><\/span><span class=\"wsw-02\">\u00a0<strong>&#8211;<\/strong>\u00a0<strong>to byla moje druh\u00e1 \u010desk\u00e1 firma<\/strong>, p\u0159es kterou jsem prod\u00e1val kratom velkoobchodn\u011b p\u0159es regulac\u00ed a nechali jsme si testy d\u011blat pr\u00e1v\u011b na CWB s.r.o. skrz odpo\u010det DPH.<\/span><\/p><p>Kratom je aktu\u00e1ln\u011b dle rakousk\u00e9 legislativy v &#8222;\u0161ed\u00e9 z\u00f3n\u011b&#8220; a je ho mo\u017en\u00e9 prod\u00e1vat a pozn\u00e1vat pouze jako sb\u011bratelsk\u00fd produkt. To ale nic nem\u011bn\u00ed na tom, \u017ee i sb\u011bratelsk\u00e9 kousky by m\u011bly m\u00edt ur\u010ditou kontrolu kvality. Pozor si ale d\u00e1vejte i na p\u016fvod samotn\u00e9ho testu. <strong>My respektujeme pouze laboratorn\u00ed testy d\u011blan\u00e9 v USA, \u010cR \u010di jin\u00e9 vysp\u011bl\u00e9 z\u00e1padn\u00ed zemi &#8211; p\u0159edev\u0161\u00edm m\u00e1me v oblib\u011b laborato\u0159 MURRAY-BROWN LABORATORIES, INC.<\/strong> Laboratorn\u00ed testy z Indon\u00e9sie (\u010di podobn\u00e9ho st\u00e1tu) nejsou v\u011bt\u0161inou legitimn\u00ed &#8211; v\u011bt\u0161ina z t\u011bchto laborato\u0159\u00ed nen\u00ed d\u016fv\u011bryhodn\u00fdch.<\/p><p>U laboratorn\u00edch test\u016f je d\u016fle\u017eit\u00e9 sledovat n\u011bkolik aspekt\u016f. Mezi ty hlavn\u00ed pat\u0159\u00ed obsah alkaloid\u016f &#8211; Mitragynine, 7-Hydroxymitragynine a p\u00e1r dal\u0161\u00edch. K dal\u0161\u00edm d\u016fle\u017eit\u00fdm faktor\u016fm pat\u0159\u00ed obsah bakteri\u00ed, t\u011b\u017ek\u00fdch kov\u016f \u010di pl\u00edsn\u00ed. Jeliko\u017e se jedn\u00e1 o sb\u011bratelsk\u00fd p\u0159edm\u011bt, tak n\u00e1s to zaj\u00edm\u00e1 p\u0159edev\u0161\u00edm kv\u016fli sb\u011bratelsk\u00e9 hodnot\u011b p\u0159edm\u011btu.<\/p><p>Co se t\u00fd\u010de obsahu hlavn\u00edch zm\u00edn\u011bn\u00fdch alkaloid\u016f, tak je pro ur\u010den\u00ed sb\u011bratelsk\u00e9 hodnoty d\u016fle\u017eit\u00fd hlavn\u011b mitragynine (zkr\u00e1cen\u011b MIT). Obsah mitragynine se li\u0161\u00ed v ka\u017ed\u00e9m kratomu &#8211; prim\u00e1rn\u011b dle st\u00e1\u0159\u00ed stromu, ze kter\u00e9ho list poch\u00e1z\u00ed a pot\u00e9 tak\u00e9 dle zpracov\u00e1n\u00ed listu farm\u00e1\u0159em. Chci ale upozornit na to, \u017ee sb\u011bratelskou hodnotu m\u016f\u017ee m\u00edt i kratom s ni\u017e\u0161\u00edm obsahem mitragynine, pokud obsahuje naopak dal\u0161\u00ed alkaloidy ve v\u011bt\u0161\u00edm pom\u011bru. Bohu\u017eel nem\u00e1me zat\u00edm mo\u017enost zm\u011b\u0159it v\u0161echny aktivn\u00ed alkaloidy nach\u00e1zej\u00edc\u00ed se v kratomu a proto se doporu\u010duji koukat hlavn\u011b na \u010d\u00edsla ur\u010duj\u00edc\u00ed obsah mitragynine. P\u0159i fermentaci se mitragynine p\u0159em\u011b\u0148uje na dal\u0161\u00ed d\u016fle\u017eit\u00e9 alkaloidy &#8211; aktu\u00e1ln\u011b se hovo\u0159\u00ed o 7-Hydroxymitragynine a Mitragynine pseudoindoxyl.<\/p><p>Dle na\u0161\u00ed zku\u0161enosti se v kvalitn\u00edm kratomu pro sb\u011bratelsk\u00e9 \u00fa\u010dely objevuje 1% a\u017e 2% MITRAGYNINE. D\u0159\u00edv\u011bj\u0161\u00ed standard dle star\u0161\u00edch zdroj\u016f byl 0,5% &#8211; 1,5% MIT. Pokud n\u011bkdo inzeruje kratom s obsahem MIT v\u011bt\u0161\u00ed ne\u017e 2%, tak je pot\u0159eba m\u00edt se na pozoru, proto\u017ee se v\u011bt\u0161inou jedn\u00e1 o \u0161patnou metodu testov\u00e1n\u00ed, fale\u0161n\u00e9 testy (zaplacen\u00e1 \u010d\u00edsla) nebo o kratom obohacen\u00fd o extrakt (pouze na testov\u00e1n\u00ed, v\u011bt\u0161inou se nejedn\u00e1 o v\u00fdsledn\u00fd produkt!). V tmav\u0161\u00edch barv\u00e1ch, obzvl\u00e1\u0161t\u011b t\u011bch, kter\u00e9 pro\u0161ly fermentac\u00ed, toto \u010d\u00edslo b\u00fdv\u00e1 ni\u017e\u0161\u00ed. Co se t\u00fd\u010de sv\u011btl\u00fdch kratom\u016f &#8211; white a green, tak doporu\u010dujeme nakupovat pouze takov\u00e9, jejich\u017e obsah mitragynine p\u0159esahuje minim\u00e1ln\u011b hodnotu 1,2%. \u2665<\/p><p><em>Na \u017e\u00e1dost poskytneme n\u00e1hled na origin\u00e1ln\u00ed soubory v\u0161ech laboratorn\u00edch test\u016f, p\u0159\u00edpadn\u011b i spole\u010dn\u011b s fakturami od na\u0161ich dodavatel\u016f, jejich\u017e jm\u00e9no se shoduje se zadavatelem dan\u00e9ho laboratorn\u00edho testu. Soubory v pln\u00e9 kvalit\u011b poskytujeme na v\u00fdzvu pouze kontroln\u00edm \u00fa\u0159ad\u016fm \u010cR. Ke v\u0161em laboratorn\u00edm test\u016fm na na\u0161\u00ed webov\u00e9 str\u00e1nce, kter\u00e9 byly dod\u00e1ny k n\u00e1kupu fyzick\u00e9ho zbo\u017e\u00ed, m\u00e1me v\u00fdhradn\u00ed pr\u00e1vo komer\u010dn\u00edho vyu\u017eit\u00ed dle na\u0161\u00ed pot\u0159eby.<\/em><\/p>\t\t\t\t\t\t<\/div>\n\t\t\t\t<\/div>\n\t\t\t\t<div class=\"elementor-element elementor-element-4271d9b elementor-widget elementor-widget-spacer\" data-id=\"4271d9b\" data-element_type=\"widget\" data-widget_type=\"spacer.default\">\n\t\t\t\t<div class=\"elementor-widget-container\">\n\t\t\t\t\t<div class=\"elementor-spacer\">\n\t\t\t<div class=\"elementor-spacer-inner\"><\/div>\n\t\t<\/div>\n\t\t\t\t<\/div>\n\t\t\t\t<\/div>\n\t\t\t\t\t<\/div>\n\t\t\t\t<\/div>\n\t\t<div class=\"elementor-element elementor-element-576b4b2 e-flex e-con-boxed e-con e-parent\" data-id=\"576b4b2\" data-element_type=\"container\">\n\t\t\t\t\t<div class=\"e-con-inner\">\n\t\t\t\t<div class=\"elementor-element elementor-element-6fd83b9 elementor-widget elementor-widget-heading\" data-id=\"6fd83b9\" data-element_type=\"widget\" data-widget_type=\"heading.default\">\n\t\t\t\t<div class=\"elementor-widget-container\">\n\t\t\t<h4 class=\"elementor-heading-title elementor-size-default\">Ve\u0161ker\u00e9 laboratorn\u00ed testy k na\u0161emu kratomu m\u016f\u017eete naj\u00edt zde v jednotliv\u00fdch sekc\u00edch rozd\u011blen\u00fdch podle jednotliv\u00fdch dodavatel\u016f:<\/h4>\t\t<\/div>\n\t\t\t\t<\/div>\n\t\t<div class=\"elementor-element elementor-element-34c8481 e-flex e-con-boxed e-con e-child\" data-id=\"34c8481\" data-element_type=\"container\">\n\t\t\t\t\t<div class=\"e-con-inner\">\n\t\t\t\t<div class=\"elementor-element elementor-element-fee2194 elementor-widget elementor-widget-button\" data-id=\"fee2194\" data-element_type=\"widget\" data-widget_type=\"button.default\">\n\t\t\t\t<div class=\"elementor-widget-container\">\n\t\t\t\t\t<div class=\"elementor-button-wrapper\">\n\t\t\t<a class=\"elementor-button elementor-button-link elementor-size-sm elementor-animation-grow\" href=\"\/laboratorni-testy\/thai\/\">\n\t\t\t\t\t\t<span class=\"elementor-button-content-wrapper\">\n\t\t\t\t\t\t\t\t\t<span class=\"elementor-button-text\">THAI<\/span>\n\t\t\t\t\t<\/span>\n\t\t\t\t\t<\/a>\n\t\t<\/div>\n\t\t\t\t<\/div>\n\t\t\t\t<\/div>\n\t\t\t\t<div class=\"elementor-element elementor-element-6d9dc42 elementor-widget elementor-widget-button\" data-id=\"6d9dc42\" data-element_type=\"widget\" data-widget_type=\"button.default\">\n\t\t\t\t<div class=\"elementor-widget-container\">\n\t\t\t\t\t<div class=\"elementor-button-wrapper\">\n\t\t\t<a class=\"elementor-button elementor-button-link elementor-size-sm elementor-animation-grow\" href=\"\/laboratorni-testy\/maeng-da\/\">\n\t\t\t\t\t\t<span class=\"elementor-button-content-wrapper\">\n\t\t\t\t\t\t\t\t\t<span class=\"elementor-button-text\">MAENG DA<\/span>\n\t\t\t\t\t<\/span>\n\t\t\t\t\t<\/a>\n\t\t<\/div>\n\t\t\t\t<\/div>\n\t\t\t\t<\/div>\n\t\t\t\t<div class=\"elementor-element elementor-element-841d8a9 elementor-widget elementor-widget-button\" data-id=\"841d8a9\" data-element_type=\"widget\" data-widget_type=\"button.default\">\n\t\t\t\t<div class=\"elementor-widget-container\">\n\t\t\t\t\t<div class=\"elementor-button-wrapper\">\n\t\t\t<a class=\"elementor-button elementor-button-link elementor-size-sm elementor-animation-grow\" href=\"\/laboratorni-testy\/borneo\/\">\n\t\t\t\t\t\t<span class=\"elementor-button-content-wrapper\">\n\t\t\t\t\t\t\t\t\t<span class=\"elementor-button-text\">BORNEO (AKTU\u00c1LN\u011a NEDOSTUPN\u00c9)<\/span>\n\t\t\t\t\t<\/span>\n\t\t\t\t\t<\/a>\n\t\t<\/div>\n\t\t\t\t<\/div>\n\t\t\t\t<\/div>\n\t\t\t\t<div class=\"elementor-element elementor-element-84990cd elementor-widget elementor-widget-button\" data-id=\"84990cd\" data-element_type=\"widget\" data-widget_type=\"button.default\">\n\t\t\t\t<div class=\"elementor-widget-container\">\n\t\t\t\t\t<div class=\"elementor-button-wrapper\">\n\t\t\t<a class=\"elementor-button elementor-button-link elementor-size-sm elementor-animation-grow\" href=\"\/laboratorni-testy\/kapuas\/\">\n\t\t\t\t\t\t<span class=\"elementor-button-content-wrapper\">\n\t\t\t\t\t\t\t\t\t<span class=\"elementor-button-text\">KAPUAS (AKTU\u00c1LN\u011a NEDOSTUPN\u00c9)<\/span>\n\t\t\t\t\t<\/span>\n\t\t\t\t\t<\/a>\n\t\t<\/div>\n\t\t\t\t<\/div>\n\t\t\t\t<\/div>\n\t\t\t\t\t<\/div>\n\t\t\t\t<\/div>\n\t\t\t\t\t<\/div>\n\t\t\t\t<\/div>\n\t\t<div class=\"elementor-element elementor-element-4b6980b e-flex e-con-boxed e-con e-parent\" data-id=\"4b6980b\" data-element_type=\"container\">\n\t\t\t\t\t<div class=\"e-con-inner\">\n\t\t\t\t<div class=\"elementor-element elementor-element-91c6704 elementor-widget elementor-widget-image\" data-id=\"91c6704\" data-element_type=\"widget\" data-widget_type=\"image.default\">\n\t\t\t\t<div class=\"elementor-widget-container\">\n\t\t\t\t\t\t\t\t\t\t<figure class=\"wp-caption\">\n\t\t\t\t\t\t\t\t\t\t<img fetchpriority=\"high\" decoding=\"async\" width=\"2560\" height=\"1809\" src=\"https:\/\/clements-store.at\/wp-content\/smush-webp\/2024\/11\/TESTY-VSCHT-2-24-scaled.jpg.webp\" class=\"attachment-full size-full wp-image-3563\" alt=\"\" srcset=\"https:\/\/clements-store.at\/wp-content\/smush-webp\/2024\/11\/TESTY-VSCHT-2-24-scaled.jpg.webp 2560w, https:\/\/clements-store.at\/wp-content\/smush-webp\/2024\/11\/TESTY-VSCHT-2-24-1024x724.jpg.webp 1024w, https:\/\/clements-store.at\/wp-content\/smush-webp\/2024\/11\/TESTY-VSCHT-2-24-300x212.jpg.webp 300w, https:\/\/clements-store.at\/wp-content\/smush-webp\/2024\/11\/TESTY-VSCHT-2-24-768x543.jpg.webp 768w, https:\/\/clements-store.at\/wp-content\/smush-webp\/2024\/11\/TESTY-VSCHT-2-24-1536x1086.jpg.webp 1536w, https:\/\/clements-store.at\/wp-content\/smush-webp\/2024\/11\/TESTY-VSCHT-2-24-2048x1447.jpg.webp 2048w\" sizes=\"(max-width: 2560px) 100vw, 2560px\" \/>\t\t\t\t\t\t\t\t\t\t\t<figcaption class=\"widget-image-caption wp-caption-text\">SOUHRN V\u0160ECH V\u00ddSLEDK\u016e LABORATORN\u00cdHO TESTOV\u00c1N\u00cd (SRPEN, 2024) - ALKALOIDY, T\u011a\u017dK\u00c9 KOVY A MIKROBIOLOGIE<\/figcaption>\n\t\t\t\t\t\t\t\t\t\t<\/figure>\n\t\t\t\t\t\t\t<\/div>\n\t\t\t\t<\/div>\n\t\t\t\t\t<\/div>\n\t\t\t\t<\/div>\n\t\t<div class=\"elementor-element elementor-element-bd46ab3 e-flex e-con-boxed e-con e-parent\" data-id=\"bd46ab3\" data-element_type=\"container\">\n\t\t\t\t\t<div class=\"e-con-inner\">\n\t\t\t\t<div class=\"elementor-element elementor-element-31eb84d elementor-widget elementor-widget-text-editor\" data-id=\"31eb84d\" data-element_type=\"widget\" data-widget_type=\"text-editor.default\">\n\t\t\t\t<div class=\"elementor-widget-container\">\n\t\t\t\t\t\t\tNalevo m\u016f\u017eete vid\u011bt dokument o proveden\u00e9 <strong>gamma sterilizaci z\u00e1silky ze srpna 2023. Sterilizace prob\u011bhla u cel\u00e9 8 tunov\u00e9 objedn\u00e1vky<\/strong> (400 krabic po 20 kilogramech, zb\u00fdvaj\u00edc\u00edch 95 krabic bylo pro dal\u0161\u00edho odb\u011bratele), ve kter\u00e9 byl kratom od zdroj\u016f Borneo, Maeng Da a Kapuas. Z\u00e1silka k n\u00e1m putovala mo\u0159skou cestou a cht\u011bli jsme m\u00edt 100% jistotu, \u017ee neobsahuje \u017e\u00e1dn\u00e9 aktivn\u00ed patogeny \u010di pl\u00edsn\u011b. Samoz\u0159ejm\u011b v\u0161echny druhy a barvy je\u0161t\u011b testujeme v laborato\u0159i. Kontejner s t\u00edmto kratomem k n\u00e1m dorazil za\u010d\u00e1tkem listopadu 2023.<br><br>\n\nNapravo jsou <strong>v\u00fdsledky na\u0161ich vlastn\u00edch laboratorn\u00edch test\u016f t\u0159\u00ed homogenizovan\u00fdch pr\u00e1\u0161k\u016f dle barvy &#8211; b\u00edl\u00fd, zelen\u00fd a \u010derven\u00fd.<\/strong> Vzali jsme od ka\u017ed\u00e9ho dodavatele jednotlivou barvu a nam\u00edchali spole\u010dn\u011b v pom\u011bru 1:1:1:1. V tomto mixu byl pr\u00e1\u0161ek od v\u0161ech dodavatel\u016f v dan\u00e9 dob\u011b (zdroje Maeng Da, Borneo, Kapuas a Kalimantan).\t\t\t\t\t\t<\/div>\n\t\t\t\t<\/div>\n\t\t\t\t\t<\/div>\n\t\t\t\t<\/div>\n\t\t<div class=\"elementor-element elementor-element-d72d480 e-flex e-con-boxed e-con e-parent\" data-id=\"d72d480\" data-element_type=\"container\">\n\t\t\t\t\t<div class=\"e-con-inner\">\n\t\t<div class=\"elementor-element elementor-element-50d8c52 e-con-full e-flex e-con e-child\" data-id=\"50d8c52\" data-element_type=\"container\">\n\t\t\t\t<div class=\"elementor-element elementor-element-faf4b2f elementor-widget elementor-widget-image\" data-id=\"faf4b2f\" data-element_type=\"widget\" data-widget_type=\"image.default\">\n\t\t\t\t<div class=\"elementor-widget-container\">\n\t\t\t\t\t\t\t\t\t\t<figure class=\"wp-caption\">\n\t\t\t\t\t\t\t\t\t\t\t<a href=\"https:\/\/clements-store.cz\/wp-content\/uploads\/2024\/11\/Gamma.jpg\" data-elementor-open-lightbox=\"yes\" data-elementor-lightbox-title=\"Gamma\" data-e-action-hash=\"#elementor-action%3Aaction%3Dlightbox%26settings%3DeyJpZCI6MzU2NCwidXJsIjoiaHR0cHM6XC9cL2NsZW1lbnRzLXN0b3JlLmF0XC93cC1jb250ZW50XC91cGxvYWRzXC8yMDI0XC8xMVwvR2FtbWEuanBnIn0%3D\">\n\t\t\t\t\t\t\t<img decoding=\"async\" width=\"716\" height=\"941\" src=\"https:\/\/clements-store.at\/wp-content\/smush-webp\/2024\/11\/Gamma.jpg.webp\" class=\"attachment-large size-large wp-image-3564\" alt=\"\" srcset=\"https:\/\/clements-store.at\/wp-content\/smush-webp\/2024\/11\/Gamma.jpg.webp 716w, https:\/\/clements-store.at\/wp-content\/smush-webp\/2024\/11\/Gamma-600x789.jpg.webp 600w, https:\/\/clements-store.at\/wp-content\/smush-webp\/2024\/11\/Gamma-228x300.jpg.webp 228w\" sizes=\"(max-width: 716px) 100vw, 716px\" loading=\"lazy\" \/>\t\t\t\t\t\t\t\t<\/a>\n\t\t\t\t\t\t\t\t\t\t\t<figcaption class=\"widget-image-caption wp-caption-text\">MAENG DA, BORNEO, KAPUAS (INDON\u00c9SIE, SRPEN, 2023) - GAMMA STERILIZACE<\/figcaption>\n\t\t\t\t\t\t\t\t\t\t<\/figure>\n\t\t\t\t\t\t\t<\/div>\n\t\t\t\t<\/div>\n\t\t\t\t<\/div>\n\t\t<div class=\"elementor-element elementor-element-42420bd e-con-full e-flex e-con e-child\" data-id=\"42420bd\" data-element_type=\"container\">\n\t\t\t\t<div class=\"elementor-element elementor-element-1ab3a94 elementor-widget elementor-widget-image\" data-id=\"1ab3a94\" data-element_type=\"widget\" data-widget_type=\"image.default\">\n\t\t\t\t<div class=\"elementor-widget-container\">\n\t\t\t\t\t\t\t\t\t\t<figure class=\"wp-caption\">\n\t\t\t\t\t\t\t\t\t\t\t<a href=\"https:\/\/clements-store.cz\/wp-content\/uploads\/2024\/11\/CR-TESTY-MIKROBIOLOGIE-6-22.jpg\" data-elementor-open-lightbox=\"yes\" data-elementor-lightbox-title=\"\u010cR TESTY MIKROBIOLOGIE 6-22\" data-e-action-hash=\"#elementor-action%3Aaction%3Dlightbox%26settings%3DeyJpZCI6MzU2MSwidXJsIjoiaHR0cHM6XC9cL2NsZW1lbnRzLXN0b3JlLmF0XC93cC1jb250ZW50XC91cGxvYWRzXC8yMDI0XC8xMVwvQ1ItVEVTVFktTUlLUk9CSU9MT0dJRS02LTIyLmpwZyJ9\">\n\t\t\t\t\t\t\t<img decoding=\"async\" width=\"892\" height=\"902\" src=\"https:\/\/clements-store.at\/wp-content\/smush-webp\/2024\/11\/CR-TESTY-MIKROBIOLOGIE-6-22.jpg.webp\" class=\"attachment-large size-large wp-image-3561\" alt=\"\" srcset=\"https:\/\/clements-store.at\/wp-content\/smush-webp\/2024\/11\/CR-TESTY-MIKROBIOLOGIE-6-22.jpg.webp 892w, https:\/\/clements-store.at\/wp-content\/smush-webp\/2024\/11\/CR-TESTY-MIKROBIOLOGIE-6-22-100x100.jpg.webp 100w, https:\/\/clements-store.at\/wp-content\/smush-webp\/2024\/11\/CR-TESTY-MIKROBIOLOGIE-6-22-600x607.jpg.webp 600w, https:\/\/clements-store.at\/wp-content\/smush-webp\/2024\/11\/CR-TESTY-MIKROBIOLOGIE-6-22-297x300.jpg.webp 297w, https:\/\/clements-store.at\/wp-content\/smush-webp\/2024\/11\/CR-TESTY-MIKROBIOLOGIE-6-22-768x777.jpg.webp 768w\" sizes=\"(max-width: 892px) 100vw, 892px\" loading=\"lazy\" \/>\t\t\t\t\t\t\t\t<\/a>\n\t\t\t\t\t\t\t\t\t\t\t<figcaption class=\"widget-image-caption wp-caption-text\">MIKROBIOLOGIE V\u0160ECH DRUH\u016e KRATOMU (\u010cERVEN, 2022)<\/figcaption>\n\t\t\t\t\t\t\t\t\t\t<\/figure>\n\t\t\t\t\t\t\t<\/div>\n\t\t\t\t<\/div>\n\t\t\t\t<\/div>\n\t\t\t\t\t<\/div>\n\t\t\t\t<\/div>\n\t\t\t\t<\/div>\n\t\t","protected":false},"excerpt":{"rendered":"<p>Dom\u016f Laboratorn\u00ed testy KRATOMU P\u0159i v\u00fdb\u011bru dodavatele je pro n\u00e1s v\u017edy z\u00e1sadn\u00ed\u00a0kontrola kvality\u00a0&#8211; prvotn\u011b na pap\u00ed\u0159e a pot\u00e9 i v praxi na &#8222;vlastn\u00ed o\u010di&#8220;. Pokud n\u00e1m potenci\u00e1ln\u00ed dodavatel nen\u00ed schopen dodat\u00a0aktu\u00e1ln\u00ed laboratorn\u00ed testy s jeho jm\u00e9nem v origin\u00e1ln\u00edm souboru, tak se s n\u00edm d\u00e1le ani nezab\u00fdv\u00e1me. Po dovozu samotn\u00e9ho kratomu z Indon\u00e9sie si pr\u00e1\u0161ek sami [&hellip;]<\/p>\n","protected":false},"author":1,"featured_media":0,"parent":0,"menu_order":0,"comment_status":"closed","ping_status":"closed","template":"","meta":{"inline_featured_image":false,"site-sidebar-layout":"no-sidebar","site-content-layout":"page-builder","ast-site-content-layout":"full-width-container","site-content-style":"default","site-sidebar-style":"default","ast-global-header-display":"","ast-banner-title-visibility":"","ast-main-header-display":"","ast-hfb-above-header-display":"","ast-hfb-below-header-display":"","ast-hfb-mobile-header-display":"","site-post-title":"disabled","ast-breadcrumbs-content":"","ast-featured-img":"disabled","footer-sml-layout":"","theme-transparent-header-meta":"","adv-header-id-meta":"","stick-header-meta":"","header-above-stick-meta":"","header-main-stick-meta":"","header-below-stick-meta":"","astra-migrate-meta-layouts":"set","ast-page-background-enabled":"default","ast-page-background-meta":{"desktop":{"background-color":"var(--ast-global-color-4)","background-image":"","background-repeat":"repeat","background-position":"center center","background-size":"auto","background-attachment":"scroll","background-type":"","background-media":"","overlay-type":"","overlay-color":"","overlay-opacity":"","overlay-gradient":""},"tablet":{"background-color":"","background-image":"","background-repeat":"repeat","background-position":"center center","background-size":"auto","background-attachment":"scroll","background-type":"","background-media":"","overlay-type":"","overlay-color":"","overlay-opacity":"","overlay-gradient":""},"mobile":{"background-color":"","background-image":"","background-repeat":"repeat","background-position":"center center","background-size":"auto","background-attachment":"scroll","background-type":"","background-media":"","overlay-type":"","overlay-color":"","overlay-opacity":"","overlay-gradient":""}},"ast-content-background-meta":{"desktop":{"background-color":"var(--ast-global-color-5)","background-image":"","background-repeat":"repeat","background-position":"center center","background-size":"auto","background-attachment":"scroll","background-type":"","background-media":"","overlay-type":"","overlay-color":"","overlay-opacity":"","overlay-gradient":""},"tablet":{"background-color":"var(--ast-global-color-5)","background-image":"","background-repeat":"repeat","background-position":"center center","background-size":"auto","background-attachment":"scroll","background-type":"","background-media":"","overlay-type":"","overlay-color":"","overlay-opacity":"","overlay-gradient":""},"mobile":{"background-color":"var(--ast-global-color-5)","background-image":"","background-repeat":"repeat","background-position":"center center","background-size":"auto","background-attachment":"scroll","background-type":"","background-media":"","overlay-type":"","overlay-color":"","overlay-opacity":"","overlay-gradient":""}},"footnotes":""},"class_list":["post-1659","page","type-page","status-publish","hentry"],"_links":{"self":[{"href":"https:\/\/clements-store.at\/cz\/wp-json\/wp\/v2\/pages\/1659","targetHints":{"allow":["GET"]}}],"collection":[{"href":"https:\/\/clements-store.at\/cz\/wp-json\/wp\/v2\/pages"}],"about":[{"href":"https:\/\/clements-store.at\/cz\/wp-json\/wp\/v2\/types\/page"}],"author":[{"embeddable":true,"href":"https:\/\/clements-store.at\/cz\/wp-json\/wp\/v2\/users\/1"}],"replies":[{"embeddable":true,"href":"https:\/\/clements-store.at\/cz\/wp-json\/wp\/v2\/comments?post=1659"}],"version-history":[{"count":12,"href":"https:\/\/clements-store.at\/cz\/wp-json\/wp\/v2\/pages\/1659\/revisions"}],"predecessor-version":[{"id":6094,"href":"https:\/\/clements-store.at\/cz\/wp-json\/wp\/v2\/pages\/1659\/revisions\/6094"}],"wp:attachment":[{"href":"https:\/\/clements-store.at\/cz\/wp-json\/wp\/v2\/media?parent=1659"}],"curies":[{"name":"wp","href":"https:\/\/api.w.org\/{rel}","templated":true}]}}