{"id":1318,"date":"2024-09-21T14:47:40","date_gmt":"2024-09-21T14:47:40","guid":{"rendered":"https:\/\/clements-store.at\/about\/"},"modified":"2026-02-07T03:33:08","modified_gmt":"2026-02-07T02:33:08","slug":"about","status":"publish","type":"page","link":"https:\/\/clements-store.at\/cz\/about\/","title":{"rendered":"O n\u00e1s"},"content":{"rendered":"\t\t<div data-elementor-type=\"wp-page\" data-elementor-id=\"1318\" class=\"elementor elementor-1318\" data-elementor-post-type=\"page\">\n\t\t\t\t<div class=\"elementor-element elementor-element-dcfb448 about_heading e-flex e-con-boxed e-con e-parent\" data-id=\"dcfb448\" data-element_type=\"container\" data-settings=\"{&quot;background_background&quot;:&quot;classic&quot;}\">\n\t\t\t\t\t<div class=\"e-con-inner\">\n\t\t<div class=\"elementor-element elementor-element-d21b7e0 e-con-full about_heading e-flex e-con e-child\" data-id=\"d21b7e0\" data-element_type=\"container\">\n\t\t\t\t<div class=\"elementor-element elementor-element-be8c3f6 elementor-hidden-mobile elementor-widget elementor-widget-image\" data-id=\"be8c3f6\" data-element_type=\"widget\" data-widget_type=\"image.default\">\n\t\t\t\t<div class=\"elementor-widget-container\">\n\t\t\t\t\t\t\t\t\t\t\t\t\t<img fetchpriority=\"high\" decoding=\"async\" width=\"1024\" height=\"1024\" src=\"https:\/\/clements-store.at\/wp-content\/uploads\/2024\/09\/Kratom_Neon.svg\" class=\"attachment-large size-large wp-image-1713\" alt=\"\" \/>\t\t\t\t\t\t\t\t\t\t\t\t\t<\/div>\n\t\t\t\t<\/div>\n\t\t<div class=\"elementor-element elementor-element-30735d0 e-con-full e-flex e-con e-child\" data-id=\"30735d0\" data-element_type=\"container\">\n\t\t\t\t<div class=\"elementor-element elementor-element-8871a12 elementor-align-left elementor-widget elementor-widget-woolentor-breadcrumbs-addons\" data-id=\"8871a12\" data-element_type=\"widget\" data-widget_type=\"woolentor-breadcrumbs-addons.default\">\n\t\t\t\t<div class=\"elementor-widget-container\">\n\t\t\t<div class=\"woolentor-breadcrumb\"><nav class=\"woocommerce-breadcrumb\">Dom\u016f<\/nav><\/div>\t\t<\/div>\n\t\t\t\t<\/div>\n\t\t\t\t<div class=\"elementor-element elementor-element-9849060 elementor-widget elementor-widget-heading\" data-id=\"9849060\" data-element_type=\"widget\" data-widget_type=\"heading.default\">\n\t\t\t\t<div class=\"elementor-widget-container\">\n\t\t\t<h1 class=\"elementor-heading-title elementor-size-default\">O n\u00e1s - aneb kde koupit co?<\/h1>\t\t<\/div>\n\t\t\t\t<\/div>\n\t\t\t\t<\/div>\n\t\t\t\t<div class=\"elementor-element elementor-element-dc5f7e2 elementor-hidden-mobile elementor-widget elementor-widget-image\" data-id=\"dc5f7e2\" data-element_type=\"widget\" data-widget_type=\"image.default\">\n\t\t\t\t<div class=\"elementor-widget-container\">\n\t\t\t\t\t\t\t\t\t\t\t\t\t<img decoding=\"async\" width=\"1024\" height=\"1024\" src=\"https:\/\/clements-store.at\/wp-content\/uploads\/2024\/09\/CBD_Neon.svg\" class=\"attachment-large size-large wp-image-1714\" alt=\"\" loading=\"lazy\" \/>\t\t\t\t\t\t\t\t\t\t\t\t\t<\/div>\n\t\t\t\t<\/div>\n\t\t\t\t<\/div>\n\t\t\t\t\t<\/div>\n\t\t\t\t<\/div>\n\t\t<div class=\"elementor-element elementor-element-7ba570d e-flex e-con-boxed e-con e-parent\" data-id=\"7ba570d\" data-element_type=\"container\">\n\t\t\t\t\t<div class=\"e-con-inner\">\n\t\t\t\t<div class=\"elementor-element elementor-element-822abeb elementor-widget elementor-widget-heading\" data-id=\"822abeb\" data-element_type=\"widget\" data-widget_type=\"heading.default\">\n\t\t\t\t<div class=\"elementor-widget-container\">\n\t\t\t<h4 class=\"elementor-heading-title elementor-size-default\">Historie obch\u016fdku<\/h4>\t\t<\/div>\n\t\t\t\t<\/div>\n\t\t\t\t\t<\/div>\n\t\t\t\t<\/div>\n\t\t<div class=\"elementor-element elementor-element-0461fbd e-flex e-con-boxed e-con e-parent\" data-id=\"0461fbd\" data-element_type=\"container\">\n\t\t\t\t\t<div class=\"e-con-inner\">\n\t\t\t\t<div class=\"elementor-element elementor-element-c2bbda2 elementor-widget elementor-widget-text-editor\" data-id=\"c2bbda2\" data-element_type=\"widget\" data-widget_type=\"text-editor.default\">\n\t\t\t\t<div class=\"elementor-widget-container\">\n\t\t\t\t\t\t\t<p style=\"text-align: left;\"><strong>Clement&#8217;s Store<\/strong> (kamenn\u00fd obchod v Brn\u011b) byl ofici\u00e1ln\u011b otev\u0159en 01. 08. 2019. Co se t\u00fd\u010de samotn\u00e9ho n\u00e1padu a realizace, tak ta za\u010dala ji\u017e 20. 04. 2019. P\u016fvodn\u00ed my\u0161lenka prodeje r\u016fzn\u00fdch huli\u010dsk\u00fdch pot\u0159eb a bylinek byla v na\u0161\u00ed rodin\u011b dlouho. Ale nebyl kapit\u00e1l ani motivace za\u010d\u00edt. Nejv\u011bt\u0161\u00edm stimulem pro n\u00e1s bylo to, \u017ee jsme objevili existenci konop\u00ed s vysok\u00fdm obsahem CBD a leg\u00e1ln\u00edm mno\u017estv\u00edm THC. O kratom a konop\u00ed se ale osobn\u011b zaj\u00edm\u00e1me ji\u017e od roku 2014.<\/p>\t\t\t\t\t\t<\/div>\n\t\t\t\t<\/div>\n\t\t\t\t<div class=\"elementor-element elementor-element-fec87c4 elementor-widget elementor-widget-text-editor\" data-id=\"fec87c4\" data-element_type=\"widget\" data-widget_type=\"text-editor.default\">\n\t\t\t\t<div class=\"elementor-widget-container\">\n\t\t\t\t\t\t\t<p>V roce 2025 do\u0161lo v \u010cesk\u00e9 republice k p\u0159\u00edsn\u00e9 regulaci kratomu. Bohu\u017eel jsme museli skrz \u0161\u00edlen\u00e9 ostr\u00e1 pravidla ukon\u010dit online prodej na \u010desk\u00e9m e-shopu. Nad\u00e1le ale prod\u00e1v\u00e1me kratom osobn\u011b na PML specializovan\u00e9 prodejn\u011b v Brn\u011b (Kamenn\u00e1 1). K tomu jsme se rozhodli otev\u0159\u00edt partnersk\u00fd e-shop v Rakousku, kter\u00fd tedy nezas\u00edl\u00e1 kratom do \u010cR, ale je mo\u017en\u00e9 jej doru\u010dit do jak\u00e9koliv jin\u00e9 zem\u011b EU, kde je kratom leg\u00e1ln\u00ed (Rakousko, N\u011bmecko, Ma\u010farsko, Nizozem\u00ed a dal\u0161\u00ed).<\/p>\t\t\t\t\t\t<\/div>\n\t\t\t\t<\/div>\n\t\t\t\t<div class=\"elementor-element elementor-element-9be7ac0 elementor-widget elementor-widget-text-editor\" data-id=\"9be7ac0\" data-element_type=\"widget\" data-widget_type=\"text-editor.default\">\n\t\t\t\t<div class=\"elementor-widget-container\">\n\t\t\t\t\t\t\t<p>Na za\u010d\u00e1tku tohoto projektu jsme si \u0159ekli (prim\u00e1rn\u011b j\u00e1, Jarda, a moje mamka, Irena), \u017ee budeme pom\u00e1hat lidem p\u0159\u00edrodn\u00ed cestou a z\u00e1rove\u0148 to budeme m\u00edt i jako hobby a \u017eivobyt\u00ed. Za\u010dali jsme s dom\u00e1c\u00edm p\u011bstov\u00e1n\u00edm CBD konopn\u00fdch kv\u011bt\u016f a postupn\u011b jsme k tomu p\u0159id\u00e1vali dal\u0161\u00ed produkty. Mamka se starala o p\u011bstov\u00e1n\u00ed a j\u00e1 o distribuci. Krom\u011b konop\u00ed n\u00e1s v\u017edy fascinovaly i jin\u00e9 p\u0159\u00edrodn\u00ed substance, jako je t\u0159eba i kratom. Kratom u\u017e\u00edv\u00e1m rekrea\u010dn\u011b n\u011bkolik let. Rok 2020 byl ale zlomov\u00fd. Vysadil jsem ve\u0161kerou farmaceutickou medikaci a nahradil ji kratomem. D\u00edky t\u00e9to zku\u0161enosti jsme se rozhodli prod\u00e1vat krom\u011b CBD a dal\u0161\u00edch produkt\u016f i kratom.<\/p>\t\t\t\t\t\t<\/div>\n\t\t\t\t<\/div>\n\t\t\t\t<div class=\"elementor-element elementor-element-98ec2fd elementor-widget elementor-widget-text-editor\" data-id=\"98ec2fd\" data-element_type=\"widget\" data-widget_type=\"text-editor.default\">\n\t\t\t\t<div class=\"elementor-widget-container\">\n\t\t\t\t\t\t\t<p>Tak\u017ee pokud t\u0159eba \u017eijete v Rakousku nebo to nem\u00e1te daleko k hranic\u00edm k jedn\u00e9 ze zm\u00edn\u011bn\u00fdch zem\u00ed, tak si pro levn\u00fd neregulovan\u00fd kratom m\u016f\u017eete dojet do zahrani\u010dn\u00edho boxu \u010di v\u00fddejn\u00edho m\u00edsta. Co s bal\u00ed\u010dkem budete d\u011blat d\u00e1le, tak to je u\u017e \u010dist\u011b na V\u00e1s.\u00a0 Douf\u00e1me, \u017ee se V\u00e1m na\u0161e produkty budou l\u00edbit. R\u00e1di poskytneme konzultaci elektronicky i osobn\u011b v Brn\u011b \u010di ve V\u00eddni. \ud83d\ude42<\/p>\t\t\t\t\t\t<\/div>\n\t\t\t\t<\/div>\n\t\t\t\t<div class=\"elementor-element elementor-element-002a7ab elementor-widget elementor-widget-text-editor\" data-id=\"002a7ab\" data-element_type=\"widget\" data-widget_type=\"text-editor.default\">\n\t\t\t\t<div class=\"elementor-widget-container\">\n\t\t\t\t\t\t\t<p>Pros\u00edm ne\u017e\u00e1dejte n\u00e1s o produkty, kter\u00e9 jsou mimo z\u00e1kon. Nic takov\u00e9ho nenab\u00edz\u00edme! U n\u00e1s je mo\u017en\u00e9 v\u017edy koupit pouze ty produkty, kter\u00e9 jsou leg\u00e1ln\u00ed v dan\u00e9 zemi distribuce (v\u011bt\u0161inou s \u00fa\u010delem sb\u011bratelstv\u00ed) -&gt; <a href=\"https:\/\/clements-store.at\/shop\/\">E-SHOP<\/a>.\u00a0<\/p>\t\t\t\t\t\t<\/div>\n\t\t\t\t<\/div>\n\t\t\t\t<div class=\"elementor-element elementor-element-17ea84d elementor-widget elementor-widget-text-editor\" data-id=\"17ea84d\" data-element_type=\"widget\" data-widget_type=\"text-editor.default\">\n\t\t\t\t<div class=\"elementor-widget-container\">\n\t\t\t\t\t\t\t<p style=\"text-align: left;\"><strong>One love!<\/strong><\/p><p style=\"text-align: left;\"><strong>Jarda a Irena Klementovi<\/strong><\/p>\t\t\t\t\t\t<\/div>\n\t\t\t\t<\/div>\n\t\t\t\t\t<\/div>\n\t\t\t\t<\/div>\n\t\t<div class=\"elementor-element elementor-element-645238c elementor-hidden-mobile e-flex e-con-boxed e-con e-parent\" data-id=\"645238c\" data-element_type=\"container\" data-settings=\"{&quot;background_background&quot;:&quot;classic&quot;}\">\n\t\t\t\t\t<div class=\"e-con-inner\">\n\t\t\t\t<div class=\"elementor-element elementor-element-ffbe5ed elementor-widget elementor-widget-heading\" data-id=\"ffbe5ed\" data-element_type=\"widget\" data-widget_type=\"heading.default\">\n\t\t\t\t<div class=\"elementor-widget-container\">\n\t\t\t<h1 class=\"elementor-heading-title elementor-size-default\">Na\u0161e e-shopy<\/h1>\t\t<\/div>\n\t\t\t\t<\/div>\n\t\t\t\t\t<\/div>\n\t\t\t\t<\/div>\n\t\t<div class=\"elementor-element elementor-element-da54813 elementor-hidden-mobile e-flex e-con-boxed e-con e-parent\" data-id=\"da54813\" data-element_type=\"container\" data-settings=\"{&quot;background_background&quot;:&quot;classic&quot;}\">\n\t\t\t\t\t<div class=\"e-con-inner\">\n\t\t<div class=\"elementor-element elementor-element-c9d540a e-grid e-con-full e-con e-child\" data-id=\"c9d540a\" data-element_type=\"container\">\n\t\t\t\t<div class=\"elementor-element elementor-element-0056d2a elementor-widget elementor-widget-image\" data-id=\"0056d2a\" data-element_type=\"widget\" data-widget_type=\"image.default\">\n\t\t\t\t<div class=\"elementor-widget-container\">\n\t\t\t\t\t\t\t\t\t\t\t\t\t\t<a href=\"https:\/\/clements-store.at\/\">\n\t\t\t\t\t\t\t<img decoding=\"async\" width=\"1024\" height=\"1024\" src=\"https:\/\/clements-store.at\/wp-content\/uploads\/2024\/09\/ClementsKratom_Neon.svg\" class=\"attachment-large size-large wp-image-1693 astra-logo-svg\" alt=\"\" loading=\"lazy\" \/>\t\t\t\t\t\t\t\t<\/a>\n\t\t\t\t\t\t\t\t\t\t\t\t\t<\/div>\n\t\t\t\t<\/div>\n\t\t\t\t<div class=\"elementor-element elementor-element-60c1bfb elementor-widget elementor-widget-image\" data-id=\"60c1bfb\" data-element_type=\"widget\" data-widget_type=\"image.default\">\n\t\t\t\t<div class=\"elementor-widget-container\">\n\t\t\t\t\t\t\t\t\t\t\t\t\t\t<a href=\"https:\/\/clements-store.cz\">\n\t\t\t\t\t\t\t<img loading=\"lazy\" decoding=\"async\" width=\"2869\" height=\"2895\" src=\"https:\/\/clements-store.at\/wp-content\/uploads\/2024\/09\/ClementsCBD_Neon.svg\" class=\"attachment-full size-full wp-image-1740\" alt=\"\" \/>\t\t\t\t\t\t\t\t<\/a>\n\t\t\t\t\t\t\t\t\t\t\t\t\t<\/div>\n\t\t\t\t<\/div>\n\t\t\t\t<\/div>\n\t\t\t\t\t<\/div>\n\t\t\t\t<\/div>\n\t\t<div class=\"elementor-element elementor-element-1379c5f elementor-hidden-mobile e-flex e-con-boxed e-con e-parent\" data-id=\"1379c5f\" data-element_type=\"container\" data-settings=\"{&quot;background_background&quot;:&quot;classic&quot;}\">\n\t\t\t\t\t<div class=\"e-con-inner\">\n\t\t<div class=\"elementor-element elementor-element-fedfae6 e-grid e-con-full e-con e-child\" data-id=\"fedfae6\" data-element_type=\"container\">\n\t\t\t\t<div class=\"elementor-element elementor-element-ed8289f elementor-widget elementor-widget-text-editor\" data-id=\"ed8289f\" data-element_type=\"widget\" data-widget_type=\"text-editor.default\">\n\t\t\t\t<div class=\"elementor-widget-container\">\n\t\t\t\t\t\t\t<h2 style=\"text-align: center;\"><span style=\"color: #ffffff;\">CLEMENTS-STORE.AT <img decoding=\"async\" class=\"emoji\" role=\"img\" draggable=\"false\" src=\"https:\/\/s.w.org\/images\/core\/emoji\/17.0.2\/svg\/1f1e6-1f1f9.svg\" alt=\"\ud83c\udde6\ud83c\uddf9\" loading=\"lazy\" \/><\/span><\/h2><h5 style=\"text-align: center;\"><span style=\"color: #ffffff; font-size: 1.125rem; font-style: inherit;\">E-shop zam\u011b\u0159en\u00fd na prodej kratomu do zem\u00ed, kde je kratom leg\u00e1ln\u00ed a neregulovan\u00fd. P\u0159es e-shop si m\u016f\u017ee\u0161 nechat z\u00e1silku poslat po Rakousku a N\u011bmecku, ale jsme schopn\u00ed po domluv\u011b manu\u00e1ln\u011b odes\u00edlat i do jin\u00fdch zem\u00ed. S\u00eddl\u00edme ve V\u00eddni v Rakousku, kde je mo\u017en\u00fd i osobn\u00ed odb\u011br po p\u0159ede\u0161l\u00e9 domluv\u011b.<\/span><\/h5><h5 style=\"text-align: center;\"><span style=\"color: #ffffff; font-size: 1.125rem; font-style: inherit;\">Do \u010cesk\u00e9 ani Slovensk\u00e9 republiky kratom neodes\u00edl\u00e1me skrz z\u00e1konnou regulaci. Ur\u010dit\u011b je ale mo\u017en\u00e9 si z\u00e1silku objednat na v\u00fddejn\u00ed m\u00edsto do Rakouska\/N\u011bmecka\/Ma\u010farska a tam si bal\u00edk n\u00e1sledn\u011b vyzvednout. N\u00e1sledn\u00e1 manipulace s kratomem je va\u0161\u00ed starost\u00ed a n\u00e1\u0161 obchod nenese zodpov\u011bdnost za dal\u0161\u00ed nakl\u00e1d\u00e1n\u00ed.<\/span><\/h5><h5 style=\"text-align: center;\"><span style=\"color: #ffffff; font-size: 1.125rem; font-style: inherit;\">P\u0159evoz na Slovensko je samoz\u0159ejm\u011b neleg\u00e1ln\u00ed (stejn\u011b jako do jin\u00e9 zem\u011b, kde je kratom na seznamu zak\u00e1zan\u00fdch l\u00e1tek), tak\u017ee pozor na to. Do \u010cesk\u00e9 republiky by m\u011blo b\u00fdt povolen\u00e9 p\u0159ev\u00e1\u017eet u sebe kratom v men\u0161\u00edm mno\u017estv\u00ed pro osobn\u00ed spot\u0159ebu, ale doporu\u010duji si zjistit aktu\u00e1ln\u00ed legislativu u sv\u00e9ho pr\u00e1vn\u00edka, p\u0159\u00edpadn\u011b se informovat u st\u00e1tn\u00edch \u00fa\u0159ad\u016f. Na import v\u011bt\u0161\u00edho mno\u017estv\u00ed pro obchodov\u00e1n\u00ed je samoz\u0159ejm\u011b pot\u0159eba PML licence a spln\u011bn\u00ed v\u0161ech povinnost\u00ed.<\/span><\/h5>\t\t\t\t\t\t<\/div>\n\t\t\t\t<\/div>\n\t\t\t\t<div class=\"elementor-element elementor-element-a090697 elementor-widget elementor-widget-text-editor\" data-id=\"a090697\" data-element_type=\"widget\" data-widget_type=\"text-editor.default\">\n\t\t\t\t<div class=\"elementor-widget-container\">\n\t\t\t\t\t\t\t<h2 style=\"text-align: center;\"><span style=\"color: #ffffff;\">CLEMENTS-STORE.CZ\u00a0<img decoding=\"async\" class=\"emoji\" role=\"img\" draggable=\"false\" src=\"https:\/\/s.w.org\/images\/core\/emoji\/17.0.2\/svg\/1f1e8-1f1ff.svg\" alt=\"\ud83c\udde8\ud83c\uddff\" loading=\"lazy\" \/><\/span><\/h2><h5 style=\"text-align: center;\"><span style=\"color: #ffffff;\">P\u016fvodn\u00ed e-shop zalo\u017een\u00fd v roce 2019, na kter\u00e9m jsme do za\u010d\u00e1tku regulace kratomu v \u010cR (listopad 2025) prod\u00e1vali prim\u00e1rn\u011b kratom. V dob\u011b psan\u00ed tohoto \u010dl\u00e1nku (leden 2026) je z\u00e1kaz online prodeje kratomu skrz neschopnost z\u00e1konod\u00e1rc\u016f skloubit z\u00e1kon o psychomodula\u010dn\u00edch l\u00e1tk\u00e1ch (regulace) se z\u00e1konem GDPR.\u00a0<\/span><\/h5><h5 style=\"text-align: center;\"><span style=\"color: #ffffff;\">Aktu\u00e1ln\u011b se zam\u011b\u0159ujeme prim\u00e1rn\u011b na CBD konopn\u00e9 produkty, bylinky, vonn\u00e9 ty\u010dinky, tri\u010dka, huli\u010dsk\u00e9 pot\u0159eby a spoustu dal\u0161\u00edho. Na e-shopu ani nem\u00e1me v\u0161e, tak n\u00e1m klidn\u011b napi\u0161, jestli sh\u00e1n\u00ed\u0161 n\u011bco, co na webu nevid\u00ed\u0161 v nab\u00eddce a m\u011bl by si o to z\u00e1jem.\u00a0<\/span><\/h5><h5 style=\"text-align: center;\"><span style=\"color: #ffffff;\">Kamenn\u00e1 prodejna (Kamenn\u00e1 1, Brno) &#8211; rubrika sama o sob\u011b. Skrz novou regulaci jsme byli nuceni prodejnu specializovat \u010dist\u011b na prodej PML (psychomodula\u010dn\u00edch l\u00e1tek = aktu\u00e1ln\u011b pouze kratom). Nov\u00fd z\u00e1kon zakazuje prodej jak\u00e9hokoliv jin\u00e9ho zbo\u017e\u00ed mimo kratom.<\/span><\/h5><h5 style=\"text-align: center;\"><span style=\"color: #ffffff;\">Tak\u017ee shrnuto podtr\u017eeno. Na \u010desk\u00e9m e-shopu si m\u016f\u017ee\u0161 nakoupit CBD a ostatn\u00ed produkty. Kratom je v \u010cesku u n\u00e1s mo\u017en\u00e9 koupit pouze ve specializovan\u00e9 kamenn\u00e9 prodejn\u011b na Kamenn\u00e9 1 v Brn\u011b.<\/span><\/h5>\t\t\t\t\t\t<\/div>\n\t\t\t\t<\/div>\n\t\t\t\t<\/div>\n\t\t\t\t\t<\/div>\n\t\t\t\t<\/div>\n\t\t<div class=\"elementor-element elementor-element-73156f7 elementor-hidden-mobile e-flex e-con-boxed e-con e-parent\" data-id=\"73156f7\" data-element_type=\"container\" data-settings=\"{&quot;background_background&quot;:&quot;classic&quot;}\">\n\t\t\t\t\t<div class=\"e-con-inner\">\n\t\t\t\t<div class=\"elementor-element elementor-element-e831e82 elementor-widget elementor-widget-text-editor\" data-id=\"e831e82\" data-element_type=\"widget\" data-widget_type=\"text-editor.default\">\n\t\t\t\t<div class=\"elementor-widget-container\">\n\t\t\t\t\t\t\t<h2 style=\"text-align: center;\"><span style=\"color: #ffffff;\">TL;DR \ud83e\udee9<br \/><\/span><\/h2><h2 style=\"text-align: center;\"><span style=\"color: #ffffff;\">CLEMENTS-STORE.AT <img decoding=\"async\" class=\"emoji\" role=\"img\" draggable=\"false\" src=\"https:\/\/s.w.org\/images\/core\/emoji\/17.0.2\/svg\/1f1e6-1f1f9.svg\" alt=\"\ud83c\udde6\ud83c\uddf9\" loading=\"lazy\" \/><\/span><\/h2><h2 style=\"text-align: center;\"><span style=\"color: #ffffff;\">Online i offline prodej kratomu po Rakousku, N\u011bmecku a zbytku EU, kde je kratom leg\u00e1ln\u00ed a neregulovan\u00fd. Vyzvednut\u00ed ve V\u00eddni 1200 nebo odesl\u00e1n\u00ed na <\/span><span style=\"color: #ffffff;\">adresu\/v\u00fddejn\u00ed m\u00edsto.<\/span><\/h2><h2 style=\"text-align: center;\"><span style=\"color: #ffffff;\">CLEMENTS-STORE.CZ\u00a0<img decoding=\"async\" class=\"emoji\" role=\"img\" draggable=\"false\" src=\"https:\/\/s.w.org\/images\/core\/emoji\/17.0.2\/svg\/1f1e8-1f1ff.svg\" alt=\"\ud83c\udde8\ud83c\uddff\" loading=\"lazy\" \/><\/span><\/h2><h2 style=\"text-align: center;\"><span style=\"color: #ffffff;\">Online i offline prodej CBD a dal\u0161\u00edch produkt\u016f po \u010cesku, Slovensku a zbytku EU. P\u0159es e-shop nebo po domluv\u011b. Vyzvednut\u00ed v Brn\u011b nebo odesl\u00e1n\u00ed na adresu\/v\u00fddejn\u00ed m\u00edsto.<\/span><\/h2><p>\u00a0<\/p><h2 style=\"text-align: center;\"><span style=\"color: #ffffff;\">KRATOM V \u010cR &#8211; PML SPECIALIZOVAN\u00c1 PRODEJNA <img decoding=\"async\" class=\"emoji\" role=\"img\" draggable=\"false\" src=\"https:\/\/s.w.org\/images\/core\/emoji\/17.0.2\/svg\/1f1e8-1f1ff.svg\" alt=\"\ud83c\udde8\ud83c\uddff\" loading=\"lazy\" \/><\/span><\/h2><h2 style=\"text-align: center;\"><span style=\"color: #ffffff;\">V \u010cesk\u00e9 republice je mo\u017en\u00e9 koupit kratom pouze v licencovan\u00fdch prodejn\u00e1ch psychomodula\u010dn\u00edch l\u00e1tek. <br \/>My jednu takovou prodejnu m\u00e1me na adrese Kamenn\u00e1 1, Brno.<\/span><\/h2>\t\t\t\t\t\t<\/div>\n\t\t\t\t<\/div>\n\t\t\t\t\t<\/div>\n\t\t\t\t<\/div>\n\t\t\t\t<\/div>\n\t\t","protected":false},"excerpt":{"rendered":"<p>Dom\u016f O n\u00e1s &#8211; aneb kde koupit co? Historie obch\u016fdku Clement&#8217;s Store (kamenn\u00fd obchod v Brn\u011b) byl ofici\u00e1ln\u011b otev\u0159en 01. 08. 2019. Co se t\u00fd\u010de samotn\u00e9ho n\u00e1padu a realizace, tak ta za\u010dala ji\u017e 20. 04. 2019. P\u016fvodn\u00ed my\u0161lenka prodeje r\u016fzn\u00fdch huli\u010dsk\u00fdch pot\u0159eb a bylinek byla v na\u0161\u00ed rodin\u011b dlouho. Ale nebyl kapit\u00e1l ani motivace za\u010d\u00edt. [&hellip;]<\/p>\n","protected":false},"author":1,"featured_media":0,"parent":0,"menu_order":0,"comment_status":"closed","ping_status":"closed","template":"","meta":{"inline_featured_image":false,"site-sidebar-layout":"no-sidebar","site-content-layout":"page-builder","ast-site-content-layout":"","site-content-style":"default","site-sidebar-style":"default","ast-global-header-display":"","ast-banner-title-visibility":"","ast-main-header-display":"","ast-hfb-above-header-display":"","ast-hfb-below-header-display":"","ast-hfb-mobile-header-display":"","site-post-title":"disabled","ast-breadcrumbs-content":"","ast-featured-img":"disabled","footer-sml-layout":"","theme-transparent-header-meta":"enabled","adv-header-id-meta":"","stick-header-meta":"","header-above-stick-meta":"","header-main-stick-meta":"","header-below-stick-meta":"","astra-migrate-meta-layouts":"default","ast-page-background-enabled":"default","ast-page-background-meta":{"desktop":{"background-color":"var(--ast-global-color-4)","background-image":"","background-repeat":"repeat","background-position":"center center","background-size":"auto","background-attachment":"scroll","background-type":"","background-media":"","overlay-type":"","overlay-color":"","overlay-opacity":"","overlay-gradient":""},"tablet":{"background-color":"","background-image":"","background-repeat":"repeat","background-position":"center center","background-size":"auto","background-attachment":"scroll","background-type":"","background-media":"","overlay-type":"","overlay-color":"","overlay-opacity":"","overlay-gradient":""},"mobile":{"background-color":"","background-image":"","background-repeat":"repeat","background-position":"center center","background-size":"auto","background-attachment":"scroll","background-type":"","background-media":"","overlay-type":"","overlay-color":"","overlay-opacity":"","overlay-gradient":""}},"ast-content-background-meta":{"desktop":{"background-color":"var(--ast-global-color-5)","background-image":"","background-repeat":"repeat","background-position":"center center","background-size":"auto","background-attachment":"scroll","background-type":"","background-media":"","overlay-type":"","overlay-color":"","overlay-opacity":"","overlay-gradient":""},"tablet":{"background-color":"var(--ast-global-color-5)","background-image":"","background-repeat":"repeat","background-position":"center center","background-size":"auto","background-attachment":"scroll","background-type":"","background-media":"","overlay-type":"","overlay-color":"","overlay-opacity":"","overlay-gradient":""},"mobile":{"background-color":"var(--ast-global-color-5)","background-image":"","background-repeat":"repeat","background-position":"center center","background-size":"auto","background-attachment":"scroll","background-type":"","background-media":"","overlay-type":"","overlay-color":"","overlay-opacity":"","overlay-gradient":""}},"footnotes":""},"class_list":["post-1318","page","type-page","status-publish","hentry"],"_links":{"self":[{"href":"https:\/\/clements-store.at\/cz\/wp-json\/wp\/v2\/pages\/1318","targetHints":{"allow":["GET"]}}],"collection":[{"href":"https:\/\/clements-store.at\/cz\/wp-json\/wp\/v2\/pages"}],"about":[{"href":"https:\/\/clements-store.at\/cz\/wp-json\/wp\/v2\/types\/page"}],"author":[{"embeddable":true,"href":"https:\/\/clements-store.at\/cz\/wp-json\/wp\/v2\/users\/1"}],"replies":[{"embeddable":true,"href":"https:\/\/clements-store.at\/cz\/wp-json\/wp\/v2\/comments?post=1318"}],"version-history":[{"count":30,"href":"https:\/\/clements-store.at\/cz\/wp-json\/wp\/v2\/pages\/1318\/revisions"}],"predecessor-version":[{"id":6354,"href":"https:\/\/clements-store.at\/cz\/wp-json\/wp\/v2\/pages\/1318\/revisions\/6354"}],"wp:attachment":[{"href":"https:\/\/clements-store.at\/cz\/wp-json\/wp\/v2\/media?parent=1318"}],"curies":[{"name":"wp","href":"https:\/\/api.w.org\/{rel}","templated":true}]}}